{"id":52664,"date":"2025-03-18T15:43:59","date_gmt":"2025-03-18T12:43:59","guid":{"rendered":"https:\/\/conunique.com\/urun\/iznik-lamba-bir-zanaatkarlik-ve-isigin-saheseri\/"},"modified":"2025-03-18T15:43:59","modified_gmt":"2025-03-18T12:43:59","slug":"iznik-lamba-bir-zanaatkarlik-ve-isigin-saheseri","status":"publish","type":"product","link":"https:\/\/conunique.com\/tr\/\u00fcr\u00fcn\/iznik-lamba-bir-zanaatkarlik-ve-isigin-saheseri\/","title":{"rendered":"\u0130znik Lamba &#8211; Bir Zanaatk\u00e2rl\u0131k ve I\u015f\u0131\u011f\u0131n \u015eaheseri."},"content":{"rendered":"<p data-start=\"455\" data-end=\"626\">Bu muazzam el yap\u0131m\u0131 pirin\u00e7 fener, g\u00fczel ve parlak bir \u0131\u015f\u0131k yaratan ince detaylarla i\u015flenmi\u015f karma\u015f\u0131k desenlere sahiptir. Zengin pirin\u00e7 ve zarif tasar\u0131m \u00f6\u011felerinin birle\u015fimi, her mek\u00e2na sofistike ve zarif bir hava katar. S\u0131cak ve davetk\u00e2r bir atmosfer olu\u015fturmak i\u00e7in m\u00fckemmel olan bu fener, geleneksel ya da modern i\u00e7 mekanlar i\u00e7in idealdir ve evlere, otellere veya \u015f\u0131k resepsiyon salonlar\u0131na l\u00fcks bir dokunu\u015f ekler.  <\/p>\n","protected":false},"excerpt":{"rendered":"<p data-start=\"64\" data-end=\"453\">Bu b\u00fcy\u00fcleyici el yap\u0131m\u0131 pirin\u00e7 fener ile mekan\u0131n\u0131z\u0131 ayd\u0131nlat\u0131n, l\u00fcks ve gelenekselin \u00f6z\u00fcn\u00fc yakalayacak \u015fekilde tasarlanm\u0131\u015ft\u0131r. \u0130nce detaylar\u0131 ve muazzam pirin\u00e7 kaplamas\u0131, oday\u0131 s\u0131cakl\u0131k ve sofistike bir \u015fekilde \u0131\u015f\u0131ldatan parlak bir \u0131\u015f\u0131k yarat\u0131r. G\u00fczel i\u015f\u00e7ilik ve s\u00fcsl\u00fc desenler, asil bir cazibe katarak, her t\u00fcrl\u00fc zarif mek\u00e2n i\u00e7in m\u00fckemmel bir vurgu par\u00e7as\u0131 yapar.  <\/p>\n<p data-start=\"455\" data-end=\"626\">Oturma odalar\u0131, b\u00fcy\u00fck salonlar veya l\u00fcks oteller i\u00e7in ideal olan bu fener, hem estetik hem de i\u015flevsellik sunar, herhangi bir ortam\u0131 huzurlu ve davetkar bir atmosfere d\u00f6n\u00fc\u015ft\u00fcr\u00fcr.<\/p>\n<p data-start=\"480\" data-end=\"663\"><strong data-start=\"480\" data-end=\"497\">Ana \u00d6zellikler:<br data-start=\"497\" data-end=\"500\"><\/strong><strong data-start=\"503\" data-end=\"560\">\ud83d\udd39 Y\u00fcksek kaliteli pirin\u00e7ten el yap\u0131m\u0131, detayl\u0131 desenlerle<br data-start=\"560\" data-end=\"563\"><\/strong><strong data-start=\"566\" data-end=\"614\">\ud83d\udd39 Atmosferi iyile\u015ftiren yumu\u015fak, s\u0131cak bir \u0131\u015f\u0131k<br data-start=\"614\" data-end=\"617\"><\/strong><strong data-start=\"620\" data-end=\"661\">\ud83d\udd39 Herhangi bir odaya zarafet katmak i\u00e7in ideal<\/strong><\/p>\n<p data-start=\"665\" data-end=\"723\" data-is-last-node=\"\" data-is-only-node=\"\"><strong data-start=\"665\" data-end=\"723\" data-is-last-node=\"\">Bug\u00fcn mekan\u0131n\u0131za zamans\u0131z g\u00fczellik ve \u0131\u015f\u0131k getirin!<\/strong><\/p>\n","protected":false},"featured_media":52520,"comment_status":"open","ping_status":"closed","template":"","meta":[],"product_brand":[],"product_cat":[385,388],"product_tag":[654],"class_list":{"0":"post-52664","1":"product","2":"type-product","3":"status-publish","4":"has-post-thumbnail","6":"product_cat-oryantal","7":"product_cat-sarkit-lambalar","8":"product_tag-iznik-pirinc-fener","9":"pa_color-altin","10":"pa_color-antika","11":"pa_color-gumus","12":"pa_material-cam","13":"pa_material-metal-tr","14":"description-off","16":"first","17":"instock","18":"shipping-taxable","19":"product-type-simple"},"_links":{"self":[{"href":"https:\/\/conunique.com\/tr\/wp-json\/wp\/v2\/product\/52664","targetHints":{"allow":["GET"]}}],"collection":[{"href":"https:\/\/conunique.com\/tr\/wp-json\/wp\/v2\/product"}],"about":[{"href":"https:\/\/conunique.com\/tr\/wp-json\/wp\/v2\/types\/product"}],"replies":[{"embeddable":true,"href":"https:\/\/conunique.com\/tr\/wp-json\/wp\/v2\/comments?post=52664"}],"version-history":[{"count":0,"href":"https:\/\/conunique.com\/tr\/wp-json\/wp\/v2\/product\/52664\/revisions"}],"wp:featuredmedia":[{"embeddable":true,"href":"https:\/\/conunique.com\/tr\/wp-json\/wp\/v2\/media\/52520"}],"wp:attachment":[{"href":"https:\/\/conunique.com\/tr\/wp-json\/wp\/v2\/media?parent=52664"}],"wp:term":[{"taxonomy":"product_brand","embeddable":true,"href":"https:\/\/conunique.com\/tr\/wp-json\/wp\/v2\/product_brand?post=52664"},{"taxonomy":"product_cat","embeddable":true,"href":"https:\/\/conunique.com\/tr\/wp-json\/wp\/v2\/product_cat?post=52664"},{"taxonomy":"product_tag","embeddable":true,"href":"https:\/\/conunique.com\/tr\/wp-json\/wp\/v2\/product_tag?post=52664"}],"curies":[{"name":"wp","href":"https:\/\/api.w.org\/{rel}","templated":true}]}}