{"id":52649,"date":"2025-03-18T00:09:21","date_gmt":"2025-03-17T21:09:21","guid":{"rendered":"https:\/\/conunique.com\/urun\/klasik-arap-tasarimli-luks-duvar-apligi\/"},"modified":"2025-03-18T00:09:21","modified_gmt":"2025-03-17T21:09:21","slug":"klasik-arap-tasarimli-luks-duvar-apligi","status":"publish","type":"product","link":"https:\/\/conunique.com\/tr\/\u00fcr\u00fcn\/klasik-arap-tasarimli-luks-duvar-apligi\/","title":{"rendered":"Klasik Arap Tasar\u0131ml\u0131 L\u00fcks Duvar Apli\u011fi."},"content":{"rendered":"<p>Arap esintili tasar\u0131ma sahip zarif bir duvar apli\u011fi, detayl\u0131 metal i\u015f\u00e7ili\u011fi ve s\u0131cak bir \u0131\u015f\u0131k yayan cam abajur ile \u00fcretilmi\u015ftir. Koridorlar, meclisler ve l\u00fcks i\u00e7 mek\u00e2nlar i\u00e7in idealdir. <\/p>\n","protected":false},"excerpt":{"rendered":"<p>Geleneksel Arap sanat\u0131ndan ilham alan klasik tasar\u0131ma sahip zarif bir duvar apli\u011fi. \u0130nce i\u015f\u00e7ilikle \u015fekillendirilmi\u015f metal ve dekoratif s\u00fcslemelerle \u00fcretilmi\u015ftir, s\u0131cak ve yumu\u015fak bir \u0131\u015f\u0131k yayan cam abajur i\u00e7erir. Koridorlar, meclisler ve l\u00fcks otellerin atmosferini zarafetle tamamlamak i\u00e7in m\u00fckemmel bir se\u00e7imdir.  <\/p>\n","protected":false},"featured_media":52397,"comment_status":"open","ping_status":"closed","template":"","meta":[],"product_brand":[],"product_cat":[395,389],"product_tag":[639],"class_list":{"0":"post-52649","1":"product","2":"type-product","3":"status-publish","4":"has-post-thumbnail","6":"product_cat-duvar-lambalari","7":"product_cat-modern-tr","8":"product_tag-luks-duvar-apligi","9":"pa_color-altin","10":"pa_color-antika","11":"pa_color-gumus","12":"pa_material-cam","13":"pa_material-metal-tr","14":"description-off","16":"first","17":"instock","18":"shipping-taxable","19":"product-type-simple"},"_links":{"self":[{"href":"https:\/\/conunique.com\/tr\/wp-json\/wp\/v2\/product\/52649","targetHints":{"allow":["GET"]}}],"collection":[{"href":"https:\/\/conunique.com\/tr\/wp-json\/wp\/v2\/product"}],"about":[{"href":"https:\/\/conunique.com\/tr\/wp-json\/wp\/v2\/types\/product"}],"replies":[{"embeddable":true,"href":"https:\/\/conunique.com\/tr\/wp-json\/wp\/v2\/comments?post=52649"}],"version-history":[{"count":0,"href":"https:\/\/conunique.com\/tr\/wp-json\/wp\/v2\/product\/52649\/revisions"}],"wp:featuredmedia":[{"embeddable":true,"href":"https:\/\/conunique.com\/tr\/wp-json\/wp\/v2\/media\/52397"}],"wp:attachment":[{"href":"https:\/\/conunique.com\/tr\/wp-json\/wp\/v2\/media?parent=52649"}],"wp:term":[{"taxonomy":"product_brand","embeddable":true,"href":"https:\/\/conunique.com\/tr\/wp-json\/wp\/v2\/product_brand?post=52649"},{"taxonomy":"product_cat","embeddable":true,"href":"https:\/\/conunique.com\/tr\/wp-json\/wp\/v2\/product_cat?post=52649"},{"taxonomy":"product_tag","embeddable":true,"href":"https:\/\/conunique.com\/tr\/wp-json\/wp\/v2\/product_tag?post=52649"}],"curies":[{"name":"wp","href":"https:\/\/api.w.org\/{rel}","templated":true}]}}