{"id":52610,"date":"2025-03-18T18:40:41","date_gmt":"2025-03-18T15:40:41","guid":{"rendered":"https:\/\/conunique.com\/urun\/zarif-detaylara-sahip-luks-dogu-tarzi-avize\/"},"modified":"2025-03-18T18:40:41","modified_gmt":"2025-03-18T15:40:41","slug":"zarif-detaylara-sahip-luks-dogu-tarzi-avize","status":"publish","type":"product","link":"https:\/\/conunique.com\/tr\/\u00fcr\u00fcn\/zarif-detaylara-sahip-luks-dogu-tarzi-avize\/","title":{"rendered":"Zarif detaylara sahip l\u00fcks do\u011fu tarz\u0131 avize."},"content":{"rendered":"<p class=\"p1\">\u0130nce i\u015flenmi\u015f metal detaylara ve as\u0131l\u0131 fenerlere sahip nefes kesici bir avize, b\u00fcy\u00fcleyici \u0131\u015f\u0131k desenleri yayar. L\u00fcks ve zarafeti \u00fcst d\u00fczey i\u00e7 mekanlara eklemek i\u00e7in m\u00fckemmel bir se\u00e7im. <\/p>\n","protected":false},"excerpt":{"rendered":"<p class=\"p1\">Geleneksel Arap zanaatk\u00e2rl\u0131\u011f\u0131ndan ilham alan g\u00f6z al\u0131c\u0131 bir \u015faheser olan bu avize, b\u00fcy\u00fcleyici \u0131\u015f\u0131k desenleri yayan ince perforasyonlu metal i\u015f\u00e7ili\u011fiyle \u00f6ne \u00e7\u0131k\u0131yor. M\u00fckemmel uyum i\u00e7inde d\u00fczenlenmi\u015f birden fazla as\u0131l\u0131 feneriyle, mekana zarafet ve ihti\u015fam kat\u0131yor, onu saraylar, oteller ve l\u00fcks i\u00e7 mekanlar i\u00e7in ideal bir merkez par\u00e7as\u0131 haline getiriyor. <\/p>\n","protected":false},"featured_media":52561,"comment_status":"open","ping_status":"closed","template":"","meta":[],"product_brand":[],"product_cat":[385,388],"product_tag":[605],"class_list":{"0":"post-52610","1":"product","2":"type-product","3":"status-publish","4":"has-post-thumbnail","6":"product_cat-oryantal","7":"product_cat-sarkit-lambalar","8":"product_tag-zarif-detaylara-sahip-luks-dogu-tarzi-avize","9":"pa_color-altin","10":"pa_color-antika","11":"pa_color-gumus","12":"pa_material-cam","13":"pa_material-metal-tr","14":"description-off","16":"first","17":"instock","18":"shipping-taxable","19":"product-type-simple"},"_links":{"self":[{"href":"https:\/\/conunique.com\/tr\/wp-json\/wp\/v2\/product\/52610","targetHints":{"allow":["GET"]}}],"collection":[{"href":"https:\/\/conunique.com\/tr\/wp-json\/wp\/v2\/product"}],"about":[{"href":"https:\/\/conunique.com\/tr\/wp-json\/wp\/v2\/types\/product"}],"replies":[{"embeddable":true,"href":"https:\/\/conunique.com\/tr\/wp-json\/wp\/v2\/comments?post=52610"}],"version-history":[{"count":0,"href":"https:\/\/conunique.com\/tr\/wp-json\/wp\/v2\/product\/52610\/revisions"}],"wp:featuredmedia":[{"embeddable":true,"href":"https:\/\/conunique.com\/tr\/wp-json\/wp\/v2\/media\/52561"}],"wp:attachment":[{"href":"https:\/\/conunique.com\/tr\/wp-json\/wp\/v2\/media?parent=52610"}],"wp:term":[{"taxonomy":"product_brand","embeddable":true,"href":"https:\/\/conunique.com\/tr\/wp-json\/wp\/v2\/product_brand?post=52610"},{"taxonomy":"product_cat","embeddable":true,"href":"https:\/\/conunique.com\/tr\/wp-json\/wp\/v2\/product_cat?post=52610"},{"taxonomy":"product_tag","embeddable":true,"href":"https:\/\/conunique.com\/tr\/wp-json\/wp\/v2\/product_tag?post=52610"}],"curies":[{"name":"wp","href":"https:\/\/api.w.org\/{rel}","templated":true}]}}