{"id":52310,"date":"2025-03-17T13:07:22","date_gmt":"2025-03-17T10:07:22","guid":{"rendered":"https:\/\/conunique.com\/urun\/pirinc-yildiz-avizesi-essiz-bir-aydinlatma-saheseri\/"},"modified":"2025-03-17T13:07:22","modified_gmt":"2025-03-17T10:07:22","slug":"pirinc-yildiz-avizesi-essiz-bir-aydinlatma-saheseri","status":"publish","type":"product","link":"https:\/\/conunique.com\/tr\/\u00fcr\u00fcn\/pirinc-yildiz-avizesi-essiz-bir-aydinlatma-saheseri\/","title":{"rendered":"Pirin\u00e7 Y\u0131ld\u0131z Avizesi \u2013 E\u015fsiz Bir Ayd\u0131nlatma \u015eaheseri"},"content":{"rendered":"<p data-start=\"61\" data-end=\"239\">Y\u0131ld\u0131zlar\u0131n g\u00fczelli\u011finden ilham alan el yap\u0131m\u0131 geometrik bir harika, y\u00fcksek kaliteli pirin\u00e7 ve camdan \u00fcretilmi\u015ftir, s\u0131cak ve b\u00fcy\u00fcleyici bir \u0131\u015f\u0131k yayar. Herhangi bir alan i\u00e7in \u015f\u0131k bir ba\u015fyap\u0131t par\u00e7as\u0131d\u0131r. <\/p>\n<p data-start=\"241\" data-end=\"291\" data-is-last-node=\"\" data-is-only-node=\"\"><strong data-start=\"241\" data-end=\"291\" data-is-last-node=\"\">\u2728 Tavan\u0131n\u0131z\u0131 g\u00f6ksel bir cazibe ile parlat\u0131n!<\/strong><\/p>\n","protected":false},"excerpt":{"rendered":"<p><strong>Pirin\u00e7 Y\u0131ld\u0131z Avizesi \u2013 I\u015f\u0131ldayan Bir Zarafet \u015eaheseri<\/strong><\/p>\n<p>Pirin\u00e7 Y\u0131ld\u0131z Avizesi ile mekan\u0131n\u0131z\u0131 zenginle\u015ftirin, <strong>y\u00fcksek kaliteli pirin\u00e7<\/strong> ve camdan yap\u0131lm\u0131\u015f el yap\u0131m\u0131 geometrik bir harika. Y\u0131ld\u0131zlar\u0131n g\u00f6ksel g\u00fczelli\u011finden ilham alarak, bu avize geleneksel zanaatkarl\u0131kla \u00e7a\u011fda\u015f zarafeti birle\u015ftirir ve dekorasyonunda sofistikasyon ve incelik arayanlar i\u00e7in m\u00fckemmel bir se\u00e7imdir. <\/p>\n<p>Dengeli yap\u0131s\u0131, \u0131\u015f\u0131\u011f\u0131n \u015feffaf camdan g\u00fczel bir \u015fekilde yans\u0131mas\u0131n\u0131 sa\u011flar, s\u0131cak ve davetkar bir parlama yarat\u0131r. Ev ortam\u0131n\u0131z\u0131 zenginle\u015ftirmek, l\u00fcks bir otelde zarif bir dokunu\u015f eklemek veya \u015f\u0131k bir resepsiyon salonunun ihti\u015fam\u0131n\u0131 art\u0131rmak istiyorsan\u0131z, bu avize l\u00fcks\u00fcn en m\u00fckemmel ifadesidir. <\/p>\n<h3><strong>Neden Pirin\u00e7 Y\u0131ld\u0131z Avizesini Tercih Etmelisiniz?<\/strong><\/h3>\n<p><strong>\ud83d\udd39 Etkileyici geometrik tasar\u0131m, y\u0131ld\u0131zlar\u0131n parlakl\u0131\u011f\u0131ndan ilham al\u0131r<br \/>\n<\/strong><strong>\ud83d\udd39 Dayan\u0131kl\u0131l\u0131k ve zarafet i\u00e7in y\u00fcksek kaliteli pirin\u00e7ten el yap\u0131m\u0131<br \/>\n<\/strong><strong>\ud83d\udd39 Her mek\u00e2n\u0131 d\u00f6n\u00fc\u015ft\u00fcren s\u0131cak ve b\u00fcy\u00fcleyici ayd\u0131nlatma<br \/>\n<\/strong>\ud83d\udd39 L\u00fcks i\u00e7 mekanlar i\u00e7in m\u00fckemmel bir se\u00e7im    <strong>Saraylar, l\u00fcks oteller, b\u00fcy\u00fck salonlar ve \u015f\u0131k i\u00e7 mekanlar i\u00e7in ideal<\/strong><\/p>\n<p><strong>\u2728 Y\u0131ld\u0131zlar\u0131n parlakl\u0131\u011f\u0131n\u0131 bug\u00fcn mekan\u0131n\u0131za getirin!<\/strong><\/p>\n","protected":false},"featured_media":52298,"comment_status":"open","ping_status":"closed","template":"","meta":[],"product_brand":[],"product_cat":[389,390],"product_tag":[582],"class_list":{"0":"post-52310","1":"product","2":"type-product","3":"status-publish","4":"has-post-thumbnail","6":"product_cat-modern-tr","7":"product_cat-sarkit-lambalar-tr","8":"product_tag-yildiz-avizesi","9":"pa_color-altin","10":"pa_color-antika","11":"pa_color-gumus","12":"pa_material-cam","13":"pa_material-metal-tr","14":"description-off","16":"first","17":"instock","18":"shipping-taxable","19":"product-type-simple"},"_links":{"self":[{"href":"https:\/\/conunique.com\/tr\/wp-json\/wp\/v2\/product\/52310","targetHints":{"allow":["GET"]}}],"collection":[{"href":"https:\/\/conunique.com\/tr\/wp-json\/wp\/v2\/product"}],"about":[{"href":"https:\/\/conunique.com\/tr\/wp-json\/wp\/v2\/types\/product"}],"replies":[{"embeddable":true,"href":"https:\/\/conunique.com\/tr\/wp-json\/wp\/v2\/comments?post=52310"}],"version-history":[{"count":0,"href":"https:\/\/conunique.com\/tr\/wp-json\/wp\/v2\/product\/52310\/revisions"}],"wp:featuredmedia":[{"embeddable":true,"href":"https:\/\/conunique.com\/tr\/wp-json\/wp\/v2\/media\/52298"}],"wp:attachment":[{"href":"https:\/\/conunique.com\/tr\/wp-json\/wp\/v2\/media?parent=52310"}],"wp:term":[{"taxonomy":"product_brand","embeddable":true,"href":"https:\/\/conunique.com\/tr\/wp-json\/wp\/v2\/product_brand?post=52310"},{"taxonomy":"product_cat","embeddable":true,"href":"https:\/\/conunique.com\/tr\/wp-json\/wp\/v2\/product_cat?post=52310"},{"taxonomy":"product_tag","embeddable":true,"href":"https:\/\/conunique.com\/tr\/wp-json\/wp\/v2\/product_tag?post=52310"}],"curies":[{"name":"wp","href":"https:\/\/api.w.org\/{rel}","templated":true}]}}