{"id":50636,"date":"2024-04-29T13:19:43","date_gmt":"2024-04-29T10:19:43","guid":{"rendered":"https:\/\/conunique.com\/urun\/sarkit-isik-kablolu\/"},"modified":"2024-05-15T12:43:20","modified_gmt":"2024-05-15T09:43:20","slug":"sarkit-isik-kablolu","status":"publish","type":"product","link":"https:\/\/conunique.com\/tr\/\u00fcr\u00fcn\/sarkit-isik-kablolu\/","title":{"rendered":"Sark\u0131t I\u015f\u0131k Kablolu"},"content":{"rendered":"\t\t<div data-elementor-type=\"product-post\" data-elementor-id=\"50636\" class=\"elementor elementor-50636 elementor-48742\" data-elementor-post-type=\"product\">\n\t\t\t\t\t\t<section class=\"elementor-section elementor-top-section elementor-element elementor-element-2d018b1 elementor-section-boxed elementor-section-height-default elementor-section-height-default\" data-id=\"2d018b1\" data-element_type=\"section\" data-e-type=\"section\">\n\t\t\t\t\t\t<div class=\"elementor-container elementor-column-gap-wide\">\n\t\t\t\t\t<div class=\"elementor-column elementor-col-50 elementor-top-column elementor-element elementor-element-0125e24\" data-id=\"0125e24\" data-element_type=\"column\" data-e-type=\"column\">\n\t\t\t<div class=\"elementor-widget-wrap elementor-element-populated\">\n\t\t\t\t\t\t<div class=\"elementor-element elementor-element-f657f41 elementor-widget elementor-widget-text-editor\" data-id=\"f657f41\" data-element_type=\"widget\" data-e-type=\"widget\" data-widget_type=\"text-editor.default\">\n\t\t\t\t<div class=\"elementor-widget-container\">\n\t\t\t\t\t\t\t\t\t<p>Kar\u015f\u0131n\u0131zda b\u00fcy\u00fcleyici Fas Avizemiz. Hassasiyetle el yap\u0131m\u0131 olan bu \u00fcr\u00fcn, gelene\u011fi modern zarafetle harmanl\u0131yor. Her alan i\u00e7in m\u00fckemmeldir. B\u00fcy\u00fcleyici g\u00fczelli\u011fi ile d\u00fcnyan\u0131z\u0131 ayd\u0131nlat\u0131n.<\/p>\n\t\t\t\t\t\t\t\t<\/div>\n\t\t\t\t<\/div>\n\t\t\t\t\t<\/div>\n\t\t<\/div>\n\t\t\t\t<div class=\"elementor-column elementor-col-50 elementor-top-column elementor-element elementor-element-929b4ac\" data-id=\"929b4ac\" data-element_type=\"column\" data-e-type=\"column\">\n\t\t\t<div class=\"elementor-widget-wrap elementor-element-populated\">\n\t\t\t\t\t\t<div class=\"elementor-element elementor-element-673d0e8 elementor-widget__width-initial elementor-widget elementor-widget-image\" data-id=\"673d0e8\" data-element_type=\"widget\" data-e-type=\"widget\" data-widget_type=\"image.default\">\n\t\t\t\t<div class=\"elementor-widget-container\">\n\t\t\t\t\t\t\t\t\t\t\t\t\t\t\t\t<a href=\"https:\/\/conunique.com\/wp-content\/uploads\/2024\/04\/RRtitled-1.jpg\" data-elementor-open-lightbox=\"yes\" data-elementor-lightbox-title=\"RRtitled-1\" data-e-action-hash=\"#elementor-action%3Aaction%3Dlightbox%26settings%3DeyJpZCI6NDg3MzksInVybCI6Imh0dHBzOlwvXC9jb251bmlxdWUuY29tXC93cC1jb250ZW50XC91cGxvYWRzXC8yMDI0XC8wNFwvUlJ0aXRsZWQtMS5qcGcifQ%3D%3D\">\n\t\t\t\t\t\t\t<img fetchpriority=\"high\" decoding=\"async\" width=\"900\" height=\"1200\" src=\"https:\/\/conunique.com\/wp-content\/uploads\/2024\/04\/RRtitled-1.jpg\" class=\"attachment-full size-full wp-image-48739\" alt=\"\" srcset=\"https:\/\/conunique.com\/wp-content\/uploads\/2024\/04\/RRtitled-1.jpg 900w, https:\/\/conunique.com\/wp-content\/uploads\/2024\/04\/RRtitled-1-225x300.jpg 225w, https:\/\/conunique.com\/wp-content\/uploads\/2024\/04\/RRtitled-1-768x1024.jpg 768w, https:\/\/conunique.com\/wp-content\/uploads\/2024\/04\/RRtitled-1-600x800.jpg 600w\" sizes=\"(max-width: 900px) 100vw, 900px\" \/>\t\t\t\t\t\t\t\t<\/a>\n\t\t\t\t\t\t\t\t\t\t\t\t\t\t\t<\/div>\n\t\t\t\t<\/div>\n\t\t\t\t<div class=\"elementor-element elementor-element-4924577 elementor-widget__width-initial elementor-widget elementor-widget-image\" data-id=\"4924577\" data-element_type=\"widget\" data-e-type=\"widget\" data-widget_type=\"image.default\">\n\t\t\t\t<div class=\"elementor-widget-container\">\n\t\t\t\t\t\t\t\t\t\t\t\t\t\t\t\t<a href=\"https:\/\/conunique.com\/wp-content\/uploads\/2024\/04\/1titled-1.jpg\" data-elementor-open-lightbox=\"yes\" data-elementor-lightbox-title=\"1titled-1\" data-e-action-hash=\"#elementor-action%3Aaction%3Dlightbox%26settings%3DeyJpZCI6NDg3NDEsInVybCI6Imh0dHBzOlwvXC9jb251bmlxdWUuY29tXC93cC1jb250ZW50XC91cGxvYWRzXC8yMDI0XC8wNFwvMXRpdGxlZC0xLmpwZyJ9\">\n\t\t\t\t\t\t\t<img decoding=\"async\" width=\"900\" height=\"1200\" src=\"https:\/\/conunique.com\/wp-content\/uploads\/2024\/04\/1titled-1.jpg\" class=\"attachment-full size-full wp-image-48741\" alt=\"\" srcset=\"https:\/\/conunique.com\/wp-content\/uploads\/2024\/04\/1titled-1.jpg 900w, https:\/\/conunique.com\/wp-content\/uploads\/2024\/04\/1titled-1-225x300.jpg 225w, https:\/\/conunique.com\/wp-content\/uploads\/2024\/04\/1titled-1-768x1024.jpg 768w, https:\/\/conunique.com\/wp-content\/uploads\/2024\/04\/1titled-1-600x800.jpg 600w\" sizes=\"(max-width: 900px) 100vw, 900px\" \/>\t\t\t\t\t\t\t\t<\/a>\n\t\t\t\t\t\t\t\t\t\t\t\t\t\t\t<\/div>\n\t\t\t\t<\/div>\n\t\t\t\t\t<\/div>\n\t\t<\/div>\n\t\t\t\t\t<\/div>\n\t\t<\/section>\n\t\t\t\t<\/div>\n\t\t","protected":false},"excerpt":{"rendered":"<p>&#8220;Enfes Fas Oyma Avizemizle tan\u0131\u015f\u0131n. M\u00fckemmellik i\u00e7in el yap\u0131m\u0131 olan bu avize, geleneksel sanat\u0131 modern zarafetle birle\u015ftiriyor. B\u00fcy\u00fcleyici tasar\u0131m\u0131 ve l\u00fcks bronz kaplamas\u0131yla her t\u00fcrl\u00fc alan\u0131 g\u00fczelle\u015ftirin. Restoranlar, kafeler, oteller ve yatak odalar\u0131 i\u00e7in m\u00fckemmel olan bu avize, sofistike ve gizemli bir dokunu\u015f katar. B\u00fcy\u00fcleyici g\u00fczelli\u011fi ile d\u00fcnyan\u0131z\u0131 ayd\u0131nlat\u0131n ve bir stil ve l\u00fcks cenneti yarat\u0131n.&#8221;<\/p>\n<ul>\n<li><strong>100 \u00c7evre Dostu<\/strong><\/li>\n<li><strong>El yap\u0131m\u0131 &amp; Bak\u0131r<\/strong><\/li>\n<\/ul>\n","protected":false},"featured_media":50637,"comment_status":"open","ping_status":"closed","template":"","meta":[],"product_brand":[],"product_cat":[395,389],"product_tag":[414],"class_list":{"0":"post-50636","1":"product","2":"type-product","3":"status-publish","4":"has-post-thumbnail","6":"product_cat-duvar-lambalari","7":"product_cat-modern-tr","8":"product_tag-bakir","10":"first","11":"instock","12":"shipping-taxable","13":"product-type-simple"},"_links":{"self":[{"href":"https:\/\/conunique.com\/tr\/wp-json\/wp\/v2\/product\/50636","targetHints":{"allow":["GET"]}}],"collection":[{"href":"https:\/\/conunique.com\/tr\/wp-json\/wp\/v2\/product"}],"about":[{"href":"https:\/\/conunique.com\/tr\/wp-json\/wp\/v2\/types\/product"}],"replies":[{"embeddable":true,"href":"https:\/\/conunique.com\/tr\/wp-json\/wp\/v2\/comments?post=50636"}],"version-history":[{"count":1,"href":"https:\/\/conunique.com\/tr\/wp-json\/wp\/v2\/product\/50636\/revisions"}],"predecessor-version":[{"id":50638,"href":"https:\/\/conunique.com\/tr\/wp-json\/wp\/v2\/product\/50636\/revisions\/50638"}],"wp:featuredmedia":[{"embeddable":true,"href":"https:\/\/conunique.com\/tr\/wp-json\/wp\/v2\/media\/50637"}],"wp:attachment":[{"href":"https:\/\/conunique.com\/tr\/wp-json\/wp\/v2\/media?parent=50636"}],"wp:term":[{"taxonomy":"product_brand","embeddable":true,"href":"https:\/\/conunique.com\/tr\/wp-json\/wp\/v2\/product_brand?post=50636"},{"taxonomy":"product_cat","embeddable":true,"href":"https:\/\/conunique.com\/tr\/wp-json\/wp\/v2\/product_cat?post=50636"},{"taxonomy":"product_tag","embeddable":true,"href":"https:\/\/conunique.com\/tr\/wp-json\/wp\/v2\/product_tag?post=50636"}],"curies":[{"name":"wp","href":"https:\/\/api.w.org\/{rel}","templated":true}]}}