{"id":50590,"date":"2024-04-29T13:33:57","date_gmt":"2024-04-29T10:33:57","guid":{"rendered":"https:\/\/conunique.com\/urun\/alabaster-duvar-lambasi\/"},"modified":"2024-05-15T12:18:45","modified_gmt":"2024-05-15T09:18:45","slug":"alabaster-duvar-lambasi","status":"publish","type":"product","link":"https:\/\/conunique.com\/tr\/\u00fcr\u00fcn\/alabaster-duvar-lambasi\/","title":{"rendered":"Alabaster Duvar Lambas\u0131"},"content":{"rendered":"\t\t<div data-elementor-type=\"product-post\" data-elementor-id=\"50590\" class=\"elementor elementor-50590 elementor-48747\" data-elementor-post-type=\"product\">\n\t\t\t\t\t\t<section class=\"elementor-section elementor-top-section elementor-element elementor-element-2d018b1 elementor-section-boxed elementor-section-height-default elementor-section-height-default\" data-id=\"2d018b1\" data-element_type=\"section\" data-e-type=\"section\">\n\t\t\t\t\t\t<div class=\"elementor-container elementor-column-gap-wide\">\n\t\t\t\t\t<div class=\"elementor-column elementor-col-50 elementor-top-column elementor-element elementor-element-0125e24\" data-id=\"0125e24\" data-element_type=\"column\" data-e-type=\"column\">\n\t\t\t<div class=\"elementor-widget-wrap elementor-element-populated\">\n\t\t\t\t\t\t<div class=\"elementor-element elementor-element-f657f41 elementor-widget elementor-widget-text-editor\" data-id=\"f657f41\" data-element_type=\"widget\" data-e-type=\"widget\" data-widget_type=\"text-editor.default\">\n\t\t\t\t<div class=\"elementor-widget-container\">\n\t\t\t\t\t\t\t\t\t<p>\u015e\u0131k Alabaster Uzat\u0131lm\u0131\u015f Aplik ile mekan\u0131n\u0131z\u0131 y\u00fckseltin. Saf kaymakta\u015f\u0131 rengi ve arka plaka i\u00e7in \u00fc\u00e7 \u015f\u0131k kaplamaya sahip olan bu \u00fcr\u00fcn, modern zarafetin \u00f6z\u00fcd\u00fcr.<\/p>\n\t\t\t\t\t\t\t\t<\/div>\n\t\t\t\t<\/div>\n\t\t\t\t\t<\/div>\n\t\t<\/div>\n\t\t\t\t<div class=\"elementor-column elementor-col-50 elementor-top-column elementor-element elementor-element-929b4ac\" data-id=\"929b4ac\" data-element_type=\"column\" data-e-type=\"column\">\n\t\t\t<div class=\"elementor-widget-wrap elementor-element-populated\">\n\t\t\t\t\t\t<div class=\"elementor-element elementor-element-673d0e8 elementor-widget__width-initial elementor-widget elementor-widget-image\" data-id=\"673d0e8\" data-element_type=\"widget\" data-e-type=\"widget\" data-widget_type=\"image.default\">\n\t\t\t\t<div class=\"elementor-widget-container\">\n\t\t\t\t\t\t\t\t\t\t\t\t\t\t\t\t<a href=\"https:\/\/conunique.com\/wp-content\/uploads\/2024\/04\/Marberitled-1.jpg\" data-elementor-open-lightbox=\"yes\" data-elementor-lightbox-title=\"Marberitled-1\" data-e-action-hash=\"#elementor-action%3Aaction%3Dlightbox%26settings%3DeyJpZCI6NTA1OTEsInVybCI6Imh0dHBzOlwvXC9jb251bmlxdWUuY29tXC93cC1jb250ZW50XC91cGxvYWRzXC8yMDI0XC8wNFwvTWFyYmVyaXRsZWQtMS5qcGcifQ%3D%3D\">\n\t\t\t\t\t\t\t<img fetchpriority=\"high\" decoding=\"async\" width=\"900\" height=\"1200\" src=\"https:\/\/conunique.com\/wp-content\/uploads\/2024\/04\/Marberitled-1.jpg\" class=\"attachment-full size-full wp-image-50591\" alt=\"\" srcset=\"https:\/\/conunique.com\/wp-content\/uploads\/2024\/04\/Marberitled-1.jpg 900w, https:\/\/conunique.com\/wp-content\/uploads\/2024\/04\/Marberitled-1-225x300.jpg 225w, https:\/\/conunique.com\/wp-content\/uploads\/2024\/04\/Marberitled-1-768x1024.jpg 768w, https:\/\/conunique.com\/wp-content\/uploads\/2024\/04\/Marberitled-1-600x800.jpg 600w\" sizes=\"(max-width: 900px) 100vw, 900px\" \/>\t\t\t\t\t\t\t\t<\/a>\n\t\t\t\t\t\t\t\t\t\t\t\t\t\t\t<\/div>\n\t\t\t\t<\/div>\n\t\t\t\t<div class=\"elementor-element elementor-element-4924577 elementor-widget__width-initial elementor-widget elementor-widget-image\" data-id=\"4924577\" data-element_type=\"widget\" data-e-type=\"widget\" data-widget_type=\"image.default\">\n\t\t\t\t<div class=\"elementor-widget-container\">\n\t\t\t\t\t\t\t\t\t\t\t\t\t\t\t\t<a href=\"https:\/\/conunique.com\/wp-content\/uploads\/2024\/04\/MMUntitled-1.jpg\" data-elementor-open-lightbox=\"yes\" data-elementor-lightbox-title=\"MMUntitled-1\" data-e-action-hash=\"#elementor-action%3Aaction%3Dlightbox%26settings%3DeyJpZCI6NDg3NTEsInVybCI6Imh0dHBzOlwvXC9jb251bmlxdWUuY29tXC93cC1jb250ZW50XC91cGxvYWRzXC8yMDI0XC8wNFwvTU1VbnRpdGxlZC0xLmpwZyJ9\">\n\t\t\t\t\t\t\t<img decoding=\"async\" width=\"900\" height=\"1200\" src=\"https:\/\/conunique.com\/wp-content\/uploads\/2024\/04\/MMUntitled-1.jpg\" class=\"attachment-full size-full wp-image-48751\" alt=\"\" srcset=\"https:\/\/conunique.com\/wp-content\/uploads\/2024\/04\/MMUntitled-1.jpg 900w, https:\/\/conunique.com\/wp-content\/uploads\/2024\/04\/MMUntitled-1-225x300.jpg 225w, https:\/\/conunique.com\/wp-content\/uploads\/2024\/04\/MMUntitled-1-768x1024.jpg 768w, https:\/\/conunique.com\/wp-content\/uploads\/2024\/04\/MMUntitled-1-600x800.jpg 600w\" sizes=\"(max-width: 900px) 100vw, 900px\" \/>\t\t\t\t\t\t\t\t<\/a>\n\t\t\t\t\t\t\t\t\t\t\t\t\t\t\t<\/div>\n\t\t\t\t<\/div>\n\t\t\t\t\t<\/div>\n\t\t<\/div>\n\t\t\t\t\t<\/div>\n\t\t<\/section>\n\t\t\t\t<\/div>\n\t\t","protected":false},"excerpt":{"rendered":"<p>Alabaster Uzun Aplik ile modern \u015f\u0131kl\u0131\u011f\u0131n keyfini \u00e7\u0131kar\u0131n. Saf kaymakta\u015f\u0131 tonuyla \u00fcretilen bu \u00fcr\u00fcn sofistike bir g\u00f6r\u00fcn\u00fcm sergiler. Kal\u0131n arka plaka ve sar\u0131l\u0131 merkez i\u00e7in \u00fc\u00e7 \u015f\u0131k kaplama aras\u0131ndan se\u00e7im yap\u0131n, her biri tasar\u0131ma y\u00fcksek bir dokunu\u015f katar.<\/p>\n<ul>\n<li><strong>Neme Dayan\u0131kl\u0131<\/strong><\/li>\n<li><strong>El yap\u0131m\u0131 &amp; Y\u00fcksek kaliteli \u00fcr\u00fcnler<\/strong><\/li>\n<li><strong>Metal<\/strong><\/li>\n<\/ul>\n","protected":false},"featured_media":50365,"comment_status":"open","ping_status":"closed","template":"","meta":[],"product_brand":[],"product_cat":[395,389],"product_tag":[414,400],"class_list":{"0":"post-50590","1":"product","2":"type-product","3":"status-publish","4":"has-post-thumbnail","6":"product_cat-duvar-lambalari","7":"product_cat-modern-tr","8":"product_tag-bakir","9":"product_tag-mermer","11":"first","12":"instock","13":"shipping-taxable","14":"product-type-simple"},"_links":{"self":[{"href":"https:\/\/conunique.com\/tr\/wp-json\/wp\/v2\/product\/50590","targetHints":{"allow":["GET"]}}],"collection":[{"href":"https:\/\/conunique.com\/tr\/wp-json\/wp\/v2\/product"}],"about":[{"href":"https:\/\/conunique.com\/tr\/wp-json\/wp\/v2\/types\/product"}],"replies":[{"embeddable":true,"href":"https:\/\/conunique.com\/tr\/wp-json\/wp\/v2\/comments?post=50590"}],"version-history":[{"count":3,"href":"https:\/\/conunique.com\/tr\/wp-json\/wp\/v2\/product\/50590\/revisions"}],"predecessor-version":[{"id":50592,"href":"https:\/\/conunique.com\/tr\/wp-json\/wp\/v2\/product\/50590\/revisions\/50592"}],"wp:featuredmedia":[{"embeddable":true,"href":"https:\/\/conunique.com\/tr\/wp-json\/wp\/v2\/product\/50365"}],"wp:attachment":[{"href":"https:\/\/conunique.com\/tr\/wp-json\/wp\/v2\/media?parent=50590"}],"wp:term":[{"taxonomy":"product_brand","embeddable":true,"href":"https:\/\/conunique.com\/tr\/wp-json\/wp\/v2\/product_brand?post=50590"},{"taxonomy":"product_cat","embeddable":true,"href":"https:\/\/conunique.com\/tr\/wp-json\/wp\/v2\/product_cat?post=50590"},{"taxonomy":"product_tag","embeddable":true,"href":"https:\/\/conunique.com\/tr\/wp-json\/wp\/v2\/product_tag?post=50590"}],"curies":[{"name":"wp","href":"https:\/\/api.w.org\/{rel}","templated":true}]}}