{"id":50582,"date":"2024-04-30T13:31:28","date_gmt":"2024-04-30T10:31:28","guid":{"rendered":"https:\/\/conunique.com\/urun\/triad-3-sarkit-lamba\/"},"modified":"2024-05-16T15:54:55","modified_gmt":"2024-05-16T12:54:55","slug":"triad-3-sarkit-lamba","status":"publish","type":"product","link":"https:\/\/conunique.com\/tr\/\u00fcr\u00fcn\/triad-3-sarkit-lamba\/","title":{"rendered":"TRIAD 3 SARKIT LAMBA"},"content":{"rendered":"\t\t<div data-elementor-type=\"product-post\" data-elementor-id=\"50582\" class=\"elementor elementor-50582 elementor-48859\" data-elementor-post-type=\"product\">\n\t\t\t\t\t\t<section class=\"elementor-section elementor-top-section elementor-element elementor-element-2d018b1 elementor-section-boxed elementor-section-height-default elementor-section-height-default\" data-id=\"2d018b1\" data-element_type=\"section\" data-e-type=\"section\">\n\t\t\t\t\t\t<div class=\"elementor-container elementor-column-gap-wide\">\n\t\t\t\t\t<div class=\"elementor-column elementor-col-50 elementor-top-column elementor-element elementor-element-0125e24\" data-id=\"0125e24\" data-element_type=\"column\" data-e-type=\"column\">\n\t\t\t<div class=\"elementor-widget-wrap elementor-element-populated\">\n\t\t\t\t\t\t<div class=\"elementor-element elementor-element-f657f41 elementor-widget elementor-widget-text-editor\" data-id=\"f657f41\" data-element_type=\"widget\" data-e-type=\"widget\" data-widget_type=\"text-editor.default\">\n\t\t\t\t<div class=\"elementor-widget-container\">\n\t\t\t\t\t\t\t\t\t<p>Sofistike bir \u015fekilde ayd\u0131nlat\u0131n: Gabriel Hendifar taraf\u0131ndan Apparatus i\u00e7in tasarlanan Triad 3 Sark\u0131t. Geometri, som pirin\u00e7 veya el d\u00f6k\u00fcm\u00fc porselende zarafetle bulu\u015fuyor.<\/p>\n\t\t\t\t\t\t\t\t<\/div>\n\t\t\t\t<\/div>\n\t\t\t\t\t<\/div>\n\t\t<\/div>\n\t\t\t\t<div class=\"elementor-column elementor-col-50 elementor-top-column elementor-element elementor-element-929b4ac\" data-id=\"929b4ac\" data-element_type=\"column\" data-e-type=\"column\">\n\t\t\t<div class=\"elementor-widget-wrap elementor-element-populated\">\n\t\t\t\t\t\t<div class=\"elementor-element elementor-element-673d0e8 elementor-widget__width-initial elementor-widget elementor-widget-image\" data-id=\"673d0e8\" data-element_type=\"widget\" data-e-type=\"widget\" data-widget_type=\"image.default\">\n\t\t\t\t<div class=\"elementor-widget-container\">\n\t\t\t\t\t\t\t\t\t\t\t\t\t\t\t\t<a href=\"https:\/\/conunique.com\/wp-content\/uploads\/2024\/04\/09Untitled-1.jpg\" data-elementor-open-lightbox=\"yes\" data-elementor-lightbox-title=\"TRIAD 3 PENDANT LIGHT\" data-e-action-hash=\"#elementor-action%3Aaction%3Dlightbox%26settings%3DeyJpZCI6NDg4ODEsInVybCI6Imh0dHBzOlwvXC9jb251bmlxdWUuY29tXC93cC1jb250ZW50XC91cGxvYWRzXC8yMDI0XC8wNFwvMDlVbnRpdGxlZC0xLmpwZyJ9\">\n\t\t\t\t\t\t\t<img fetchpriority=\"high\" decoding=\"async\" width=\"900\" height=\"1200\" src=\"https:\/\/conunique.com\/wp-content\/uploads\/2024\/04\/09Untitled-1.jpg\" class=\"attachment-full size-full wp-image-48881\" alt=\"\" srcset=\"https:\/\/conunique.com\/wp-content\/uploads\/2024\/04\/09Untitled-1.jpg 900w, https:\/\/conunique.com\/wp-content\/uploads\/2024\/04\/09Untitled-1-225x300.jpg 225w, https:\/\/conunique.com\/wp-content\/uploads\/2024\/04\/09Untitled-1-768x1024.jpg 768w, https:\/\/conunique.com\/wp-content\/uploads\/2024\/04\/09Untitled-1-600x800.jpg 600w\" sizes=\"(max-width: 900px) 100vw, 900px\" \/>\t\t\t\t\t\t\t\t<\/a>\n\t\t\t\t\t\t\t\t\t\t\t\t\t\t\t<\/div>\n\t\t\t\t<\/div>\n\t\t\t\t<div class=\"elementor-element elementor-element-4924577 elementor-widget__width-initial elementor-widget elementor-widget-image\" data-id=\"4924577\" data-element_type=\"widget\" data-e-type=\"widget\" data-widget_type=\"image.default\">\n\t\t\t\t<div class=\"elementor-widget-container\">\n\t\t\t\t\t\t\t\t\t\t\t\t\t\t\t\t<a href=\"https:\/\/conunique.com\/wp-content\/uploads\/2024\/04\/78Untitled-1.jpg\" data-elementor-open-lightbox=\"yes\" data-elementor-lightbox-title=\"TRIAD 3 PENDANT LIGHT\" data-e-action-hash=\"#elementor-action%3Aaction%3Dlightbox%26settings%3DeyJpZCI6NDg4ODIsInVybCI6Imh0dHBzOlwvXC9jb251bmlxdWUuY29tXC93cC1jb250ZW50XC91cGxvYWRzXC8yMDI0XC8wNFwvNzhVbnRpdGxlZC0xLmpwZyJ9\">\n\t\t\t\t\t\t\t<img decoding=\"async\" width=\"900\" height=\"1200\" src=\"https:\/\/conunique.com\/wp-content\/uploads\/2024\/04\/78Untitled-1.jpg\" class=\"attachment-full size-full wp-image-48882\" alt=\"\" srcset=\"https:\/\/conunique.com\/wp-content\/uploads\/2024\/04\/78Untitled-1.jpg 900w, https:\/\/conunique.com\/wp-content\/uploads\/2024\/04\/78Untitled-1-225x300.jpg 225w, https:\/\/conunique.com\/wp-content\/uploads\/2024\/04\/78Untitled-1-768x1024.jpg 768w, https:\/\/conunique.com\/wp-content\/uploads\/2024\/04\/78Untitled-1-600x800.jpg 600w\" sizes=\"(max-width: 900px) 100vw, 900px\" \/>\t\t\t\t\t\t\t\t<\/a>\n\t\t\t\t\t\t\t\t\t\t\t\t\t\t\t<\/div>\n\t\t\t\t<\/div>\n\t\t\t\t\t<\/div>\n\t\t<\/div>\n\t\t\t\t\t<\/div>\n\t\t<\/section>\n\t\t\t\t<\/div>\n\t\t","protected":false},"excerpt":{"rendered":"<p>Gabriel Hendifar&#8217;\u0131n Apparatus i\u00e7in tasarlad\u0131\u011f\u0131, trigonometrik hassasiyet ve sanatsal yetene\u011fin b\u00fcy\u00fcleyici bir kar\u0131\u015f\u0131m\u0131 olan Triad 3 Sark\u0131t I\u015f\u0131\u011f\u0131 ke\u015ffedin. Kat\u0131 pirin\u00e7ten \u00fcretilmi\u015f veya elle d\u00f6k\u00fclm\u00fc\u015f porselen konilerle s\u00fcslenmi\u015f bu \u00fcr\u00fcnler, ayd\u0131nlatma tasar\u0131m\u0131nda sofistikeli\u011fi yeniden tan\u0131mlayan hassas bir \u0131\u015f\u0131lt\u0131 yayar.<\/p>\n<ul>\n<li><strong>El yap\u0131m\u0131 <\/strong><\/li>\n<li><strong>El yap\u0131m\u0131 demir, pirin\u00e7<\/strong><\/li>\n<\/ul>\n","protected":false},"featured_media":50583,"comment_status":"open","ping_status":"closed","template":"","meta":[],"product_brand":[],"product_cat":[389,390],"product_tag":[386,413],"class_list":{"0":"post-50582","1":"product","2":"type-product","3":"status-publish","4":"has-post-thumbnail","6":"product_cat-modern-tr","7":"product_cat-sarkit-lambalar-tr","8":"product_tag-el-yapimi","9":"product_tag-triad-3-tr","11":"first","12":"instock","13":"shipping-taxable","14":"product-type-simple"},"_links":{"self":[{"href":"https:\/\/conunique.com\/tr\/wp-json\/wp\/v2\/product\/50582","targetHints":{"allow":["GET"]}}],"collection":[{"href":"https:\/\/conunique.com\/tr\/wp-json\/wp\/v2\/product"}],"about":[{"href":"https:\/\/conunique.com\/tr\/wp-json\/wp\/v2\/types\/product"}],"replies":[{"embeddable":true,"href":"https:\/\/conunique.com\/tr\/wp-json\/wp\/v2\/comments?post=50582"}],"version-history":[{"count":2,"href":"https:\/\/conunique.com\/tr\/wp-json\/wp\/v2\/product\/50582\/revisions"}],"predecessor-version":[{"id":50767,"href":"https:\/\/conunique.com\/tr\/wp-json\/wp\/v2\/product\/50582\/revisions\/50767"}],"wp:featuredmedia":[{"embeddable":true,"href":"https:\/\/conunique.com\/tr\/wp-json\/wp\/v2\/media\/50583"}],"wp:attachment":[{"href":"https:\/\/conunique.com\/tr\/wp-json\/wp\/v2\/media?parent=50582"}],"wp:term":[{"taxonomy":"product_brand","embeddable":true,"href":"https:\/\/conunique.com\/tr\/wp-json\/wp\/v2\/product_brand?post=50582"},{"taxonomy":"product_cat","embeddable":true,"href":"https:\/\/conunique.com\/tr\/wp-json\/wp\/v2\/product_cat?post=50582"},{"taxonomy":"product_tag","embeddable":true,"href":"https:\/\/conunique.com\/tr\/wp-json\/wp\/v2\/product_tag?post=50582"}],"curies":[{"name":"wp","href":"https:\/\/api.w.org\/{rel}","templated":true}]}}