{"id":50326,"date":"2024-05-02T14:04:03","date_gmt":"2024-05-02T11:04:03","guid":{"rendered":"https:\/\/conunique.com\/urun\/ahsap-gorunumlu-lambader\/"},"modified":"2024-05-14T21:57:25","modified_gmt":"2024-05-14T18:57:25","slug":"ahsap-gorunumlu-lambader","status":"publish","type":"product","link":"https:\/\/conunique.com\/tr\/\u00fcr\u00fcn\/ahsap-gorunumlu-lambader\/","title":{"rendered":"Ah\u015fap G\u00f6r\u00fcn\u00fcml\u00fc Lambader"},"content":{"rendered":"\t\t<div data-elementor-type=\"product-post\" data-elementor-id=\"50326\" class=\"elementor elementor-50326 elementor-49253\" data-elementor-post-type=\"product\">\n\t\t\t\t\t\t<section class=\"elementor-section elementor-top-section elementor-element elementor-element-2d018b1 elementor-section-boxed elementor-section-height-default elementor-section-height-default\" data-id=\"2d018b1\" data-element_type=\"section\" data-e-type=\"section\">\n\t\t\t\t\t\t<div class=\"elementor-container elementor-column-gap-wide\">\n\t\t\t\t\t<div class=\"elementor-column elementor-col-50 elementor-top-column elementor-element elementor-element-0125e24\" data-id=\"0125e24\" data-element_type=\"column\" data-e-type=\"column\">\n\t\t\t<div class=\"elementor-widget-wrap elementor-element-populated\">\n\t\t\t\t\t\t<div class=\"elementor-element elementor-element-f657f41 elementor-widget elementor-widget-text-editor\" data-id=\"f657f41\" data-element_type=\"widget\" data-e-type=\"widget\" data-widget_type=\"text-editor.default\">\n\t\t\t\t<div class=\"elementor-widget-container\">\n\t\t\t\t\t\t\t\t\t<p>Parlak beyaz renkte b\u00fcy\u00fcleyici bir y\u0131\u011fma top tasar\u0131m\u0131yla s\u00fcslenmi\u015f ve zarif beyaz keten modifiye tambur g\u00f6lgeyle ta\u00e7land\u0131r\u0131lm\u0131\u015f bu lambader, zamans\u0131z bir zarafet sergiliyor. B\u00fcy\u00fcleyici \u0131\u015f\u0131lt\u0131s\u0131 ve sofistike tarz\u0131yla oturma odan\u0131z\u0131, yatak odan\u0131z\u0131, aile odan\u0131z\u0131, ev ofisinizi veya mutfa\u011f\u0131n\u0131z\u0131 ayd\u0131nlat\u0131n.<\/p>\n\t\t\t\t\t\t\t\t<\/div>\n\t\t\t\t<\/div>\n\t\t\t\t\t<\/div>\n\t\t<\/div>\n\t\t\t\t<div class=\"elementor-column elementor-col-50 elementor-top-column elementor-element elementor-element-929b4ac\" data-id=\"929b4ac\" data-element_type=\"column\" data-e-type=\"column\">\n\t\t\t<div class=\"elementor-widget-wrap elementor-element-populated\">\n\t\t\t\t\t\t<div class=\"elementor-element elementor-element-673d0e8 elementor-widget__width-initial elementor-widget elementor-widget-image\" data-id=\"673d0e8\" data-element_type=\"widget\" data-e-type=\"widget\" data-widget_type=\"image.default\">\n\t\t\t\t<div class=\"elementor-widget-container\">\n\t\t\t\t\t\t\t\t\t\t\t\t\t\t\t\t<a href=\"https:\/\/conunique.com\/wp-content\/uploads\/2024\/05\/WhatsApp-Image-2024-04-30-at-11.05.43_9e20ae72.jpg\" data-elementor-open-lightbox=\"yes\" data-elementor-lightbox-title=\"WhatsApp Image 2024-04-30 at 11.05.43_9e20ae72\" data-e-action-hash=\"#elementor-action%3Aaction%3Dlightbox%26settings%3DeyJpZCI6NTAzMjcsInVybCI6Imh0dHBzOlwvXC9jb251bmlxdWUuY29tXC93cC1jb250ZW50XC91cGxvYWRzXC8yMDI0XC8wNVwvV2hhdHNBcHAtSW1hZ2UtMjAyNC0wNC0zMC1hdC0xMS4wNS40M185ZTIwYWU3Mi5qcGcifQ%3D%3D\">\n\t\t\t\t\t\t\t<img fetchpriority=\"high\" decoding=\"async\" width=\"900\" height=\"1200\" src=\"https:\/\/conunique.com\/wp-content\/uploads\/2024\/05\/WhatsApp-Image-2024-04-30-at-11.05.43_9e20ae72.jpg\" class=\"attachment-full size-full wp-image-50327\" alt=\"\" srcset=\"https:\/\/conunique.com\/wp-content\/uploads\/2024\/05\/WhatsApp-Image-2024-04-30-at-11.05.43_9e20ae72.jpg 900w, https:\/\/conunique.com\/wp-content\/uploads\/2024\/05\/WhatsApp-Image-2024-04-30-at-11.05.43_9e20ae72-600x800.jpg 600w, https:\/\/conunique.com\/wp-content\/uploads\/2024\/05\/WhatsApp-Image-2024-04-30-at-11.05.43_9e20ae72-225x300.jpg 225w, https:\/\/conunique.com\/wp-content\/uploads\/2024\/05\/WhatsApp-Image-2024-04-30-at-11.05.43_9e20ae72-768x1024.jpg 768w\" sizes=\"(max-width: 900px) 100vw, 900px\" \/>\t\t\t\t\t\t\t\t<\/a>\n\t\t\t\t\t\t\t\t\t\t\t\t\t\t\t<\/div>\n\t\t\t\t<\/div>\n\t\t\t\t<div class=\"elementor-element elementor-element-4924577 elementor-widget__width-initial elementor-widget elementor-widget-image\" data-id=\"4924577\" data-element_type=\"widget\" data-e-type=\"widget\" data-widget_type=\"image.default\">\n\t\t\t\t<div class=\"elementor-widget-container\">\n\t\t\t\t\t\t\t\t\t\t\t\t\t\t\t\t<a href=\"https:\/\/conunique.com\/wp-content\/uploads\/2024\/05\/Wood-Look-Floor-Lamp-1-1.webp\" data-elementor-open-lightbox=\"yes\" data-elementor-lightbox-title=\"Wood-Look Floor Lamp 1 (1)\" data-e-action-hash=\"#elementor-action%3Aaction%3Dlightbox%26settings%3DeyJpZCI6NTAzMjgsInVybCI6Imh0dHBzOlwvXC9jb251bmlxdWUuY29tXC93cC1jb250ZW50XC91cGxvYWRzXC8yMDI0XC8wNVwvV29vZC1Mb29rLUZsb29yLUxhbXAtMS0xLndlYnAifQ%3D%3D\">\n\t\t\t\t\t\t\t<img decoding=\"async\" width=\"900\" height=\"1200\" src=\"https:\/\/conunique.com\/wp-content\/uploads\/2024\/05\/Wood-Look-Floor-Lamp-1-1.webp\" class=\"attachment-full size-full wp-image-50328\" alt=\"\" srcset=\"https:\/\/conunique.com\/wp-content\/uploads\/2024\/05\/Wood-Look-Floor-Lamp-1-1.webp 900w, https:\/\/conunique.com\/wp-content\/uploads\/2024\/05\/Wood-Look-Floor-Lamp-1-1-600x800.webp 600w, https:\/\/conunique.com\/wp-content\/uploads\/2024\/05\/Wood-Look-Floor-Lamp-1-1-225x300.webp 225w, https:\/\/conunique.com\/wp-content\/uploads\/2024\/05\/Wood-Look-Floor-Lamp-1-1-768x1024.webp 768w\" sizes=\"(max-width: 900px) 100vw, 900px\" \/>\t\t\t\t\t\t\t\t<\/a>\n\t\t\t\t\t\t\t\t\t\t\t\t\t\t\t<\/div>\n\t\t\t\t<\/div>\n\t\t\t\t\t<\/div>\n\t\t<\/div>\n\t\t\t\t\t<\/div>\n\t\t<\/section>\n\t\t\t\t<\/div>\n\t\t","protected":false},"excerpt":{"rendered":"<p>Beyaz keten modifiye tambur g\u00f6lge ile kaplanm\u0131\u015f beyaz parlak kaplamal\u0131 istiflenmi\u015f bir top tasar\u0131m\u0131na sahiptir. Oturma odas\u0131, yatak odas\u0131, aile odas\u0131, ev ofisi veya mutfa\u011fa \u0131\u015f\u0131k kat\u0131n<\/p>\n<ul>\n<li><strong>Ah\u015fap, Cam<\/strong><\/li>\n<li><strong>El yap\u0131m\u0131<\/strong><\/li>\n<\/ul>\n<p>&nbsp;<\/p>\n","protected":false},"featured_media":50327,"comment_status":"open","ping_status":"closed","template":"","meta":[],"product_brand":[],"product_cat":[389,391],"product_tag":[394,393,386,396],"class_list":{"0":"post-50326","1":"product","2":"type-product","3":"status-publish","4":"has-post-thumbnail","6":"product_cat-modern-tr","7":"product_cat-zemin-isiklari","8":"product_tag-avize","9":"product_tag-cam","10":"product_tag-el-yapimi","11":"product_tag-pirinc","12":"pa_color-altin","13":"pa_color-antika","14":"pa_color-gumus","15":"pa_material-metal-tr","17":"first","18":"instock","19":"shipping-taxable","20":"product-type-simple"},"_links":{"self":[{"href":"https:\/\/conunique.com\/tr\/wp-json\/wp\/v2\/product\/50326","targetHints":{"allow":["GET"]}}],"collection":[{"href":"https:\/\/conunique.com\/tr\/wp-json\/wp\/v2\/product"}],"about":[{"href":"https:\/\/conunique.com\/tr\/wp-json\/wp\/v2\/types\/product"}],"replies":[{"embeddable":true,"href":"https:\/\/conunique.com\/tr\/wp-json\/wp\/v2\/comments?post=50326"}],"version-history":[{"count":1,"href":"https:\/\/conunique.com\/tr\/wp-json\/wp\/v2\/product\/50326\/revisions"}],"predecessor-version":[{"id":50329,"href":"https:\/\/conunique.com\/tr\/wp-json\/wp\/v2\/product\/50326\/revisions\/50329"}],"wp:featuredmedia":[{"embeddable":true,"href":"https:\/\/conunique.com\/tr\/wp-json\/wp\/v2\/media\/50327"}],"wp:attachment":[{"href":"https:\/\/conunique.com\/tr\/wp-json\/wp\/v2\/media?parent=50326"}],"wp:term":[{"taxonomy":"product_brand","embeddable":true,"href":"https:\/\/conunique.com\/tr\/wp-json\/wp\/v2\/product_brand?post=50326"},{"taxonomy":"product_cat","embeddable":true,"href":"https:\/\/conunique.com\/tr\/wp-json\/wp\/v2\/product_cat?post=50326"},{"taxonomy":"product_tag","embeddable":true,"href":"https:\/\/conunique.com\/tr\/wp-json\/wp\/v2\/product_tag?post=50326"}],"curies":[{"name":"wp","href":"https:\/\/api.w.org\/{rel}","templated":true}]}}