{"id":50269,"date":"2024-05-03T13:20:43","date_gmt":"2024-05-03T10:20:43","guid":{"rendered":"https:\/\/conunique.com\/urun\/buyuk-fas-sarkit-pirinc-isik\/"},"modified":"2024-05-14T18:50:15","modified_gmt":"2024-05-14T15:50:15","slug":"buyuk-fas-sarkit-pirinc-isik","status":"publish","type":"product","link":"https:\/\/conunique.com\/tr\/\u00fcr\u00fcn\/buyuk-fas-sarkit-pirinc-isik\/","title":{"rendered":"B\u00fcy\u00fck Fas Sark\u0131t Pirin\u00e7 I\u015f\u0131k"},"content":{"rendered":"\t\t<div data-elementor-type=\"product-post\" data-elementor-id=\"50269\" class=\"elementor elementor-50269 elementor-49358\" data-elementor-post-type=\"product\">\n\t\t\t\t\t\t<section class=\"elementor-section elementor-top-section elementor-element elementor-element-2d018b1 elementor-section-boxed elementor-section-height-default elementor-section-height-default\" data-id=\"2d018b1\" data-element_type=\"section\" data-e-type=\"section\">\n\t\t\t\t\t\t<div class=\"elementor-container elementor-column-gap-wide\">\n\t\t\t\t\t<div class=\"elementor-column elementor-col-50 elementor-top-column elementor-element elementor-element-0125e24\" data-id=\"0125e24\" data-element_type=\"column\" data-e-type=\"column\">\n\t\t\t<div class=\"elementor-widget-wrap elementor-element-populated\">\n\t\t\t\t\t\t<div class=\"elementor-element elementor-element-f657f41 elementor-widget elementor-widget-text-editor\" data-id=\"f657f41\" data-element_type=\"widget\" data-e-type=\"widget\" data-widget_type=\"text-editor.default\">\n\t\t\t\t<div class=\"elementor-widget-container\">\n\t\t\t\t\t\t\t\t\t<p>Kendine \u00f6zg\u00fc girdapl\u0131 deseni i\u00e7in High Gloss ile \u00fcretilen lambam\u0131z, temiz hatlara ve zarif bronz vurgulara sahiptir. Her par\u00e7a numaraland\u0131r\u0131larak bir sanat eseri gibi ayr\u0131cal\u0131kl\u0131 olmas\u0131 garanti alt\u0131na al\u0131n\u0131r.<\/p>\n\t\t\t\t\t\t\t\t<\/div>\n\t\t\t\t<\/div>\n\t\t\t\t\t<\/div>\n\t\t<\/div>\n\t\t\t\t<div class=\"elementor-column elementor-col-50 elementor-top-column elementor-element elementor-element-929b4ac\" data-id=\"929b4ac\" data-element_type=\"column\" data-e-type=\"column\">\n\t\t\t<div class=\"elementor-widget-wrap elementor-element-populated\">\n\t\t\t\t\t\t<div class=\"elementor-element elementor-element-673d0e8 elementor-widget__width-initial elementor-widget elementor-widget-image\" data-id=\"673d0e8\" data-element_type=\"widget\" data-e-type=\"widget\" data-widget_type=\"image.default\">\n\t\t\t\t<div class=\"elementor-widget-container\">\n\t\t\t\t\t\t\t\t\t\t\t\t\t\t\t\t<a href=\"https:\/\/conunique.com\/wp-content\/uploads\/2024\/05\/19Untitled-1.jpg\" data-elementor-open-lightbox=\"yes\" data-elementor-lightbox-title=\"Large Moroccan Pendant Brass Light\" data-e-action-hash=\"#elementor-action%3Aaction%3Dlightbox%26settings%3DeyJpZCI6NTAyNzUsInVybCI6Imh0dHBzOlwvXC9jb251bmlxdWUuY29tXC93cC1jb250ZW50XC91cGxvYWRzXC8yMDI0XC8wNVwvMTlVbnRpdGxlZC0xLmpwZyJ9\">\n\t\t\t\t\t\t\t<img fetchpriority=\"high\" decoding=\"async\" width=\"900\" height=\"1200\" src=\"https:\/\/conunique.com\/wp-content\/uploads\/2024\/05\/19Untitled-1.jpg\" class=\"attachment-full size-full wp-image-50275\" alt=\"\" srcset=\"https:\/\/conunique.com\/wp-content\/uploads\/2024\/05\/19Untitled-1.jpg 900w, https:\/\/conunique.com\/wp-content\/uploads\/2024\/05\/19Untitled-1-600x800.jpg 600w, https:\/\/conunique.com\/wp-content\/uploads\/2024\/05\/19Untitled-1-225x300.jpg 225w, https:\/\/conunique.com\/wp-content\/uploads\/2024\/05\/19Untitled-1-768x1024.jpg 768w\" sizes=\"(max-width: 900px) 100vw, 900px\" \/>\t\t\t\t\t\t\t\t<\/a>\n\t\t\t\t\t\t\t\t\t\t\t\t\t\t\t<\/div>\n\t\t\t\t<\/div>\n\t\t\t\t<div class=\"elementor-element elementor-element-4924577 elementor-widget__width-initial elementor-widget elementor-widget-image\" data-id=\"4924577\" data-element_type=\"widget\" data-e-type=\"widget\" data-widget_type=\"image.default\">\n\t\t\t\t<div class=\"elementor-widget-container\">\n\t\t\t\t\t\t\t\t\t\t\t\t\t\t\t\t<a href=\"https:\/\/conunique.com\/wp-content\/uploads\/2024\/05\/4Untitled-1-2.jpg\" data-elementor-open-lightbox=\"yes\" data-elementor-lightbox-title=\"Large Moroccan Pendant Brass Light\" data-e-action-hash=\"#elementor-action%3Aaction%3Dlightbox%26settings%3DeyJpZCI6NTAyNzIsInVybCI6Imh0dHBzOlwvXC9jb251bmlxdWUuY29tXC93cC1jb250ZW50XC91cGxvYWRzXC8yMDI0XC8wNVwvNFVudGl0bGVkLTEtMi5qcGcifQ%3D%3D\">\n\t\t\t\t\t\t\t<img decoding=\"async\" width=\"900\" height=\"1200\" src=\"https:\/\/conunique.com\/wp-content\/uploads\/2024\/05\/4Untitled-1-2.jpg\" class=\"attachment-full size-full wp-image-50272\" alt=\"\" srcset=\"https:\/\/conunique.com\/wp-content\/uploads\/2024\/05\/4Untitled-1-2.jpg 900w, https:\/\/conunique.com\/wp-content\/uploads\/2024\/05\/4Untitled-1-2-600x800.jpg 600w, https:\/\/conunique.com\/wp-content\/uploads\/2024\/05\/4Untitled-1-2-225x300.jpg 225w, https:\/\/conunique.com\/wp-content\/uploads\/2024\/05\/4Untitled-1-2-768x1024.jpg 768w\" sizes=\"(max-width: 900px) 100vw, 900px\" \/>\t\t\t\t\t\t\t\t<\/a>\n\t\t\t\t\t\t\t\t\t\t\t\t\t\t\t<\/div>\n\t\t\t\t<\/div>\n\t\t\t\t\t<\/div>\n\t\t<\/div>\n\t\t\t\t\t<\/div>\n\t\t<\/section>\n\t\t\t\t<\/div>\n\t\t","protected":false},"excerpt":{"rendered":"<p>Kesik y\u0131ld\u0131zl\u0131, el yap\u0131m\u0131 Fas avizesi mutfak dekorunu zenginle\u015ftiriyor. E\u015fsiz par\u00e7alar\u0131m\u0131z zanaatkarlar taraf\u0131ndan titizlikle \u00fcretilmekte ve en y\u00fcksek kaliteyi sa\u011flamaktad\u0131r. Orijinal Fas havas\u0131 yaratmak i\u00e7in m\u00fckemmel olan her bir avize, \u00e7iftlik evi esteti\u011finizi y\u00fckseltmek i\u00e7in \u00f6zel olarak tasarlanm\u0131\u015f kaliteli i\u015f\u00e7ili\u011fin bir kan\u0131t\u0131d\u0131r.<\/p>\n<ul>\n<li><strong>Metal<\/strong><\/li>\n<li><strong>El yap\u0131m\u0131<\/strong><\/li>\n<\/ul>\n<p>&nbsp;<\/p>\n","protected":false},"featured_media":50271,"comment_status":"open","ping_status":"closed","template":"","meta":[],"product_brand":[],"product_cat":[389,390],"product_tag":[386,387],"class_list":{"0":"post-50269","1":"product","2":"type-product","3":"status-publish","4":"has-post-thumbnail","6":"product_cat-modern-tr","7":"product_cat-sarkit-lambalar-tr","8":"product_tag-el-yapimi","9":"product_tag-metal-tr","10":"pa_color-altin","11":"pa_color-antika","12":"pa_color-gumus","13":"pa_material-metal-tr","15":"first","16":"instock","17":"shipping-taxable","18":"product-type-simple"},"_links":{"self":[{"href":"https:\/\/conunique.com\/tr\/wp-json\/wp\/v2\/product\/50269","targetHints":{"allow":["GET"]}}],"collection":[{"href":"https:\/\/conunique.com\/tr\/wp-json\/wp\/v2\/product"}],"about":[{"href":"https:\/\/conunique.com\/tr\/wp-json\/wp\/v2\/types\/product"}],"replies":[{"embeddable":true,"href":"https:\/\/conunique.com\/tr\/wp-json\/wp\/v2\/comments?post=50269"}],"version-history":[{"count":0,"href":"https:\/\/conunique.com\/tr\/wp-json\/wp\/v2\/product\/50269\/revisions"}],"wp:featuredmedia":[{"embeddable":true,"href":"https:\/\/conunique.com\/tr\/wp-json\/wp\/v2\/media\/50271"}],"wp:attachment":[{"href":"https:\/\/conunique.com\/tr\/wp-json\/wp\/v2\/media?parent=50269"}],"wp:term":[{"taxonomy":"product_brand","embeddable":true,"href":"https:\/\/conunique.com\/tr\/wp-json\/wp\/v2\/product_brand?post=50269"},{"taxonomy":"product_cat","embeddable":true,"href":"https:\/\/conunique.com\/tr\/wp-json\/wp\/v2\/product_cat?post=50269"},{"taxonomy":"product_tag","embeddable":true,"href":"https:\/\/conunique.com\/tr\/wp-json\/wp\/v2\/product_tag?post=50269"}],"curies":[{"name":"wp","href":"https:\/\/api.w.org\/{rel}","templated":true}]}}