{"id":49761,"date":"2024-05-09T14:33:19","date_gmt":"2024-05-09T11:33:19","guid":{"rendered":"https:\/\/conunique.com\/bloglar\/"},"modified":"2024-05-13T15:19:34","modified_gmt":"2024-05-13T12:19:34","slug":"bloglar","status":"publish","type":"page","link":"https:\/\/conunique.com\/tr\/bloglar\/","title":{"rendered":"Bloglar"},"content":{"rendered":"\t\t<div data-elementor-type=\"wp-page\" data-elementor-id=\"49761\" class=\"elementor elementor-49761 elementor-49557\" data-elementor-post-type=\"page\">\n\t\t\t\t<div class=\"elementor-element elementor-element-752c35a e-flex e-con-boxed e-con e-parent\" data-id=\"752c35a\" data-element_type=\"container\" data-e-type=\"container\">\n\t\t\t\t\t<div class=\"e-con-inner\">\n\t\t\t\t<div class=\"elementor-element elementor-element-c8f0d9a elementor-widget elementor-widget-the7_elements\" data-id=\"c8f0d9a\" data-element_type=\"widget\" data-e-type=\"widget\" data-widget_type=\"the7_elements.default\">\n\t\t\t\t<div class=\"elementor-widget-container\">\n\t\t\t\t\t<div class=\"portfolio-shortcode the7-elementor-widget the7_elements-c8f0d9a mode-masonry classic-layout-list description-under-image quick-scale-img content-bg-on enable-bg-rollover resize-by-browser-width loading-effect-none jquery-filter\" data-padding=\"15px\" data-mobile-columns-num=\"1\" data-tablet-columns-num=\"2\" data-desktop-columns-num=\"3\" data-wide-desktop-columns-num=\"3\" data-post-limit=\"-1\" data-pagination-mode=\"none\" data-scroll-offset=\"\" aria-live=\"assertive\"><div class=\"iso-container dt-isotope custom-iso-columns\"><div class=\"visible wf-cell iso-item\" data-post-id=\"50446\" data-date=\"2023-01-02T14:05:00+03:00\" data-name=\"Mimari ve Kentsel Tasar\u0131mda Ayd\u0131nlatman\u0131n Rol\u00fc\"><article class=\"post visible post-50446 type-post status-publish format-standard has-post-thumbnail hentry category-aydinlatma\" data-name=\"Mimari ve Kentsel Tasar\u0131mda Ayd\u0131nlatman\u0131n Rol\u00fc\" data-date=\"2023-01-02T14:05:00+03:00\">\n\n\t<div class=\"post-thumbnail-wrap\">\n\t\t<div class=\"post-thumbnail\">\n\n\t\t\t<a class=\"post-thumbnail-rollover img-css-resize-wrapper\" aria-label=\"Post image\" href=\"https:\/\/conunique.com\/tr\/mimari-ve-kentsel-tasarimda-aydinlatmanin-rolu\/\"><img fetchpriority=\"high\" decoding=\"async\" width=\"1500\" height=\"1000\" src=\"https:\/\/conunique.com\/wp-content\/uploads\/2023\/01\/44itled-1.jpg\" class=\"attachment-full size-full preload-me aspect\" alt=\"\" srcset=\"https:\/\/conunique.com\/wp-content\/uploads\/2023\/01\/44itled-1.jpg 1500w, https:\/\/conunique.com\/wp-content\/uploads\/2023\/01\/44itled-1-300x200.jpg 300w, https:\/\/conunique.com\/wp-content\/uploads\/2023\/01\/44itled-1-1024x683.jpg 1024w, https:\/\/conunique.com\/wp-content\/uploads\/2023\/01\/44itled-1-768x512.jpg 768w, https:\/\/conunique.com\/wp-content\/uploads\/2023\/01\/44itled-1-1200x800.jpg 1200w\" sizes=\"(max-width: 1500px) 100vw, 1500px\" style=\"--ratio: 1500 \/ 1000;\" \/><span class=\"the7-hover-icon\"><svg aria-hidden=\"true\" class=\"e-font-icon-svg e-fas-plus\" viewBox=\"0 0 448 512\" xmlns=\"http:\/\/www.w3.org\/2000\/svg\"><path d=\"M416 208H272V64c0-17.67-14.33-32-32-32h-32c-17.67 0-32 14.33-32 32v144H32c-17.67 0-32 14.33-32 32v32c0 17.67 14.33 32 32 32h144v144c0 17.67 14.33 32 32 32h32c17.67 0 32-14.33 32-32V304h144c17.67 0 32-14.33 32-32v-32c0-17.67-14.33-32-32-32z\"><\/path><\/svg><\/span><\/a>\n\t\t<\/div>\n\t<\/div>\n\n\n<div class=\"post-entry-content\">\n\n\t<h3 class=\"ele-entry-title\"><a href=\"https:\/\/conunique.com\/tr\/mimari-ve-kentsel-tasarimda-aydinlatmanin-rolu\/\" rel=\"bookmark\" title=\"Mimari ve Kentsel Tasar\u0131mda Ayd\u0131nlatman\u0131n Rol\u00fc\">Mimari ve Kentsel Tasar\u0131mda Ayd\u0131nlatman\u0131n Rol\u00fc<\/a><\/h3><div class=\"entry-meta\"><span class=\"meta-item category-link\"><a href=\"https:\/\/conunique.com\/tr\/category\/aydinlatma\/\" rel=\"tag\">ayd\u0131nlatma<\/a><\/span><a class=\"meta-item author vcard\" href=\"https:\/\/conunique.com\/tr\/author\/admin\/\" title=\"View all posts by admin\" rel=\"author external\">By <span class=\"fn\">admin<\/span><\/a><a href=\"https:\/\/conunique.com\/tr\/2023\/01\/02\/\" title=\"14:05\" class=\"meta-item data-link\" rel=\"bookmark\"><time class=\"entry-date updated\" datetime=\"2023-01-02T14:05:00+03:00\">2 Ocak 2023<\/time><\/a><\/div><a href=\"https:\/\/conunique.com\/tr\/mimari-ve-kentsel-tasarimda-aydinlatmanin-rolu\/\" target=\"\" aria-label=\"Read more about Mimari ve Kentsel Tasar\u0131mda Ayd\u0131nlatman\u0131n Rol\u00fc\" class=\"box-button elementor-button elementor-size-xs\">Daha fazla bilgi edinin<\/a>\n<\/div><\/article><\/div><div class=\"visible wf-cell iso-item\" data-post-id=\"50737\" data-date=\"2022-10-06T11:29:18+03:00\" data-name=\"Ayd\u0131nlatma Ruh Halinizi ve \u00dcretkenli\u011fi Nas\u0131l Etkiler?\"><article class=\"post visible post-50737 type-post status-publish format-standard has-post-thumbnail hentry category-aydinlatma tag-aydinlanma-ruh-hali-nasil\" data-name=\"Ayd\u0131nlatma Ruh Halinizi ve \u00dcretkenli\u011fi Nas\u0131l Etkiler?\" data-date=\"2022-10-06T11:29:18+03:00\">\n\n<div class=\"post-entry-content\">\n\n\t<h3 class=\"ele-entry-title\"><a href=\"https:\/\/conunique.com\/tr\/aydinlatma-ruh-halinizi-ve-uretkenligi-nasil-etkiler\/\" rel=\"bookmark\" title=\"Ayd\u0131nlatma Ruh Halinizi ve \u00dcretkenli\u011fi Nas\u0131l Etkiler?\">Ayd\u0131nlatma Ruh Halinizi ve \u00dcretkenli\u011fi Nas\u0131l Etkiler?<\/a><\/h3><div class=\"entry-meta\"><span class=\"meta-item category-link\"><a href=\"https:\/\/conunique.com\/tr\/category\/aydinlatma\/\" rel=\"tag\">ayd\u0131nlatma<\/a><\/span><a class=\"meta-item author vcard\" href=\"https:\/\/conunique.com\/tr\/author\/admin\/\" title=\"View all posts by admin\" rel=\"author external\">By <span class=\"fn\">admin<\/span><\/a><a href=\"https:\/\/conunique.com\/tr\/2022\/10\/06\/\" title=\"11:29\" class=\"meta-item data-link\" rel=\"bookmark\"><time class=\"entry-date updated\" datetime=\"2022-10-06T11:29:18+03:00\">6 Ekim 2022<\/time><\/a><\/div><a href=\"https:\/\/conunique.com\/tr\/aydinlatma-ruh-halinizi-ve-uretkenligi-nasil-etkiler\/\" target=\"\" aria-label=\"Read more about Ayd\u0131nlatma Ruh Halinizi ve \u00dcretkenli\u011fi Nas\u0131l Etkiler?\" class=\"box-button elementor-button elementor-size-xs\">Daha fazla bilgi edinin<\/a>\n<\/div><\/article><\/div><div class=\"visible wf-cell iso-item\" data-post-id=\"50741\" data-date=\"2022-10-04T01:56:00+03:00\" data-name=\"Ayd\u0131nlat\u0131c\u0131 Yenilikler: Ayd\u0131nlatma Teknolojisinin Evrimi\"><article class=\"post visible post-50741 type-post status-publish format-standard has-post-thumbnail hentry category-aydinlatma\" data-name=\"Ayd\u0131nlat\u0131c\u0131 Yenilikler: Ayd\u0131nlatma Teknolojisinin Evrimi\" data-date=\"2022-10-04T01:56:00+03:00\">\n\n<div class=\"post-entry-content\">\n\n\t<h3 class=\"ele-entry-title\"><a href=\"https:\/\/conunique.com\/tr\/aydinlatici-yenilikler-aydinlatma-teknolojisinin-evrimi\/\" rel=\"bookmark\" title=\"Ayd\u0131nlat\u0131c\u0131 Yenilikler: Ayd\u0131nlatma Teknolojisinin Evrimi\">Ayd\u0131nlat\u0131c\u0131 Yenilikler: Ayd\u0131nlatma Teknolojisinin Evrimi<\/a><\/h3><div class=\"entry-meta\"><span class=\"meta-item category-link\"><a href=\"https:\/\/conunique.com\/tr\/category\/aydinlatma\/\" rel=\"tag\">ayd\u0131nlatma<\/a><\/span><a class=\"meta-item author vcard\" href=\"https:\/\/conunique.com\/tr\/author\/admin\/\" title=\"View all posts by admin\" rel=\"author external\">By <span class=\"fn\">admin<\/span><\/a><a href=\"https:\/\/conunique.com\/tr\/2022\/10\/04\/\" title=\"01:56\" class=\"meta-item data-link\" rel=\"bookmark\"><time class=\"entry-date updated\" datetime=\"2022-10-04T01:56:00+03:00\">4 Ekim 2022<\/time><\/a><\/div><a href=\"https:\/\/conunique.com\/tr\/aydinlatici-yenilikler-aydinlatma-teknolojisinin-evrimi\/\" target=\"\" aria-label=\"Read more about Ayd\u0131nlat\u0131c\u0131 Yenilikler: Ayd\u0131nlatma Teknolojisinin Evrimi\" class=\"box-button elementor-button elementor-size-xs\">Daha fazla bilgi edinin<\/a>\n<\/div><\/article><\/div><\/div><!-- iso-container|iso-grid --><\/div>\t\t\t\t<\/div>\n\t\t\t\t<\/div>\n\t\t\t\t\t<\/div>\n\t\t\t\t<\/div>\n\t\t\t\t<\/div>\n\t\t","protected":false},"excerpt":{"rendered":"<p>The Role of Illumination in Architecture and Urban Design lightingBy adminJanuary 2, 2023Daha fazla bilgi edinin How Illumination Impacts Mood and Productivity lightingBy adminOctober 6, 2022Daha fazla bilgi edinin Illuminating Innovations: The Evolution of Lighting Technology lightingBy adminOctober 4, 2022Daha fazla bilgi edinin<\/p>\n","protected":false},"author":2,"featured_media":0,"parent":0,"menu_order":0,"comment_status":"closed","ping_status":"closed","template":"","meta":{"footnotes":""},"class_list":["post-49761","page","type-page","status-publish","hentry"],"_links":{"self":[{"href":"https:\/\/conunique.com\/tr\/wp-json\/wp\/v2\/pages\/49761","targetHints":{"allow":["GET"]}}],"collection":[{"href":"https:\/\/conunique.com\/tr\/wp-json\/wp\/v2\/pages"}],"about":[{"href":"https:\/\/conunique.com\/tr\/wp-json\/wp\/v2\/types\/page"}],"author":[{"embeddable":true,"href":"https:\/\/conunique.com\/tr\/wp-json\/wp\/v2\/users\/2"}],"replies":[{"embeddable":true,"href":"https:\/\/conunique.com\/tr\/wp-json\/wp\/v2\/comments?post=49761"}],"version-history":[{"count":1,"href":"https:\/\/conunique.com\/tr\/wp-json\/wp\/v2\/pages\/49761\/revisions"}],"predecessor-version":[{"id":49762,"href":"https:\/\/conunique.com\/tr\/wp-json\/wp\/v2\/pages\/49761\/revisions\/49762"}],"wp:attachment":[{"href":"https:\/\/conunique.com\/tr\/wp-json\/wp\/v2\/media?parent=49761"}],"curies":[{"name":"wp","href":"https:\/\/api.w.org\/{rel}","templated":true}]}}