{"id":51349,"date":"2024-05-02T10:04:46","date_gmt":"2024-05-02T07:04:46","guid":{"rendered":"https:\/\/conunique.com\/urun\/lampara-de-pie-de-mesa-con-bandeja-extra-grande\/"},"modified":"2024-05-20T14:38:54","modified_gmt":"2024-05-20T11:38:54","slug":"lampara-de-pie-de-mesa-con-bandeja-extra-grande","status":"publish","type":"product","link":"https:\/\/conunique.com\/ru\/urun\/lampara-de-pie-de-mesa-con-bandeja-extra-grande\/","title":{"rendered":"L\u00e1mpara de pie de mesa con bandeja extra grande"},"content":{"rendered":"\t\t<div data-elementor-type=\"product-post\" data-elementor-id=\"51349\" class=\"elementor elementor-51349 elementor-49165\" data-elementor-post-type=\"product\">\n\t\t\t\t\t\t<section class=\"elementor-section elementor-top-section elementor-element elementor-element-2d018b1 elementor-section-boxed elementor-section-height-default elementor-section-height-default\" data-id=\"2d018b1\" data-element_type=\"section\" data-e-type=\"section\">\n\t\t\t\t\t\t<div class=\"elementor-container elementor-column-gap-wide\">\n\t\t\t\t\t<div class=\"elementor-column elementor-col-50 elementor-top-column elementor-element elementor-element-0125e24\" data-id=\"0125e24\" data-element_type=\"column\" data-e-type=\"column\">\n\t\t\t<div class=\"elementor-widget-wrap elementor-element-populated\">\n\t\t\t\t\t\t<div class=\"elementor-element elementor-element-f657f41 elementor-widget elementor-widget-text-editor\" data-id=\"f657f41\" data-element_type=\"widget\" data-e-type=\"widget\" data-widget_type=\"text-editor.default\">\n\t\t\t\t<div class=\"elementor-widget-container\">\n\t\t\t\t\t\t\t\t\t<p>Floor Lamp es un mueble de doble uso que combina una l\u00e1mpara de pie con una espaciosa mesa bandeja. Ofrece iluminaci\u00f3n y una superficie c\u00f3moda para colocar art\u00edculos como bebidas o libros, lo que lo convierte en un complemento pr\u00e1ctico y que ahorra espacio para cualquier habitaci\u00f3n.<\/p>\n\t\t\t\t\t\t\t\t<\/div>\n\t\t\t\t<\/div>\n\t\t\t\t\t<\/div>\n\t\t<\/div>\n\t\t\t\t<div class=\"elementor-column elementor-col-50 elementor-top-column elementor-element elementor-element-929b4ac\" data-id=\"929b4ac\" data-element_type=\"column\" data-e-type=\"column\">\n\t\t\t<div class=\"elementor-widget-wrap elementor-element-populated\">\n\t\t\t\t\t\t<div class=\"elementor-element elementor-element-673d0e8 elementor-widget__width-initial elementor-widget elementor-widget-image\" data-id=\"673d0e8\" data-element_type=\"widget\" data-e-type=\"widget\" data-widget_type=\"image.default\">\n\t\t\t\t<div class=\"elementor-widget-container\">\n\t\t\t\t\t\t\t\t\t\t\t\t\t\t\t\t<a href=\"https:\/\/conunique.com\/wp-content\/uploads\/2024\/05\/Extra-Large-Tray-Table-Floor-Lamp-1.webp\" data-elementor-open-lightbox=\"yes\" data-elementor-lightbox-title=\"Extra Large Tray Table Floor Lamp (1)\" data-e-action-hash=\"#elementor-action%3Aaction%3Dlightbox%26settings%3DeyJpZCI6NTEzNTAsInVybCI6Imh0dHBzOlwvXC9jb251bmlxdWUuY29tXC93cC1jb250ZW50XC91cGxvYWRzXC8yMDI0XC8wNVwvRXh0cmEtTGFyZ2UtVHJheS1UYWJsZS1GbG9vci1MYW1wLTEud2VicCJ9\">\n\t\t\t\t\t\t\t<img fetchpriority=\"high\" decoding=\"async\" width=\"900\" height=\"1200\" src=\"https:\/\/conunique.com\/wp-content\/uploads\/2024\/05\/Extra-Large-Tray-Table-Floor-Lamp-1.webp\" class=\"attachment-full size-full wp-image-51350\" alt=\"\" srcset=\"https:\/\/conunique.com\/wp-content\/uploads\/2024\/05\/Extra-Large-Tray-Table-Floor-Lamp-1.webp 900w, https:\/\/conunique.com\/wp-content\/uploads\/2024\/05\/Extra-Large-Tray-Table-Floor-Lamp-1-225x300.webp 225w, https:\/\/conunique.com\/wp-content\/uploads\/2024\/05\/Extra-Large-Tray-Table-Floor-Lamp-1-768x1024.webp 768w, https:\/\/conunique.com\/wp-content\/uploads\/2024\/05\/Extra-Large-Tray-Table-Floor-Lamp-1-600x800.webp 600w\" sizes=\"(max-width: 900px) 100vw, 900px\" \/>\t\t\t\t\t\t\t\t<\/a>\n\t\t\t\t\t\t\t\t\t\t\t\t\t\t\t<\/div>\n\t\t\t\t<\/div>\n\t\t\t\t<div class=\"elementor-element elementor-element-4924577 elementor-widget__width-initial elementor-widget elementor-widget-image\" data-id=\"4924577\" data-element_type=\"widget\" data-e-type=\"widget\" data-widget_type=\"image.default\">\n\t\t\t\t<div class=\"elementor-widget-container\">\n\t\t\t\t\t\t\t\t\t\t\t\t\t\t\t\t<a href=\"https:\/\/conunique.com\/wp-content\/uploads\/2024\/05\/Large-Tray-Table-Floor-Lamp-22.webp\" data-elementor-open-lightbox=\"yes\" data-elementor-lightbox-title=\"Large Tray Table Floor Lamp 22\" data-e-action-hash=\"#elementor-action%3Aaction%3Dlightbox%26settings%3DeyJpZCI6NTEzNTEsInVybCI6Imh0dHBzOlwvXC9jb251bmlxdWUuY29tXC93cC1jb250ZW50XC91cGxvYWRzXC8yMDI0XC8wNVwvTGFyZ2UtVHJheS1UYWJsZS1GbG9vci1MYW1wLTIyLndlYnAifQ%3D%3D\">\n\t\t\t\t\t\t\t<img decoding=\"async\" width=\"900\" height=\"1200\" src=\"https:\/\/conunique.com\/wp-content\/uploads\/2024\/05\/Large-Tray-Table-Floor-Lamp-22.webp\" class=\"attachment-full size-full wp-image-51351\" alt=\"\" srcset=\"https:\/\/conunique.com\/wp-content\/uploads\/2024\/05\/Large-Tray-Table-Floor-Lamp-22.webp 900w, https:\/\/conunique.com\/wp-content\/uploads\/2024\/05\/Large-Tray-Table-Floor-Lamp-22-225x300.webp 225w, https:\/\/conunique.com\/wp-content\/uploads\/2024\/05\/Large-Tray-Table-Floor-Lamp-22-768x1024.webp 768w, https:\/\/conunique.com\/wp-content\/uploads\/2024\/05\/Large-Tray-Table-Floor-Lamp-22-600x800.webp 600w\" sizes=\"(max-width: 900px) 100vw, 900px\" \/>\t\t\t\t\t\t\t\t<\/a>\n\t\t\t\t\t\t\t\t\t\t\t\t\t\t\t<\/div>\n\t\t\t\t<\/div>\n\t\t\t\t\t<\/div>\n\t\t<\/div>\n\t\t\t\t\t<\/div>\n\t\t<\/section>\n\t\t\t\t<\/div>\n\t\t","protected":false},"excerpt":{"rendered":"<p>Ilumine su hogar con una elegante iluminaci\u00f3n ambiental o de trabajo mientras disfruta de la comodidad de una mesa tipo bandeja de tama\u00f1o generoso al alcance de su mano. Perfecta para veladas acogedoras o sesiones de trabajo productivas, esta innovadora l\u00e1mpara eleva sin esfuerzo su decoraci\u00f3n y, al mismo tiempo, brinda un amplio espacio para bebidas, refrigerios o detalles decorativos.<\/p>\n<ul>\n<li><strong>Lat\u00f3n, Vidrio<\/strong><\/li>\n<li><strong>\u0420\u0443\u0447\u043d\u043e\u0439 \u0440\u0430\u0431\u043e\u0442\u044b<\/strong><\/li>\n<\/ul>\n<p>&nbsp;<\/p>\n","protected":false},"featured_media":51350,"comment_status":"open","ping_status":"closed","template":"","meta":[],"product_brand":[],"product_cat":[465,460],"product_tag":[477,479,444,469],"class_list":{"0":"post-51349","1":"product","2":"type-product","3":"status-publish","4":"has-post-thumbnail","6":"product_cat---ru","7":"product_cat-460","8":"product_tag-laton-ru","9":"product_tag-479","10":"product_tag-444","11":"product_tag-469","12":"pa_color-429","13":"pa_color--ru","14":"pa_color-427","15":"pa_material-442","17":"first","18":"instock","19":"shipping-taxable","20":"product-type-simple"},"_links":{"self":[{"href":"https:\/\/conunique.com\/ru\/wp-json\/wp\/v2\/product\/51349","targetHints":{"allow":["GET"]}}],"collection":[{"href":"https:\/\/conunique.com\/ru\/wp-json\/wp\/v2\/product"}],"about":[{"href":"https:\/\/conunique.com\/ru\/wp-json\/wp\/v2\/types\/product"}],"replies":[{"embeddable":true,"href":"https:\/\/conunique.com\/ru\/wp-json\/wp\/v2\/comments?post=51349"}],"version-history":[{"count":1,"href":"https:\/\/conunique.com\/ru\/wp-json\/wp\/v2\/product\/51349\/revisions"}],"predecessor-version":[{"id":51352,"href":"https:\/\/conunique.com\/ru\/wp-json\/wp\/v2\/product\/51349\/revisions\/51352"}],"wp:featuredmedia":[{"embeddable":true,"href":"https:\/\/conunique.com\/ru\/wp-json\/wp\/v2\/media\/51350"}],"wp:attachment":[{"href":"https:\/\/conunique.com\/ru\/wp-json\/wp\/v2\/media?parent=51349"}],"wp:term":[{"taxonomy":"product_brand","embeddable":true,"href":"https:\/\/conunique.com\/ru\/wp-json\/wp\/v2\/product_brand?post=51349"},{"taxonomy":"product_cat","embeddable":true,"href":"https:\/\/conunique.com\/ru\/wp-json\/wp\/v2\/product_cat?post=51349"},{"taxonomy":"product_tag","embeddable":true,"href":"https:\/\/conunique.com\/ru\/wp-json\/wp\/v2\/product_tag?post=51349"}],"curies":[{"name":"wp","href":"https:\/\/api.w.org\/{rel}","templated":true}]}}