{"id":51234,"date":"2024-05-02T14:18:33","date_gmt":"2024-05-02T11:18:33","guid":{"rendered":"https:\/\/conunique.com\/urun\/lampara-de-pie-style-plata\/"},"modified":"2024-05-20T14:11:23","modified_gmt":"2024-05-20T11:11:23","slug":"lampara-de-pie-style-plata","status":"publish","type":"product","link":"https:\/\/conunique.com\/ru\/urun\/lampara-de-pie-style-plata\/","title":{"rendered":"L\u00e1mpara de pie Style Plata"},"content":{"rendered":"\t\t<div data-elementor-type=\"product-post\" data-elementor-id=\"51234\" class=\"elementor elementor-51234 elementor-49271\" data-elementor-post-type=\"product\">\n\t\t\t\t\t\t<section class=\"elementor-section elementor-top-section elementor-element elementor-element-2d018b1 elementor-section-boxed elementor-section-height-default elementor-section-height-default\" data-id=\"2d018b1\" data-element_type=\"section\" data-e-type=\"section\">\n\t\t\t\t\t\t<div class=\"elementor-container elementor-column-gap-wide\">\n\t\t\t\t\t<div class=\"elementor-column elementor-col-50 elementor-top-column elementor-element elementor-element-0125e24\" data-id=\"0125e24\" data-element_type=\"column\" data-e-type=\"column\">\n\t\t\t<div class=\"elementor-widget-wrap elementor-element-populated\">\n\t\t\t\t\t\t<div class=\"elementor-element elementor-element-f657f41 elementor-widget elementor-widget-text-editor\" data-id=\"f657f41\" data-element_type=\"widget\" data-e-type=\"widget\" data-widget_type=\"text-editor.default\">\n\t\t\t\t<div class=\"elementor-widget-container\">\n\t\t\t\t\t\t\t\t\t<p>Ingrese al reino de la sofisticaci\u00f3n contempor\u00e1nea con esta delgada l\u00e1mpara de pie. Su base y poste con acabado de acero cepillado irradian elegancia moderna, mientras que su construcci\u00f3n de metal garantiza durabilidad. Ilumine su espacio con estilo y estilo, ya que esta l\u00e1mpara se convierte en un punto focal de expresi\u00f3n art\u00edstica en cualquier habitaci\u00f3n.<\/p>\n\t\t\t\t\t\t\t\t<\/div>\n\t\t\t\t<\/div>\n\t\t\t\t\t<\/div>\n\t\t<\/div>\n\t\t\t\t<div class=\"elementor-column elementor-col-50 elementor-top-column elementor-element elementor-element-929b4ac\" data-id=\"929b4ac\" data-element_type=\"column\" data-e-type=\"column\">\n\t\t\t<div class=\"elementor-widget-wrap elementor-element-populated\">\n\t\t\t\t\t\t<div class=\"elementor-element elementor-element-673d0e8 elementor-widget__width-initial elementor-widget elementor-widget-image\" data-id=\"673d0e8\" data-element_type=\"widget\" data-e-type=\"widget\" data-widget_type=\"image.default\">\n\t\t\t\t<div class=\"elementor-widget-container\">\n\t\t\t\t\t\t\t\t\t\t\t\t\t\t\t\t<a href=\"https:\/\/conunique.com\/wp-content\/uploads\/2024\/05\/Style-Floor-Lamp-11.jpg\" data-elementor-open-lightbox=\"yes\" data-elementor-lightbox-title=\"Style Floor Lamp 11\" data-e-action-hash=\"#elementor-action%3Aaction%3Dlightbox%26settings%3DeyJpZCI6NTEyMzUsInVybCI6Imh0dHBzOlwvXC9jb251bmlxdWUuY29tXC93cC1jb250ZW50XC91cGxvYWRzXC8yMDI0XC8wNVwvU3R5bGUtRmxvb3ItTGFtcC0xMS5qcGcifQ%3D%3D\">\n\t\t\t\t\t\t\t<img fetchpriority=\"high\" decoding=\"async\" width=\"900\" height=\"1200\" src=\"https:\/\/conunique.com\/wp-content\/uploads\/2024\/05\/Style-Floor-Lamp-11.jpg\" class=\"attachment-full size-full wp-image-51235\" alt=\"\" srcset=\"https:\/\/conunique.com\/wp-content\/uploads\/2024\/05\/Style-Floor-Lamp-11.jpg 900w, https:\/\/conunique.com\/wp-content\/uploads\/2024\/05\/Style-Floor-Lamp-11-600x800.jpg 600w, https:\/\/conunique.com\/wp-content\/uploads\/2024\/05\/Style-Floor-Lamp-11-225x300.jpg 225w, https:\/\/conunique.com\/wp-content\/uploads\/2024\/05\/Style-Floor-Lamp-11-768x1024.jpg 768w\" sizes=\"(max-width: 900px) 100vw, 900px\" \/>\t\t\t\t\t\t\t\t<\/a>\n\t\t\t\t\t\t\t\t\t\t\t\t\t\t\t<\/div>\n\t\t\t\t<\/div>\n\t\t\t\t<div class=\"elementor-element elementor-element-4924577 elementor-widget__width-initial elementor-widget elementor-widget-image\" data-id=\"4924577\" data-element_type=\"widget\" data-e-type=\"widget\" data-widget_type=\"image.default\">\n\t\t\t\t<div class=\"elementor-widget-container\">\n\t\t\t\t\t\t\t\t\t\t\t\t\t\t\t\t<a href=\"https:\/\/conunique.com\/wp-content\/uploads\/2024\/05\/Style-Floor-Lamp-22.jpg\" data-elementor-open-lightbox=\"yes\" data-elementor-lightbox-title=\"Style Floor Lamp 22\" data-e-action-hash=\"#elementor-action%3Aaction%3Dlightbox%26settings%3DeyJpZCI6NTEyMzYsInVybCI6Imh0dHBzOlwvXC9jb251bmlxdWUuY29tXC93cC1jb250ZW50XC91cGxvYWRzXC8yMDI0XC8wNVwvU3R5bGUtRmxvb3ItTGFtcC0yMi5qcGcifQ%3D%3D\">\n\t\t\t\t\t\t\t<img decoding=\"async\" width=\"900\" height=\"1200\" src=\"https:\/\/conunique.com\/wp-content\/uploads\/2024\/05\/Style-Floor-Lamp-22.jpg\" class=\"attachment-full size-full wp-image-51236\" alt=\"\" srcset=\"https:\/\/conunique.com\/wp-content\/uploads\/2024\/05\/Style-Floor-Lamp-22.jpg 900w, https:\/\/conunique.com\/wp-content\/uploads\/2024\/05\/Style-Floor-Lamp-22-600x800.jpg 600w, https:\/\/conunique.com\/wp-content\/uploads\/2024\/05\/Style-Floor-Lamp-22-225x300.jpg 225w, https:\/\/conunique.com\/wp-content\/uploads\/2024\/05\/Style-Floor-Lamp-22-768x1024.jpg 768w\" sizes=\"(max-width: 900px) 100vw, 900px\" \/>\t\t\t\t\t\t\t\t<\/a>\n\t\t\t\t\t\t\t\t\t\t\t\t\t\t\t<\/div>\n\t\t\t\t<\/div>\n\t\t\t\t\t<\/div>\n\t\t<\/div>\n\t\t\t\t\t<\/div>\n\t\t<\/section>\n\t\t\t\t<\/div>\n\t\t","protected":false},"excerpt":{"rendered":"<p>Fabricada con un perfil delgado y contempor\u00e1neo, esta l\u00e1mpara de pie cuenta con una elegante base y un poste con acabado de acero cepillado, construidos con metal duradero. Ideal para realzar cualquier espacio, esta l\u00e1mpara de pie ofrece elegancia moderna e iluminaci\u00f3n confiable.<\/p>\n<ul>\n<li><strong>Metal, Vidrio<\/strong><\/li>\n<li><strong>hecho a mano<\/strong><\/li>\n<\/ul>\n<p>&nbsp;<\/p>\n","protected":false},"featured_media":51237,"comment_status":"open","ping_status":"closed","template":"","meta":[],"product_brand":[],"product_cat":[465,460],"product_tag":[477,470,444,469],"class_list":{"0":"post-51234","1":"product","2":"type-product","3":"status-publish","4":"has-post-thumbnail","6":"product_cat---ru","7":"product_cat-460","8":"product_tag-laton-ru","9":"product_tag-470","10":"product_tag-444","11":"product_tag-469","12":"pa_color-429","13":"pa_color--ru","14":"pa_color-427","15":"pa_material-442","17":"first","18":"instock","19":"shipping-taxable","20":"product-type-simple"},"_links":{"self":[{"href":"https:\/\/conunique.com\/ru\/wp-json\/wp\/v2\/product\/51234","targetHints":{"allow":["GET"]}}],"collection":[{"href":"https:\/\/conunique.com\/ru\/wp-json\/wp\/v2\/product"}],"about":[{"href":"https:\/\/conunique.com\/ru\/wp-json\/wp\/v2\/types\/product"}],"replies":[{"embeddable":true,"href":"https:\/\/conunique.com\/ru\/wp-json\/wp\/v2\/comments?post=51234"}],"version-history":[{"count":0,"href":"https:\/\/conunique.com\/ru\/wp-json\/wp\/v2\/product\/51234\/revisions"}],"wp:featuredmedia":[{"embeddable":true,"href":"https:\/\/conunique.com\/ru\/wp-json\/wp\/v2\/media\/51237"}],"wp:attachment":[{"href":"https:\/\/conunique.com\/ru\/wp-json\/wp\/v2\/media?parent=51234"}],"wp:term":[{"taxonomy":"product_brand","embeddable":true,"href":"https:\/\/conunique.com\/ru\/wp-json\/wp\/v2\/product_brand?post=51234"},{"taxonomy":"product_cat","embeddable":true,"href":"https:\/\/conunique.com\/ru\/wp-json\/wp\/v2\/product_cat?post=51234"},{"taxonomy":"product_tag","embeddable":true,"href":"https:\/\/conunique.com\/ru\/wp-json\/wp\/v2\/product_tag?post=51234"}],"curies":[{"name":"wp","href":"https:\/\/api.w.org\/{rel}","templated":true}]}}