{"id":51097,"date":"2024-05-03T13:20:43","date_gmt":"2024-05-03T10:20:43","guid":{"rendered":"https:\/\/conunique.com\/urun\/lampara-colgante-marroqui-grande-de-laton\/"},"modified":"2024-05-20T14:46:36","modified_gmt":"2024-05-20T11:46:36","slug":"lampara-colgante-marroqui-grande-de-laton","status":"publish","type":"product","link":"https:\/\/conunique.com\/ru\/urun\/lampara-colgante-marroqui-grande-de-laton\/","title":{"rendered":"L\u00e1mpara colgante marroqu\u00ed grande de lat\u00f3n"},"content":{"rendered":"\t\t<div data-elementor-type=\"product-post\" data-elementor-id=\"51097\" class=\"elementor elementor-51097 elementor-49358\" data-elementor-post-type=\"product\">\n\t\t\t\t\t\t<section class=\"elementor-section elementor-top-section elementor-element elementor-element-2d018b1 elementor-section-boxed elementor-section-height-default elementor-section-height-default\" data-id=\"2d018b1\" data-element_type=\"section\" data-e-type=\"section\">\n\t\t\t\t\t\t<div class=\"elementor-container elementor-column-gap-wide\">\n\t\t\t\t\t<div class=\"elementor-column elementor-col-50 elementor-top-column elementor-element elementor-element-0125e24\" data-id=\"0125e24\" data-element_type=\"column\" data-e-type=\"column\">\n\t\t\t<div class=\"elementor-widget-wrap elementor-element-populated\">\n\t\t\t\t\t\t<div class=\"elementor-element elementor-element-f657f41 elementor-widget elementor-widget-text-editor\" data-id=\"f657f41\" data-element_type=\"widget\" data-e-type=\"widget\" data-widget_type=\"text-editor.default\">\n\t\t\t\t<div class=\"elementor-widget-container\">\n\t\t\t\t\t\t\t\t\t<p>Fabricada con alto brillo por su distintivo patr\u00f3n giratorio, nuestra l\u00e1mpara cuenta con l\u00edneas limpias y delicados detalles en bronce. Cada pieza est\u00e1 numerada, garantizando su exclusividad como una obra de arte.<\/p>\n\t\t\t\t\t\t\t\t<\/div>\n\t\t\t\t<\/div>\n\t\t\t\t\t<\/div>\n\t\t<\/div>\n\t\t\t\t<div class=\"elementor-column elementor-col-50 elementor-top-column elementor-element elementor-element-929b4ac\" data-id=\"929b4ac\" data-element_type=\"column\" data-e-type=\"column\">\n\t\t\t<div class=\"elementor-widget-wrap elementor-element-populated\">\n\t\t\t\t\t\t<div class=\"elementor-element elementor-element-673d0e8 elementor-widget__width-initial elementor-widget elementor-widget-image\" data-id=\"673d0e8\" data-element_type=\"widget\" data-e-type=\"widget\" data-widget_type=\"image.default\">\n\t\t\t\t<div class=\"elementor-widget-container\">\n\t\t\t\t\t\t\t\t\t\t\t\t\t\t\t\t<a href=\"https:\/\/conunique.com\/wp-content\/uploads\/2024\/05\/19Untitled-1.jpg\" data-elementor-open-lightbox=\"yes\" data-elementor-lightbox-title=\"Large Moroccan Pendant Brass Light\" data-e-action-hash=\"#elementor-action%3Aaction%3Dlightbox%26settings%3DeyJpZCI6NTExMDMsInVybCI6Imh0dHBzOlwvXC9jb251bmlxdWUuY29tXC93cC1jb250ZW50XC91cGxvYWRzXC8yMDI0XC8wNVwvMTlVbnRpdGxlZC0xLmpwZyJ9\">\n\t\t\t\t\t\t\t<img fetchpriority=\"high\" decoding=\"async\" width=\"900\" height=\"1200\" src=\"https:\/\/conunique.com\/wp-content\/uploads\/2024\/05\/19Untitled-1.jpg\" class=\"attachment-full size-full wp-image-51103\" alt=\"\" srcset=\"https:\/\/conunique.com\/wp-content\/uploads\/2024\/05\/19Untitled-1.jpg 900w, https:\/\/conunique.com\/wp-content\/uploads\/2024\/05\/19Untitled-1-600x800.jpg 600w, https:\/\/conunique.com\/wp-content\/uploads\/2024\/05\/19Untitled-1-225x300.jpg 225w, https:\/\/conunique.com\/wp-content\/uploads\/2024\/05\/19Untitled-1-768x1024.jpg 768w\" sizes=\"(max-width: 900px) 100vw, 900px\" \/>\t\t\t\t\t\t\t\t<\/a>\n\t\t\t\t\t\t\t\t\t\t\t\t\t\t\t<\/div>\n\t\t\t\t<\/div>\n\t\t\t\t<div class=\"elementor-element elementor-element-4924577 elementor-widget__width-initial elementor-widget elementor-widget-image\" data-id=\"4924577\" data-element_type=\"widget\" data-e-type=\"widget\" data-widget_type=\"image.default\">\n\t\t\t\t<div class=\"elementor-widget-container\">\n\t\t\t\t\t\t\t\t\t\t\t\t\t\t\t\t<a href=\"https:\/\/conunique.com\/wp-content\/uploads\/2024\/05\/4Untitled-1-2.jpg\" data-elementor-open-lightbox=\"yes\" data-elementor-lightbox-title=\"Large Moroccan Pendant Brass Light\" data-e-action-hash=\"#elementor-action%3Aaction%3Dlightbox%26settings%3DeyJpZCI6NTExMDAsInVybCI6Imh0dHBzOlwvXC9jb251bmlxdWUuY29tXC93cC1jb250ZW50XC91cGxvYWRzXC8yMDI0XC8wNVwvNFVudGl0bGVkLTEtMi5qcGcifQ%3D%3D\">\n\t\t\t\t\t\t\t<img decoding=\"async\" width=\"900\" height=\"1200\" src=\"https:\/\/conunique.com\/wp-content\/uploads\/2024\/05\/4Untitled-1-2.jpg\" class=\"attachment-full size-full wp-image-51100\" alt=\"\" srcset=\"https:\/\/conunique.com\/wp-content\/uploads\/2024\/05\/4Untitled-1-2.jpg 900w, https:\/\/conunique.com\/wp-content\/uploads\/2024\/05\/4Untitled-1-2-600x800.jpg 600w, https:\/\/conunique.com\/wp-content\/uploads\/2024\/05\/4Untitled-1-2-225x300.jpg 225w, https:\/\/conunique.com\/wp-content\/uploads\/2024\/05\/4Untitled-1-2-768x1024.jpg 768w\" sizes=\"(max-width: 900px) 100vw, 900px\" \/>\t\t\t\t\t\t\t\t<\/a>\n\t\t\t\t\t\t\t\t\t\t\t\t\t\t\t<\/div>\n\t\t\t\t<\/div>\n\t\t\t\t\t<\/div>\n\t\t<\/div>\n\t\t\t\t\t<\/div>\n\t\t<\/section>\n\t\t\t\t<\/div>\n\t\t","protected":false},"excerpt":{"rendered":"<p>Una l\u00e1mpara de ara\u00f1a marroqu\u00ed hecha a mano con una estrella recortada realza la decoraci\u00f3n de la cocina. Nuestras piezas \u00fanicas est\u00e1n elaboradas meticulosamente por artesanos, garantizando la m\u00e1xima calidad. Perfectas para crear un estilo marroqu\u00ed original, cada l\u00e1mpara de ara\u00f1a es un testimonio de la artesan\u00eda de calidad, dise\u00f1ada para elevar la est\u00e9tica de su granja.<\/p>\n<ul>\n<li><strong>\u041c\u0435\u0442\u0430\u043b\u043b<\/strong><\/li>\n<li><strong>\u0420\u0443\u0447\u043d\u043e\u0439 \u0440\u0430\u0431\u043e\u0442\u044b<\/strong><\/li>\n<\/ul>\n<p>&nbsp;<\/p>\n","protected":false},"featured_media":51099,"comment_status":"open","ping_status":"closed","template":"","meta":[],"product_brand":[],"product_cat":[461,460],"product_tag":[445,444],"class_list":{"0":"post-51097","1":"product","2":"type-product","3":"status-publish","4":"has-post-thumbnail","6":"product_cat---ru","7":"product_cat-460","8":"product_tag-445","9":"product_tag-444","10":"pa_color-429","11":"pa_color--ru","12":"pa_color-427","13":"pa_material-442","15":"first","16":"instock","17":"shipping-taxable","18":"product-type-simple"},"_links":{"self":[{"href":"https:\/\/conunique.com\/ru\/wp-json\/wp\/v2\/product\/51097","targetHints":{"allow":["GET"]}}],"collection":[{"href":"https:\/\/conunique.com\/ru\/wp-json\/wp\/v2\/product"}],"about":[{"href":"https:\/\/conunique.com\/ru\/wp-json\/wp\/v2\/types\/product"}],"replies":[{"embeddable":true,"href":"https:\/\/conunique.com\/ru\/wp-json\/wp\/v2\/comments?post=51097"}],"version-history":[{"count":1,"href":"https:\/\/conunique.com\/ru\/wp-json\/wp\/v2\/product\/51097\/revisions"}],"predecessor-version":[{"id":51373,"href":"https:\/\/conunique.com\/ru\/wp-json\/wp\/v2\/product\/51097\/revisions\/51373"}],"wp:featuredmedia":[{"embeddable":true,"href":"https:\/\/conunique.com\/ru\/wp-json\/wp\/v2\/media\/51099"}],"wp:attachment":[{"href":"https:\/\/conunique.com\/ru\/wp-json\/wp\/v2\/media?parent=51097"}],"wp:term":[{"taxonomy":"product_brand","embeddable":true,"href":"https:\/\/conunique.com\/ru\/wp-json\/wp\/v2\/product_brand?post=51097"},{"taxonomy":"product_cat","embeddable":true,"href":"https:\/\/conunique.com\/ru\/wp-json\/wp\/v2\/product_cat?post=51097"},{"taxonomy":"product_tag","embeddable":true,"href":"https:\/\/conunique.com\/ru\/wp-json\/wp\/v2\/product_tag?post=51097"}],"curies":[{"name":"wp","href":"https:\/\/api.w.org\/{rel}","templated":true}]}}