{"id":52607,"date":"2025-03-18T18:40:41","date_gmt":"2025-03-18T15:40:41","guid":{"rendered":"https:\/\/conunique.com\/urun\/lustre-oriental-luxueux-au-design-raffine\/"},"modified":"2025-03-18T18:40:41","modified_gmt":"2025-03-18T15:40:41","slug":"lustre-oriental-luxueux-au-design-raffine","status":"publish","type":"product","link":"https:\/\/conunique.com\/fr\/urun\/lustre-oriental-luxueux-au-design-raffine\/","title":{"rendered":"Lustre oriental luxueux au design raffin\u00e9."},"content":{"rendered":"<p class=\"p1\">Un lustre \u00e0 couper le souffle avec un travail du m\u00e9tal finement ouvrag\u00e9 et des lanternes suspendues, projetant des motifs lumineux envo\u00fbtants. Parfait pour ajouter luxe et charme aux int\u00e9rieurs haut de gamme. <\/p>\n","protected":false},"excerpt":{"rendered":"<p class=\"p1\">Chef-d\u2019\u0153uvre \u00e9poustouflant inspir\u00e9 de l\u2019artisanat arabe traditionnel, ce lustre se distingue par un m\u00e9tal finement ajour\u00e9 qui projette de magnifiques motifs lumineux. Avec ses multiples lanternes suspendues harmonieusement dispos\u00e9es, il apporte une touche d\u2019\u00e9l\u00e9gance et de grandeur, en faisant une pi\u00e8ce ma\u00eetresse id\u00e9ale pour les palais, les h\u00f4tels et les int\u00e9rieurs raffin\u00e9s. <\/p>\n","protected":false},"featured_media":52558,"comment_status":"open","ping_status":"closed","template":"","meta":[],"product_brand":[],"product_cat":[455,451],"product_tag":[602],"class_list":{"0":"post-52607","1":"product","2":"type-product","3":"status-publish","4":"has-post-thumbnail","6":"product_cat-luminaires-suspendus","7":"product_cat-orientale","8":"product_tag-lustre-oriental-luxueux-au-design-raffine","9":"pa_color-antique-fr","10":"pa_color-argent","11":"pa_color-or","12":"pa_material-metal-fr","13":"pa_material-verre","14":"description-off","16":"first","17":"instock","18":"shipping-taxable","19":"product-type-simple"},"_links":{"self":[{"href":"https:\/\/conunique.com\/fr\/wp-json\/wp\/v2\/product\/52607","targetHints":{"allow":["GET"]}}],"collection":[{"href":"https:\/\/conunique.com\/fr\/wp-json\/wp\/v2\/product"}],"about":[{"href":"https:\/\/conunique.com\/fr\/wp-json\/wp\/v2\/types\/product"}],"replies":[{"embeddable":true,"href":"https:\/\/conunique.com\/fr\/wp-json\/wp\/v2\/comments?post=52607"}],"version-history":[{"count":0,"href":"https:\/\/conunique.com\/fr\/wp-json\/wp\/v2\/product\/52607\/revisions"}],"wp:featuredmedia":[{"embeddable":true,"href":"https:\/\/conunique.com\/fr\/wp-json\/wp\/v2\/media\/52558"}],"wp:attachment":[{"href":"https:\/\/conunique.com\/fr\/wp-json\/wp\/v2\/media?parent=52607"}],"wp:term":[{"taxonomy":"product_brand","embeddable":true,"href":"https:\/\/conunique.com\/fr\/wp-json\/wp\/v2\/product_brand?post=52607"},{"taxonomy":"product_cat","embeddable":true,"href":"https:\/\/conunique.com\/fr\/wp-json\/wp\/v2\/product_cat?post=52607"},{"taxonomy":"product_tag","embeddable":true,"href":"https:\/\/conunique.com\/fr\/wp-json\/wp\/v2\/product_tag?post=52607"}],"curies":[{"name":"wp","href":"https:\/\/api.w.org\/{rel}","templated":true}]}}