{"id":51975,"date":"2024-05-01T11:24:10","date_gmt":"2024-05-01T08:24:10","guid":{"rendered":"https:\/\/conunique.com\/urun\/lustre-a-huit-lumieres\/"},"modified":"2024-05-21T13:42:24","modified_gmt":"2024-05-21T10:42:24","slug":"lustre-a-huit-lumieres","status":"publish","type":"product","link":"https:\/\/conunique.com\/fr\/urun\/lustre-a-huit-lumieres\/","title":{"rendered":"Lustre \u00e0 huit lumi\u00e8res"},"content":{"rendered":"\t\t<div data-elementor-type=\"product-post\" data-elementor-id=\"51975\" class=\"elementor elementor-51975 elementor-49096\" data-elementor-post-type=\"product\">\n\t\t\t\t\t\t<section class=\"elementor-section elementor-top-section elementor-element elementor-element-2d018b1 elementor-section-boxed elementor-section-height-default elementor-section-height-default\" data-id=\"2d018b1\" data-element_type=\"section\" data-e-type=\"section\">\n\t\t\t\t\t\t<div class=\"elementor-container elementor-column-gap-wide\">\n\t\t\t\t\t<div class=\"elementor-column elementor-col-50 elementor-top-column elementor-element elementor-element-0125e24\" data-id=\"0125e24\" data-element_type=\"column\" data-e-type=\"column\">\n\t\t\t<div class=\"elementor-widget-wrap elementor-element-populated\">\n\t\t\t\t\t\t<div class=\"elementor-element elementor-element-f657f41 elementor-widget elementor-widget-text-editor\" data-id=\"f657f41\" data-element_type=\"widget\" data-e-type=\"widget\" data-widget_type=\"text-editor.default\">\n\t\t\t\t<div class=\"elementor-widget-container\">\n\t\t\t\t\t\t\t\t\t<p>La collection Corbell associe une finition blanc mat tendance avec des accents en laiton. Ses abat-jour en m\u00e9tal cintr\u00e9s ajoutent une touche f\u00e9minine \u00e0 son design \u00e9pur\u00e9.<\/p>\n\t\t\t\t\t\t\t\t<\/div>\n\t\t\t\t<\/div>\n\t\t\t\t\t<\/div>\n\t\t<\/div>\n\t\t\t\t<div class=\"elementor-column elementor-col-50 elementor-top-column elementor-element elementor-element-929b4ac\" data-id=\"929b4ac\" data-element_type=\"column\" data-e-type=\"column\">\n\t\t\t<div class=\"elementor-widget-wrap elementor-element-populated\">\n\t\t\t\t\t\t<div class=\"elementor-element elementor-element-673d0e8 elementor-widget__width-initial elementor-widget elementor-widget-image\" data-id=\"673d0e8\" data-element_type=\"widget\" data-e-type=\"widget\" data-widget_type=\"image.default\">\n\t\t\t\t<div class=\"elementor-widget-container\">\n\t\t\t\t\t\t\t\t\t\t\t\t\t\t\t\t<a href=\"https:\/\/conunique.com\/wp-content\/uploads\/2024\/05\/03Untitled-1-1.jpg\" data-elementor-open-lightbox=\"yes\" data-elementor-lightbox-title=\"Lustre \u00e0 huit lumi\u00e8res\" data-e-action-hash=\"#elementor-action%3Aaction%3Dlightbox%26settings%3DeyJpZCI6NTA5MzcsInVybCI6Imh0dHBzOlwvXC9jb251bmlxdWUuY29tXC93cC1jb250ZW50XC91cGxvYWRzXC8yMDI0XC8wNVwvRHViYWlXMjMtQm9sZC0xLnR0ZiJ9\">\n\t\t\t\t\t\t\t<img decoding=\"async\" src=\"https:\/\/conunique.com\/wp-content\/uploads\/2024\/05\/DubaiW23-Bold-1.ttf\" class=\"attachment-full size-full wp-image-50937\" alt=\"\" \/>\t\t\t\t\t\t\t\t<\/a>\n\t\t\t\t\t\t\t\t\t\t\t\t\t\t\t<\/div>\n\t\t\t\t<\/div>\n\t\t\t\t<div class=\"elementor-element elementor-element-4924577 elementor-widget__width-initial elementor-widget elementor-widget-image\" data-id=\"4924577\" data-element_type=\"widget\" data-e-type=\"widget\" data-widget_type=\"image.default\">\n\t\t\t\t<div class=\"elementor-widget-container\">\n\t\t\t\t\t\t\t\t\t\t\t\t\t\t\t\t<a href=\"https:\/\/conunique.com\/wp-content\/uploads\/2024\/05\/04Untitled-1-2.jpg\" data-elementor-open-lightbox=\"yes\" data-elementor-lightbox-title=\"Eight Light Chandelier\" data-e-action-hash=\"#elementor-action%3Aaction%3Dlightbox%26settings%3DeyJpZCI6NTE5NzcsInVybCI6Imh0dHBzOlwvXC9jb251bmlxdWUuY29tXC93cC1jb250ZW50XC91cGxvYWRzXC8yMDI0XC8wNVwvMDRVbnRpdGxlZC0xLTIuanBnIn0%3D\">\n\t\t\t\t\t\t\t<img fetchpriority=\"high\" decoding=\"async\" width=\"900\" height=\"1200\" src=\"https:\/\/conunique.com\/wp-content\/uploads\/2024\/05\/04Untitled-1-2.jpg\" class=\"attachment-full size-full wp-image-51977\" alt=\"\" srcset=\"https:\/\/conunique.com\/wp-content\/uploads\/2024\/05\/04Untitled-1-2.jpg 900w, https:\/\/conunique.com\/wp-content\/uploads\/2024\/05\/04Untitled-1-2-225x300.jpg 225w, https:\/\/conunique.com\/wp-content\/uploads\/2024\/05\/04Untitled-1-2-768x1024.jpg 768w, https:\/\/conunique.com\/wp-content\/uploads\/2024\/05\/04Untitled-1-2-600x800.jpg 600w\" sizes=\"(max-width: 900px) 100vw, 900px\" \/>\t\t\t\t\t\t\t\t<\/a>\n\t\t\t\t\t\t\t\t\t\t\t\t\t\t\t<\/div>\n\t\t\t\t<\/div>\n\t\t\t\t\t<\/div>\n\t\t<\/div>\n\t\t\t\t\t<\/div>\n\t\t<\/section>\n\t\t\t\t<\/div>\n\t\t","protected":false},"excerpt":{"rendered":"<p>La collection Corbell pr\u00e9sente une finition blanc mat avec des accents en laiton, une combinaison tendance dans un design moderne. Ses abat-jour en m\u00e9tal cintr\u00e9s ajoutent une touche d&rsquo;\u00e9l\u00e9gance f\u00e9minine \u00e0 sa forme attrayante.<\/p>\n<ul>\n<li><strong>Acier inoxydable, Verre<\/strong><\/li>\n<li><strong>Fait principal<\/strong><\/li>\n<\/ul>\n<p>&nbsp;<\/p>\n","protected":false},"featured_media":51978,"comment_status":"open","ping_status":"closed","template":"","meta":[],"product_brand":[],"product_cat":[463,462],"product_tag":[480,452,471,535],"class_list":{"0":"post-51975","1":"product","2":"type-product","3":"status-publish","4":"has-post-thumbnail","6":"product_cat-luminaires-suspendus-fr","7":"product_cat-moderne","8":"product_tag-dirige","9":"product_tag-fait-main","10":"product_tag-lustre","11":"product_tag-trapeze-fr","12":"pa_color-antique-fr","13":"pa_color-argent","14":"pa_color-or","15":"pa_material-metal-fr","17":"first","18":"instock","19":"shipping-taxable","20":"product-type-simple"},"_links":{"self":[{"href":"https:\/\/conunique.com\/fr\/wp-json\/wp\/v2\/product\/51975","targetHints":{"allow":["GET"]}}],"collection":[{"href":"https:\/\/conunique.com\/fr\/wp-json\/wp\/v2\/product"}],"about":[{"href":"https:\/\/conunique.com\/fr\/wp-json\/wp\/v2\/types\/product"}],"replies":[{"embeddable":true,"href":"https:\/\/conunique.com\/fr\/wp-json\/wp\/v2\/comments?post=51975"}],"version-history":[{"count":1,"href":"https:\/\/conunique.com\/fr\/wp-json\/wp\/v2\/product\/51975\/revisions"}],"predecessor-version":[{"id":51980,"href":"https:\/\/conunique.com\/fr\/wp-json\/wp\/v2\/product\/51975\/revisions\/51980"}],"wp:featuredmedia":[{"embeddable":true,"href":"https:\/\/conunique.com\/fr\/wp-json\/wp\/v2\/media\/51978"}],"wp:attachment":[{"href":"https:\/\/conunique.com\/fr\/wp-json\/wp\/v2\/media?parent=51975"}],"wp:term":[{"taxonomy":"product_brand","embeddable":true,"href":"https:\/\/conunique.com\/fr\/wp-json\/wp\/v2\/product_brand?post=51975"},{"taxonomy":"product_cat","embeddable":true,"href":"https:\/\/conunique.com\/fr\/wp-json\/wp\/v2\/product_cat?post=51975"},{"taxonomy":"product_tag","embeddable":true,"href":"https:\/\/conunique.com\/fr\/wp-json\/wp\/v2\/product_tag?post=51975"}],"curies":[{"name":"wp","href":"https:\/\/api.w.org\/{rel}","templated":true}]}}