{"id":51832,"date":"2024-04-30T21:59:16","date_gmt":"2024-04-30T18:59:16","guid":{"rendered":"https:\/\/conunique.com\/urun\/lampadaire-angulaire\/"},"modified":"2024-05-21T13:09:19","modified_gmt":"2024-05-21T10:09:19","slug":"lampadaire-angulaire","status":"publish","type":"product","link":"https:\/\/conunique.com\/fr\/urun\/lampadaire-angulaire\/","title":{"rendered":"Lampadaire angulaire"},"content":{"rendered":"\t\t<div data-elementor-type=\"product-post\" data-elementor-id=\"51832\" class=\"elementor elementor-51832 elementor-49012\" data-elementor-post-type=\"product\">\n\t\t\t\t\t\t<section class=\"elementor-section elementor-top-section elementor-element elementor-element-2d018b1 elementor-section-boxed elementor-section-height-default elementor-section-height-default\" data-id=\"2d018b1\" data-element_type=\"section\" data-e-type=\"section\">\n\t\t\t\t\t\t<div class=\"elementor-container elementor-column-gap-wide\">\n\t\t\t\t\t<div class=\"elementor-column elementor-col-50 elementor-top-column elementor-element elementor-element-0125e24\" data-id=\"0125e24\" data-element_type=\"column\" data-e-type=\"column\">\n\t\t\t<div class=\"elementor-widget-wrap elementor-element-populated\">\n\t\t\t\t\t\t<div class=\"elementor-element elementor-element-f657f41 elementor-widget elementor-widget-text-editor\" data-id=\"f657f41\" data-element_type=\"widget\" data-e-type=\"widget\" data-widget_type=\"text-editor.default\">\n\t\t\t\t<div class=\"elementor-widget-container\">\n\t\t\t\t\t\t\t\t\t<p>Le lampadaire angulaire : moderne, \u00e9l\u00e9gant et r\u00e9glable. Con\u00e7u avec des lignes \u00e9pur\u00e9es et disponible en diff\u00e9rentes finitions, il ajoute de la sophistication \u00e0 n&rsquo;importe quel espace.<\/p>\n\t\t\t\t\t\t\t\t<\/div>\n\t\t\t\t<\/div>\n\t\t\t\t\t<\/div>\n\t\t<\/div>\n\t\t\t\t<div class=\"elementor-column elementor-col-50 elementor-top-column elementor-element elementor-element-929b4ac\" data-id=\"929b4ac\" data-element_type=\"column\" data-e-type=\"column\">\n\t\t\t<div class=\"elementor-widget-wrap elementor-element-populated\">\n\t\t\t\t\t\t<div class=\"elementor-element elementor-element-673d0e8 elementor-widget__width-initial elementor-widget elementor-widget-image\" data-id=\"673d0e8\" data-element_type=\"widget\" data-e-type=\"widget\" data-widget_type=\"image.default\">\n\t\t\t\t<div class=\"elementor-widget-container\">\n\t\t\t\t\t\t\t\t\t\t\t\t\t\t\t\t<a href=\"https:\/\/conunique.com\/wp-content\/uploads\/2024\/04\/ppUntitled-1.jpg\" data-elementor-open-lightbox=\"yes\" data-elementor-lightbox-title=\"Angular Floor Lamp\" data-e-action-hash=\"#elementor-action%3Aaction%3Dlightbox%26settings%3DeyJpZCI6NTE4MzUsInVybCI6Imh0dHBzOlwvXC9jb251bmlxdWUuY29tXC93cC1jb250ZW50XC91cGxvYWRzXC8yMDI0XC8wNFwvcHBVbnRpdGxlZC0xLmpwZyJ9\">\n\t\t\t\t\t\t\t<img fetchpriority=\"high\" decoding=\"async\" width=\"900\" height=\"1200\" src=\"https:\/\/conunique.com\/wp-content\/uploads\/2024\/04\/ppUntitled-1.jpg\" class=\"attachment-full size-full wp-image-51835\" alt=\"\" srcset=\"https:\/\/conunique.com\/wp-content\/uploads\/2024\/04\/ppUntitled-1.jpg 900w, https:\/\/conunique.com\/wp-content\/uploads\/2024\/04\/ppUntitled-1-225x300.jpg 225w, https:\/\/conunique.com\/wp-content\/uploads\/2024\/04\/ppUntitled-1-768x1024.jpg 768w, https:\/\/conunique.com\/wp-content\/uploads\/2024\/04\/ppUntitled-1-600x800.jpg 600w\" sizes=\"(max-width: 900px) 100vw, 900px\" \/>\t\t\t\t\t\t\t\t<\/a>\n\t\t\t\t\t\t\t\t\t\t\t\t\t\t\t<\/div>\n\t\t\t\t<\/div>\n\t\t\t\t<div class=\"elementor-element elementor-element-4924577 elementor-widget__width-initial elementor-widget elementor-widget-image\" data-id=\"4924577\" data-element_type=\"widget\" data-e-type=\"widget\" data-widget_type=\"image.default\">\n\t\t\t\t<div class=\"elementor-widget-container\">\n\t\t\t\t\t\t\t\t\t\t\t\t\t\t\t\t<a href=\"https:\/\/conunique.com\/wp-content\/uploads\/2024\/04\/bbUntitled-1.jpg\" data-elementor-open-lightbox=\"yes\" data-elementor-lightbox-title=\"Angular Floor Lamp\" data-e-action-hash=\"#elementor-action%3Aaction%3Dlightbox%26settings%3DeyJpZCI6NTE4MzMsInVybCI6Imh0dHBzOlwvXC9jb251bmlxdWUuY29tXC93cC1jb250ZW50XC91cGxvYWRzXC8yMDI0XC8wNFwvYmJVbnRpdGxlZC0xLmpwZyJ9\">\n\t\t\t\t\t\t\t<img decoding=\"async\" width=\"900\" height=\"1200\" src=\"https:\/\/conunique.com\/wp-content\/uploads\/2024\/04\/bbUntitled-1.jpg\" class=\"attachment-full size-full wp-image-51833\" alt=\"\" srcset=\"https:\/\/conunique.com\/wp-content\/uploads\/2024\/04\/bbUntitled-1.jpg 900w, https:\/\/conunique.com\/wp-content\/uploads\/2024\/04\/bbUntitled-1-225x300.jpg 225w, https:\/\/conunique.com\/wp-content\/uploads\/2024\/04\/bbUntitled-1-768x1024.jpg 768w, https:\/\/conunique.com\/wp-content\/uploads\/2024\/04\/bbUntitled-1-600x800.jpg 600w\" sizes=\"(max-width: 900px) 100vw, 900px\" \/>\t\t\t\t\t\t\t\t<\/a>\n\t\t\t\t\t\t\t\t\t\t\t\t\t\t\t<\/div>\n\t\t\t\t<\/div>\n\t\t\t\t\t<\/div>\n\t\t<\/div>\n\t\t\t\t\t<\/div>\n\t\t<\/section>\n\t\t\t\t<\/div>\n\t\t","protected":false},"excerpt":{"rendered":"<p>Le lampadaire angulaire est un luminaire moderne au design \u00e9l\u00e9gant et angulaire. Son esth\u00e9tique minimaliste et ses caract\u00e9ristiques r\u00e9glables en font un ajout polyvalent \u00e0 tout espace de vie contemporain. Fabriqu\u00e9e en m\u00e9tal avec des lignes \u00e9pur\u00e9es et disponible en diff\u00e9rentes finitions, cette lampe ajoute une touche de sophistication et de fonctionnalit\u00e9 \u00e0 votre d\u00e9coration int\u00e9rieure.<\/p>\n<ul>\n<li><strong>Fait main <\/strong><\/li>\n<li><strong>Fabriqu\u00e9 \u00e0 la main en laiton<\/strong><\/li>\n<\/ul>\n<p>&nbsp;<\/p>\n","protected":false},"featured_media":51836,"comment_status":"open","ping_status":"closed","template":"","meta":[],"product_brand":[],"product_cat":[466,462],"product_tag":[498,480,452],"class_list":{"0":"post-51832","1":"product","2":"type-product","3":"status-publish","4":"has-post-thumbnail","6":"product_cat-lampes-de-sol-fr","7":"product_cat-moderne","8":"product_tag-albatre","9":"product_tag-dirige","10":"product_tag-fait-main","11":"pa_color-antique-fr","12":"pa_color-argent","13":"pa_color-or","14":"pa_material-metal-fr","16":"first","17":"instock","18":"shipping-taxable","19":"product-type-simple"},"_links":{"self":[{"href":"https:\/\/conunique.com\/fr\/wp-json\/wp\/v2\/product\/51832","targetHints":{"allow":["GET"]}}],"collection":[{"href":"https:\/\/conunique.com\/fr\/wp-json\/wp\/v2\/product"}],"about":[{"href":"https:\/\/conunique.com\/fr\/wp-json\/wp\/v2\/types\/product"}],"replies":[{"embeddable":true,"href":"https:\/\/conunique.com\/fr\/wp-json\/wp\/v2\/comments?post=51832"}],"version-history":[{"count":1,"href":"https:\/\/conunique.com\/fr\/wp-json\/wp\/v2\/product\/51832\/revisions"}],"predecessor-version":[{"id":51837,"href":"https:\/\/conunique.com\/fr\/wp-json\/wp\/v2\/product\/51832\/revisions\/51837"}],"wp:featuredmedia":[{"embeddable":true,"href":"https:\/\/conunique.com\/fr\/wp-json\/wp\/v2\/media\/51836"}],"wp:attachment":[{"href":"https:\/\/conunique.com\/fr\/wp-json\/wp\/v2\/media?parent=51832"}],"wp:term":[{"taxonomy":"product_brand","embeddable":true,"href":"https:\/\/conunique.com\/fr\/wp-json\/wp\/v2\/product_brand?post=51832"},{"taxonomy":"product_cat","embeddable":true,"href":"https:\/\/conunique.com\/fr\/wp-json\/wp\/v2\/product_cat?post=51832"},{"taxonomy":"product_tag","embeddable":true,"href":"https:\/\/conunique.com\/fr\/wp-json\/wp\/v2\/product_tag?post=51832"}],"curies":[{"name":"wp","href":"https:\/\/api.w.org\/{rel}","templated":true}]}}