{"id":51774,"date":"2024-04-30T15:41:46","date_gmt":"2024-04-30T12:41:46","guid":{"rendered":"https:\/\/conunique.com\/urun\/totem-dalbatre\/"},"modified":"2024-05-21T12:49:07","modified_gmt":"2024-05-21T09:49:07","slug":"totem-dalbatre","status":"publish","type":"product","link":"https:\/\/conunique.com\/fr\/urun\/totem-dalbatre\/","title":{"rendered":"Totem d&rsquo;alb\u00e2tre"},"content":{"rendered":"\t\t<div data-elementor-type=\"product-post\" data-elementor-id=\"51774\" class=\"elementor elementor-51774 elementor-48979\" data-elementor-post-type=\"product\">\n\t\t\t\t\t\t<section class=\"elementor-section elementor-top-section elementor-element elementor-element-2d018b1 elementor-section-boxed elementor-section-height-default elementor-section-height-default\" data-id=\"2d018b1\" data-element_type=\"section\" data-e-type=\"section\">\n\t\t\t\t\t\t<div class=\"elementor-container elementor-column-gap-wide\">\n\t\t\t\t\t<div class=\"elementor-column elementor-col-50 elementor-top-column elementor-element elementor-element-0125e24\" data-id=\"0125e24\" data-element_type=\"column\" data-e-type=\"column\">\n\t\t\t<div class=\"elementor-widget-wrap elementor-element-populated\">\n\t\t\t\t\t\t<div class=\"elementor-element elementor-element-f657f41 elementor-widget elementor-widget-text-editor\" data-id=\"f657f41\" data-element_type=\"widget\" data-e-type=\"widget\" data-widget_type=\"text-editor.default\">\n\t\t\t\t<div class=\"elementor-widget-container\">\n\t\t\t\t\t\t\t\t\t<p>D\u00e9couvrez l&rsquo;\u00e9clat enchanteur de notre collection Alb\u00e2tre, mettant en valeur la translucidit\u00e9 fascinante de cette pierre intemporelle.<\/p>\n\t\t\t\t\t\t\t\t<\/div>\n\t\t\t\t<\/div>\n\t\t\t\t\t<\/div>\n\t\t<\/div>\n\t\t\t\t<div class=\"elementor-column elementor-col-50 elementor-top-column elementor-element elementor-element-929b4ac\" data-id=\"929b4ac\" data-element_type=\"column\" data-e-type=\"column\">\n\t\t\t<div class=\"elementor-widget-wrap elementor-element-populated\">\n\t\t\t\t\t\t<div class=\"elementor-element elementor-element-673d0e8 elementor-widget__width-initial elementor-widget elementor-widget-image\" data-id=\"673d0e8\" data-element_type=\"widget\" data-e-type=\"widget\" data-widget_type=\"image.default\">\n\t\t\t\t<div class=\"elementor-widget-container\">\n\t\t\t\t\t\t\t\t\t\t\t\t\t\t\t\t<a href=\"https:\/\/conunique.com\/wp-content\/uploads\/2024\/04\/\u0664itled-2.jpg\" data-elementor-open-lightbox=\"yes\" data-elementor-lightbox-title=\"\u0664itled-2\" data-e-action-hash=\"#elementor-action%3Aaction%3Dlightbox%26settings%3DeyJpZCI6NTE3NzksInVybCI6Imh0dHBzOlwvXC9jb251bmlxdWUuY29tXC93cC1jb250ZW50XC91cGxvYWRzXC8yMDI0XC8wNFwvXHUwNjY0aXRsZWQtMi5qcGcifQ%3D%3D\">\n\t\t\t\t\t\t\t<img fetchpriority=\"high\" decoding=\"async\" width=\"900\" height=\"1200\" src=\"https:\/\/conunique.com\/wp-content\/uploads\/2024\/04\/\u0664itled-2.jpg\" class=\"attachment-full size-full wp-image-51779\" alt=\"\" srcset=\"https:\/\/conunique.com\/wp-content\/uploads\/2024\/04\/\u0664itled-2.jpg 900w, https:\/\/conunique.com\/wp-content\/uploads\/2024\/04\/\u0664itled-2-225x300.jpg 225w, https:\/\/conunique.com\/wp-content\/uploads\/2024\/04\/\u0664itled-2-768x1024.jpg 768w, https:\/\/conunique.com\/wp-content\/uploads\/2024\/04\/\u0664itled-2-600x800.jpg 600w\" sizes=\"(max-width: 900px) 100vw, 900px\" \/>\t\t\t\t\t\t\t\t<\/a>\n\t\t\t\t\t\t\t\t\t\t\t\t\t\t\t<\/div>\n\t\t\t\t<\/div>\n\t\t\t\t<div class=\"elementor-element elementor-element-4924577 elementor-widget__width-initial elementor-widget elementor-widget-image\" data-id=\"4924577\" data-element_type=\"widget\" data-e-type=\"widget\" data-widget_type=\"image.default\">\n\t\t\t\t<div class=\"elementor-widget-container\">\n\t\t\t\t\t\t\t\t\t\t\t\t\t\t\t\t<a href=\"https:\/\/conunique.com\/wp-content\/uploads\/2024\/04\/99Untitled-2.jpg\" data-elementor-open-lightbox=\"yes\" data-elementor-lightbox-title=\"99Untitled-2\" data-e-action-hash=\"#elementor-action%3Aaction%3Dlightbox%26settings%3DeyJpZCI6NTE3NzYsInVybCI6Imh0dHBzOlwvXC9jb251bmlxdWUuY29tXC93cC1jb250ZW50XC91cGxvYWRzXC8yMDI0XC8wNFwvOTlVbnRpdGxlZC0yLmpwZyJ9\">\n\t\t\t\t\t\t\t<img decoding=\"async\" width=\"900\" height=\"1200\" src=\"https:\/\/conunique.com\/wp-content\/uploads\/2024\/04\/99Untitled-2.jpg\" class=\"attachment-full size-full wp-image-51776\" alt=\"\" srcset=\"https:\/\/conunique.com\/wp-content\/uploads\/2024\/04\/99Untitled-2.jpg 900w, https:\/\/conunique.com\/wp-content\/uploads\/2024\/04\/99Untitled-2-225x300.jpg 225w, https:\/\/conunique.com\/wp-content\/uploads\/2024\/04\/99Untitled-2-768x1024.jpg 768w, https:\/\/conunique.com\/wp-content\/uploads\/2024\/04\/99Untitled-2-600x800.jpg 600w\" sizes=\"(max-width: 900px) 100vw, 900px\" \/>\t\t\t\t\t\t\t\t<\/a>\n\t\t\t\t\t\t\t\t\t\t\t\t\t\t\t<\/div>\n\t\t\t\t<\/div>\n\t\t\t\t\t<\/div>\n\t\t<\/div>\n\t\t\t\t\t<\/div>\n\t\t<\/section>\n\t\t\t\t<\/div>\n\t\t","protected":false},"excerpt":{"rendered":"<p>Captiv\u00e9e par l&rsquo;allure intemporelle de l&rsquo;alb\u00e2tre, notre collection vise \u00e0 capturer la translucidit\u00e9 fascinante de cette pierre pr\u00e9cieuse. Regardez la lumi\u00e8re couler d\u00e9licatement \u00e0 travers les formes d\u2019alb\u00e2tre, projetant une lueur enchanteresse et \u00e9th\u00e9r\u00e9e.<\/p>\n<ul>\n<li><strong>Fait main <\/strong><\/li>\n<li><strong>Fabriqu\u00e9 \u00e0 la main en alb\u00e2tre et en m\u00e9tal<\/strong><\/li>\n<\/ul>\n","protected":false},"featured_media":51778,"comment_status":"open","ping_status":"closed","template":"","meta":[],"product_brand":[],"product_cat":[463,462],"product_tag":[498,452,453],"class_list":{"0":"post-51774","1":"product","2":"type-product","3":"status-publish","4":"has-post-thumbnail","6":"product_cat-luminaires-suspendus-fr","7":"product_cat-moderne","8":"product_tag-albatre","9":"product_tag-fait-main","10":"product_tag-metal-fr","11":"pa_color-antique-fr","12":"pa_color-argent","13":"pa_color-or","14":"pa_material-metal-fr","16":"first","17":"instock","18":"shipping-taxable","19":"product-type-simple"},"_links":{"self":[{"href":"https:\/\/conunique.com\/fr\/wp-json\/wp\/v2\/product\/51774","targetHints":{"allow":["GET"]}}],"collection":[{"href":"https:\/\/conunique.com\/fr\/wp-json\/wp\/v2\/product"}],"about":[{"href":"https:\/\/conunique.com\/fr\/wp-json\/wp\/v2\/types\/product"}],"replies":[{"embeddable":true,"href":"https:\/\/conunique.com\/fr\/wp-json\/wp\/v2\/comments?post=51774"}],"version-history":[{"count":1,"href":"https:\/\/conunique.com\/fr\/wp-json\/wp\/v2\/product\/51774\/revisions"}],"predecessor-version":[{"id":51780,"href":"https:\/\/conunique.com\/fr\/wp-json\/wp\/v2\/product\/51774\/revisions\/51780"}],"wp:featuredmedia":[{"embeddable":true,"href":"https:\/\/conunique.com\/fr\/wp-json\/wp\/v2\/media\/51778"}],"wp:attachment":[{"href":"https:\/\/conunique.com\/fr\/wp-json\/wp\/v2\/media?parent=51774"}],"wp:term":[{"taxonomy":"product_brand","embeddable":true,"href":"https:\/\/conunique.com\/fr\/wp-json\/wp\/v2\/product_brand?post=51774"},{"taxonomy":"product_cat","embeddable":true,"href":"https:\/\/conunique.com\/fr\/wp-json\/wp\/v2\/product_cat?post=51774"},{"taxonomy":"product_tag","embeddable":true,"href":"https:\/\/conunique.com\/fr\/wp-json\/wp\/v2\/product_tag?post=51774"}],"curies":[{"name":"wp","href":"https:\/\/api.w.org\/{rel}","templated":true}]}}