{"id":51670,"date":"2024-04-30T11:28:34","date_gmt":"2024-04-30T08:28:34","guid":{"rendered":"https:\/\/conunique.com\/urun\/lustre-leger\/"},"modified":"2024-05-20T22:26:11","modified_gmt":"2024-05-20T19:26:11","slug":"lustre-leger","status":"publish","type":"product","link":"https:\/\/conunique.com\/fr\/urun\/lustre-leger\/","title":{"rendered":"Lustre l\u00e9ger"},"content":{"rendered":"\t\t<div data-elementor-type=\"product-post\" data-elementor-id=\"51670\" class=\"elementor elementor-51670 elementor-48855\" data-elementor-post-type=\"product\">\n\t\t\t\t\t\t<section class=\"elementor-section elementor-top-section elementor-element elementor-element-2d018b1 elementor-section-boxed elementor-section-height-default elementor-section-height-default\" data-id=\"2d018b1\" data-element_type=\"section\" data-e-type=\"section\">\n\t\t\t\t\t\t<div class=\"elementor-container elementor-column-gap-wide\">\n\t\t\t\t\t<div class=\"elementor-column elementor-col-50 elementor-top-column elementor-element elementor-element-0125e24\" data-id=\"0125e24\" data-element_type=\"column\" data-e-type=\"column\">\n\t\t\t<div class=\"elementor-widget-wrap elementor-element-populated\">\n\t\t\t\t\t\t<div class=\"elementor-element elementor-element-f657f41 elementor-widget elementor-widget-text-editor\" data-id=\"f657f41\" data-element_type=\"widget\" data-e-type=\"widget\" data-widget_type=\"text-editor.default\">\n\t\t\t\t<div class=\"elementor-widget-container\">\n\t\t\t\t\t\t\t\t\t<p>une touche moderne aux luminaires en verre de lait du XIXe si\u00e8cle. Avec un cadre en fer en laiton antique et des diffuseurs en verre tourbillonnant mat allong\u00e9, il offre une longueur personnalisable. \u00c9levez votre espace sans effort.<\/p>\n\t\t\t\t\t\t\t\t<\/div>\n\t\t\t\t<\/div>\n\t\t\t\t\t<\/div>\n\t\t<\/div>\n\t\t\t\t<div class=\"elementor-column elementor-col-50 elementor-top-column elementor-element elementor-element-929b4ac\" data-id=\"929b4ac\" data-element_type=\"column\" data-e-type=\"column\">\n\t\t\t<div class=\"elementor-widget-wrap elementor-element-populated\">\n\t\t\t\t\t\t<div class=\"elementor-element elementor-element-673d0e8 elementor-widget__width-initial elementor-widget elementor-widget-image\" data-id=\"673d0e8\" data-element_type=\"widget\" data-e-type=\"widget\" data-widget_type=\"image.default\">\n\t\t\t\t<div class=\"elementor-widget-container\">\n\t\t\t\t\t\t\t\t\t\t\t\t\t\t\t\t<a href=\"https:\/\/conunique.com\/wp-content\/uploads\/2024\/04\/77titled-1.jpg\" data-elementor-open-lightbox=\"yes\" data-elementor-lightbox-title=\"Light Chandelier\" data-e-action-hash=\"#elementor-action%3Aaction%3Dlightbox%26settings%3DeyJpZCI6NTE2NzEsInVybCI6Imh0dHBzOlwvXC9jb251bmlxdWUuY29tXC93cC1jb250ZW50XC91cGxvYWRzXC8yMDI0XC8wNFwvNzd0aXRsZWQtMS5qcGcifQ%3D%3D\">\n\t\t\t\t\t\t\t<img fetchpriority=\"high\" decoding=\"async\" width=\"900\" height=\"1200\" src=\"https:\/\/conunique.com\/wp-content\/uploads\/2024\/04\/77titled-1.jpg\" class=\"attachment-full size-full wp-image-51671\" alt=\"\" srcset=\"https:\/\/conunique.com\/wp-content\/uploads\/2024\/04\/77titled-1.jpg 900w, https:\/\/conunique.com\/wp-content\/uploads\/2024\/04\/77titled-1-225x300.jpg 225w, https:\/\/conunique.com\/wp-content\/uploads\/2024\/04\/77titled-1-768x1024.jpg 768w, https:\/\/conunique.com\/wp-content\/uploads\/2024\/04\/77titled-1-600x800.jpg 600w\" sizes=\"(max-width: 900px) 100vw, 900px\" \/>\t\t\t\t\t\t\t\t<\/a>\n\t\t\t\t\t\t\t\t\t\t\t\t\t\t\t<\/div>\n\t\t\t\t<\/div>\n\t\t\t\t<div class=\"elementor-element elementor-element-4924577 elementor-widget__width-initial elementor-widget elementor-widget-image\" data-id=\"4924577\" data-element_type=\"widget\" data-e-type=\"widget\" data-widget_type=\"image.default\">\n\t\t\t\t<div class=\"elementor-widget-container\">\n\t\t\t\t\t\t\t\t\t\t\t\t\t\t\t\t<a href=\"https:\/\/conunique.com\/wp-content\/uploads\/2024\/04\/22titled-1.jpg\" data-elementor-open-lightbox=\"yes\" data-elementor-lightbox-title=\"Light Chandelier 1\" data-e-action-hash=\"#elementor-action%3Aaction%3Dlightbox%26settings%3DeyJpZCI6NTE2NzIsInVybCI6Imh0dHBzOlwvXC9jb251bmlxdWUuY29tXC93cC1jb250ZW50XC91cGxvYWRzXC8yMDI0XC8wNFwvMjJ0aXRsZWQtMS5qcGcifQ%3D%3D\">\n\t\t\t\t\t\t\t<img decoding=\"async\" width=\"900\" height=\"1200\" src=\"https:\/\/conunique.com\/wp-content\/uploads\/2024\/04\/22titled-1.jpg\" class=\"attachment-full size-full wp-image-51672\" alt=\"\" srcset=\"https:\/\/conunique.com\/wp-content\/uploads\/2024\/04\/22titled-1.jpg 900w, https:\/\/conunique.com\/wp-content\/uploads\/2024\/04\/22titled-1-225x300.jpg 225w, https:\/\/conunique.com\/wp-content\/uploads\/2024\/04\/22titled-1-768x1024.jpg 768w, https:\/\/conunique.com\/wp-content\/uploads\/2024\/04\/22titled-1-600x800.jpg 600w\" sizes=\"(max-width: 900px) 100vw, 900px\" \/>\t\t\t\t\t\t\t\t<\/a>\n\t\t\t\t\t\t\t\t\t\t\t\t\t\t\t<\/div>\n\t\t\t\t<\/div>\n\t\t\t\t\t<\/div>\n\t\t<\/div>\n\t\t\t\t\t<\/div>\n\t\t<\/section>\n\t\t\t\t<\/div>\n\t\t","protected":false},"excerpt":{"rendered":"<p>La lampe colgante l\u00e9g\u00e8re a un guidon pour les accessoires de verre type leche du si\u00e8cle XIX, mais avec une toque moderne : un cadre en fer de laiton antique et des diffuseurs alargados de verre en forme de remolino mate. Fabriqu\u00e9 en hier, en verre et en m\u00e9tal, il est dot\u00e9 d&rsquo;une vari\u00e9t\u00e9 de couleurs pour une longueur personnalisable.<\/p>\n<ul>\n<li><strong>Fait main <\/strong><\/li>\n<li><strong>Fabriqu\u00e9 \u00e0 la main en fer, verre et m\u00e9tal<\/strong><\/li>\n<\/ul>\n","protected":false},"featured_media":51671,"comment_status":"open","ping_status":"closed","template":"","meta":[],"product_brand":[],"product_cat":[463,462],"product_tag":[452,471],"class_list":{"0":"post-51670","1":"product","2":"type-product","3":"status-publish","4":"has-post-thumbnail","6":"product_cat-luminaires-suspendus-fr","7":"product_cat-moderne","8":"product_tag-fait-main","9":"product_tag-lustre","11":"first","12":"instock","13":"shipping-taxable","14":"product-type-simple"},"_links":{"self":[{"href":"https:\/\/conunique.com\/fr\/wp-json\/wp\/v2\/product\/51670","targetHints":{"allow":["GET"]}}],"collection":[{"href":"https:\/\/conunique.com\/fr\/wp-json\/wp\/v2\/product"}],"about":[{"href":"https:\/\/conunique.com\/fr\/wp-json\/wp\/v2\/types\/product"}],"replies":[{"embeddable":true,"href":"https:\/\/conunique.com\/fr\/wp-json\/wp\/v2\/comments?post=51670"}],"version-history":[{"count":1,"href":"https:\/\/conunique.com\/fr\/wp-json\/wp\/v2\/product\/51670\/revisions"}],"predecessor-version":[{"id":51673,"href":"https:\/\/conunique.com\/fr\/wp-json\/wp\/v2\/product\/51670\/revisions\/51673"}],"wp:featuredmedia":[{"embeddable":true,"href":"https:\/\/conunique.com\/fr\/wp-json\/wp\/v2\/media\/51671"}],"wp:attachment":[{"href":"https:\/\/conunique.com\/fr\/wp-json\/wp\/v2\/media?parent=51670"}],"wp:term":[{"taxonomy":"product_brand","embeddable":true,"href":"https:\/\/conunique.com\/fr\/wp-json\/wp\/v2\/product_brand?post=51670"},{"taxonomy":"product_cat","embeddable":true,"href":"https:\/\/conunique.com\/fr\/wp-json\/wp\/v2\/product_cat?post=51670"},{"taxonomy":"product_tag","embeddable":true,"href":"https:\/\/conunique.com\/fr\/wp-json\/wp\/v2\/product_tag?post=51670"}],"curies":[{"name":"wp","href":"https:\/\/api.w.org\/{rel}","templated":true}]}}