{"id":51274,"date":"2024-05-02T14:04:03","date_gmt":"2024-05-02T11:04:03","guid":{"rendered":"https:\/\/conunique.com\/urun\/lampadaire-aspect-bois\/"},"modified":"2024-05-17T18:29:57","modified_gmt":"2024-05-17T15:29:57","slug":"lampadaire-aspect-bois","status":"publish","type":"product","link":"https:\/\/conunique.com\/fr\/urun\/lampadaire-aspect-bois\/","title":{"rendered":"Lampadaire aspect bois"},"content":{"rendered":"\t\t<div data-elementor-type=\"product-post\" data-elementor-id=\"51274\" class=\"elementor elementor-51274 elementor-49253\" data-elementor-post-type=\"product\">\n\t\t\t\t\t\t<section class=\"elementor-section elementor-top-section elementor-element elementor-element-2d018b1 elementor-section-boxed elementor-section-height-default elementor-section-height-default\" data-id=\"2d018b1\" data-element_type=\"section\" data-e-type=\"section\">\n\t\t\t\t\t\t<div class=\"elementor-container elementor-column-gap-wide\">\n\t\t\t\t\t<div class=\"elementor-column elementor-col-50 elementor-top-column elementor-element elementor-element-0125e24\" data-id=\"0125e24\" data-element_type=\"column\" data-e-type=\"column\">\n\t\t\t<div class=\"elementor-widget-wrap elementor-element-populated\">\n\t\t\t\t\t\t<div class=\"elementor-element elementor-element-f657f41 elementor-widget elementor-widget-text-editor\" data-id=\"f657f41\" data-element_type=\"widget\" data-e-type=\"widget\" data-widget_type=\"text-editor.default\">\n\t\t\t\t<div class=\"elementor-widget-container\">\n\t\t\t\t\t\t\t\t\t<p>Orn\u00e9 d\u2019un design captivant de boules empil\u00e9es fini en blanc brillant et couronn\u00e9 par un gracieux abat-jour tambour modifi\u00e9 en lin blanc, ce lampadaire d\u00e9gage une \u00e9l\u00e9gance intemporelle. Illuminez votre salon, chambre \u00e0 coucher, salle familiale, bureau \u00e0 domicile ou cuisine avec sa lueur enchanteresse et son style sophistiqu\u00e9.<\/p>\n\t\t\t\t\t\t\t\t<\/div>\n\t\t\t\t<\/div>\n\t\t\t\t\t<\/div>\n\t\t<\/div>\n\t\t\t\t<div class=\"elementor-column elementor-col-50 elementor-top-column elementor-element elementor-element-929b4ac\" data-id=\"929b4ac\" data-element_type=\"column\" data-e-type=\"column\">\n\t\t\t<div class=\"elementor-widget-wrap elementor-element-populated\">\n\t\t\t\t\t\t<div class=\"elementor-element elementor-element-673d0e8 elementor-widget__width-initial elementor-widget elementor-widget-image\" data-id=\"673d0e8\" data-element_type=\"widget\" data-e-type=\"widget\" data-widget_type=\"image.default\">\n\t\t\t\t<div class=\"elementor-widget-container\">\n\t\t\t\t\t\t\t\t\t\t\t\t\t\t\t\t<a href=\"https:\/\/conunique.com\/wp-content\/uploads\/2024\/05\/WhatsApp-Image-2024-04-30-at-11.05.43_9e20ae72.jpg\" data-elementor-open-lightbox=\"yes\" data-elementor-lightbox-title=\"WhatsApp Image 2024-04-30 at 11.05.43_9e20ae72\" data-e-action-hash=\"#elementor-action%3Aaction%3Dlightbox%26settings%3DeyJpZCI6NDkyNjIsInVybCI6Imh0dHBzOlwvXC9jb251bmlxdWUuY29tXC93cC1jb250ZW50XC91cGxvYWRzXC8yMDI0XC8wNVwvV2hhdHNBcHAtSW1hZ2UtMjAyNC0wNC0zMC1hdC0xMS4wNS40M185ZTIwYWU3Mi5qcGcifQ%3D%3D\">\n\t\t\t\t\t\t\t<img fetchpriority=\"high\" decoding=\"async\" width=\"900\" height=\"1200\" src=\"https:\/\/conunique.com\/wp-content\/uploads\/2024\/05\/WhatsApp-Image-2024-04-30-at-11.05.43_9e20ae72.jpg\" class=\"attachment-full size-full wp-image-49262\" alt=\"\" srcset=\"https:\/\/conunique.com\/wp-content\/uploads\/2024\/05\/WhatsApp-Image-2024-04-30-at-11.05.43_9e20ae72.jpg 900w, https:\/\/conunique.com\/wp-content\/uploads\/2024\/05\/WhatsApp-Image-2024-04-30-at-11.05.43_9e20ae72-600x800.jpg 600w, https:\/\/conunique.com\/wp-content\/uploads\/2024\/05\/WhatsApp-Image-2024-04-30-at-11.05.43_9e20ae72-225x300.jpg 225w, https:\/\/conunique.com\/wp-content\/uploads\/2024\/05\/WhatsApp-Image-2024-04-30-at-11.05.43_9e20ae72-768x1024.jpg 768w\" sizes=\"(max-width: 900px) 100vw, 900px\" \/>\t\t\t\t\t\t\t\t<\/a>\n\t\t\t\t\t\t\t\t\t\t\t\t\t\t\t<\/div>\n\t\t\t\t<\/div>\n\t\t\t\t<div class=\"elementor-element elementor-element-4924577 elementor-widget__width-initial elementor-widget elementor-widget-image\" data-id=\"4924577\" data-element_type=\"widget\" data-e-type=\"widget\" data-widget_type=\"image.default\">\n\t\t\t\t<div class=\"elementor-widget-container\">\n\t\t\t\t\t\t\t\t\t\t\t\t\t\t\t\t<a href=\"https:\/\/conunique.com\/wp-content\/uploads\/2024\/05\/Wood-Look-Floor-Lamp-1-1.webp\" data-elementor-open-lightbox=\"yes\" data-elementor-lightbox-title=\"Wood-Look Floor Lamp 1 (1)\" data-e-action-hash=\"#elementor-action%3Aaction%3Dlightbox%26settings%3DeyJpZCI6NTEyNzUsInVybCI6Imh0dHBzOlwvXC9jb251bmlxdWUuY29tXC93cC1jb250ZW50XC91cGxvYWRzXC8yMDI0XC8wNVwvV29vZC1Mb29rLUZsb29yLUxhbXAtMS0xLndlYnAifQ%3D%3D\">\n\t\t\t\t\t\t\t<img decoding=\"async\" width=\"900\" height=\"1200\" src=\"https:\/\/conunique.com\/wp-content\/uploads\/2024\/05\/Wood-Look-Floor-Lamp-1-1.webp\" class=\"attachment-full size-full wp-image-51275\" alt=\"\" srcset=\"https:\/\/conunique.com\/wp-content\/uploads\/2024\/05\/Wood-Look-Floor-Lamp-1-1.webp 900w, https:\/\/conunique.com\/wp-content\/uploads\/2024\/05\/Wood-Look-Floor-Lamp-1-1-600x800.webp 600w, https:\/\/conunique.com\/wp-content\/uploads\/2024\/05\/Wood-Look-Floor-Lamp-1-1-225x300.webp 225w, https:\/\/conunique.com\/wp-content\/uploads\/2024\/05\/Wood-Look-Floor-Lamp-1-1-768x1024.webp 768w\" sizes=\"(max-width: 900px) 100vw, 900px\" \/>\t\t\t\t\t\t\t\t<\/a>\n\t\t\t\t\t\t\t\t\t\t\t\t\t\t\t<\/div>\n\t\t\t\t<\/div>\n\t\t\t\t\t<\/div>\n\t\t<\/div>\n\t\t\t\t\t<\/div>\n\t\t<\/section>\n\t\t\t\t<\/div>\n\t\t","protected":false},"excerpt":{"rendered":"<p>Pr\u00e9sente un design de boule empil\u00e9e dans une finition blanche brillante surmont\u00e9e d&rsquo;un abat-jour tambour modifi\u00e9 en lin blanc. Ajoutez de la lumi\u00e8re \u00e0 n&rsquo;importe quel salon, chambre, salle familiale, bureau \u00e0 domicile ou cuisine.<\/p>\n<ul>\n<li><strong>Bois, Verre<\/strong><\/li>\n<li><strong>Fait main<\/strong><\/li>\n<\/ul>\n<p>&nbsp;<\/p>\n","protected":false},"featured_media":51252,"comment_status":"open","ping_status":"closed","template":"","meta":[],"product_brand":[],"product_cat":[466,462],"product_tag":[452,478,471,472],"class_list":{"0":"post-51274","1":"product","2":"type-product","3":"status-publish","4":"has-post-thumbnail","6":"product_cat-lampes-de-sol-fr","7":"product_cat-moderne","8":"product_tag-fait-main","9":"product_tag-laiton","10":"product_tag-lustre","11":"product_tag-lustre-fr","12":"pa_color-antique-fr","13":"pa_color-argent","14":"pa_color-or","15":"pa_material-metal-fr","17":"first","18":"instock","19":"shipping-taxable","20":"product-type-simple"},"_links":{"self":[{"href":"https:\/\/conunique.com\/fr\/wp-json\/wp\/v2\/product\/51274","targetHints":{"allow":["GET"]}}],"collection":[{"href":"https:\/\/conunique.com\/fr\/wp-json\/wp\/v2\/product"}],"about":[{"href":"https:\/\/conunique.com\/fr\/wp-json\/wp\/v2\/types\/product"}],"replies":[{"embeddable":true,"href":"https:\/\/conunique.com\/fr\/wp-json\/wp\/v2\/comments?post=51274"}],"version-history":[{"count":2,"href":"https:\/\/conunique.com\/fr\/wp-json\/wp\/v2\/product\/51274\/revisions"}],"predecessor-version":[{"id":51276,"href":"https:\/\/conunique.com\/fr\/wp-json\/wp\/v2\/product\/51274\/revisions\/51276"}],"wp:featuredmedia":[{"embeddable":true,"href":"https:\/\/conunique.com\/fr\/wp-json\/"}],"wp:attachment":[{"href":"https:\/\/conunique.com\/fr\/wp-json\/wp\/v2\/media?parent=51274"}],"wp:term":[{"taxonomy":"product_brand","embeddable":true,"href":"https:\/\/conunique.com\/fr\/wp-json\/wp\/v2\/product_brand?post=51274"},{"taxonomy":"product_cat","embeddable":true,"href":"https:\/\/conunique.com\/fr\/wp-json\/wp\/v2\/product_cat?post=51274"},{"taxonomy":"product_tag","embeddable":true,"href":"https:\/\/conunique.com\/fr\/wp-json\/wp\/v2\/product_tag?post=51274"}],"curies":[{"name":"wp","href":"https:\/\/api.w.org\/{rel}","templated":true}]}}