{"id":51240,"date":"2024-05-02T14:18:33","date_gmt":"2024-05-02T11:18:33","guid":{"rendered":"https:\/\/conunique.com\/urun\/lampadaire-style-argente\/"},"modified":"2024-05-17T18:15:46","modified_gmt":"2024-05-17T15:15:46","slug":"lampadaire-style-argente","status":"publish","type":"product","link":"https:\/\/conunique.com\/fr\/urun\/lampadaire-style-argente\/","title":{"rendered":"Lampadaire Style Argent\u00e9"},"content":{"rendered":"\t\t<div data-elementor-type=\"product-post\" data-elementor-id=\"51240\" class=\"elementor elementor-51240 elementor-49271\" data-elementor-post-type=\"product\">\n\t\t\t\t\t\t<section class=\"elementor-section elementor-top-section elementor-element elementor-element-2d018b1 elementor-section-boxed elementor-section-height-default elementor-section-height-default\" data-id=\"2d018b1\" data-element_type=\"section\" data-e-type=\"section\">\n\t\t\t\t\t\t<div class=\"elementor-container elementor-column-gap-wide\">\n\t\t\t\t\t<div class=\"elementor-column elementor-col-50 elementor-top-column elementor-element elementor-element-0125e24\" data-id=\"0125e24\" data-element_type=\"column\" data-e-type=\"column\">\n\t\t\t<div class=\"elementor-widget-wrap elementor-element-populated\">\n\t\t\t\t\t\t<div class=\"elementor-element elementor-element-f657f41 elementor-widget elementor-widget-text-editor\" data-id=\"f657f41\" data-element_type=\"widget\" data-e-type=\"widget\" data-widget_type=\"text-editor.default\">\n\t\t\t\t<div class=\"elementor-widget-container\">\n\t\t\t\t\t\t\t\t\t<p>Entrez dans le royaume de la sophistication contemporaine avec ce lampadaire \u00e9lanc\u00e9. Sa base et son poteau au fini acier bross\u00e9 d\u00e9gagent une \u00e9l\u00e9gance moderne, tandis que sa construction en m\u00e9tal assure la durabilit\u00e9. Illuminez votre espace avec style et style, car cette lampe devient un point central d&rsquo;expression artistique dans n&rsquo;importe quelle pi\u00e8ce.<\/p>\n\t\t\t\t\t\t\t\t<\/div>\n\t\t\t\t<\/div>\n\t\t\t\t\t<\/div>\n\t\t<\/div>\n\t\t\t\t<div class=\"elementor-column elementor-col-50 elementor-top-column elementor-element elementor-element-929b4ac\" data-id=\"929b4ac\" data-element_type=\"column\" data-e-type=\"column\">\n\t\t\t<div class=\"elementor-widget-wrap elementor-element-populated\">\n\t\t\t\t\t\t<div class=\"elementor-element elementor-element-673d0e8 elementor-widget__width-initial elementor-widget elementor-widget-image\" data-id=\"673d0e8\" data-element_type=\"widget\" data-e-type=\"widget\" data-widget_type=\"image.default\">\n\t\t\t\t<div class=\"elementor-widget-container\">\n\t\t\t\t\t\t\t\t\t\t\t\t\t\t\t\t<a href=\"https:\/\/conunique.com\/wp-content\/uploads\/2024\/05\/Style-Floor-Lamp-11.jpg\" data-elementor-open-lightbox=\"yes\" data-elementor-lightbox-title=\"Style Floor Lamp 11\" data-e-action-hash=\"#elementor-action%3Aaction%3Dlightbox%26settings%3DeyJpZCI6NTEyNDEsInVybCI6Imh0dHBzOlwvXC9jb251bmlxdWUuY29tXC93cC1jb250ZW50XC91cGxvYWRzXC8yMDI0XC8wNVwvU3R5bGUtRmxvb3ItTGFtcC0xMS5qcGcifQ%3D%3D\">\n\t\t\t\t\t\t\t<img fetchpriority=\"high\" decoding=\"async\" width=\"900\" height=\"1200\" src=\"https:\/\/conunique.com\/wp-content\/uploads\/2024\/05\/Style-Floor-Lamp-11.jpg\" class=\"attachment-full size-full wp-image-51241\" alt=\"\" srcset=\"https:\/\/conunique.com\/wp-content\/uploads\/2024\/05\/Style-Floor-Lamp-11.jpg 900w, https:\/\/conunique.com\/wp-content\/uploads\/2024\/05\/Style-Floor-Lamp-11-600x800.jpg 600w, https:\/\/conunique.com\/wp-content\/uploads\/2024\/05\/Style-Floor-Lamp-11-225x300.jpg 225w, https:\/\/conunique.com\/wp-content\/uploads\/2024\/05\/Style-Floor-Lamp-11-768x1024.jpg 768w\" sizes=\"(max-width: 900px) 100vw, 900px\" \/>\t\t\t\t\t\t\t\t<\/a>\n\t\t\t\t\t\t\t\t\t\t\t\t\t\t\t<\/div>\n\t\t\t\t<\/div>\n\t\t\t\t<div class=\"elementor-element elementor-element-4924577 elementor-widget__width-initial elementor-widget elementor-widget-image\" data-id=\"4924577\" data-element_type=\"widget\" data-e-type=\"widget\" data-widget_type=\"image.default\">\n\t\t\t\t<div class=\"elementor-widget-container\">\n\t\t\t\t\t\t\t\t\t\t\t\t\t\t\t\t<a href=\"https:\/\/conunique.com\/wp-content\/uploads\/2024\/05\/Style-Floor-Lamp-22.jpg\" data-elementor-open-lightbox=\"yes\" data-elementor-lightbox-title=\"Style Floor Lamp 22\" data-e-action-hash=\"#elementor-action%3Aaction%3Dlightbox%26settings%3DeyJpZCI6NTEyNDIsInVybCI6Imh0dHBzOlwvXC9jb251bmlxdWUuY29tXC93cC1jb250ZW50XC91cGxvYWRzXC8yMDI0XC8wNVwvU3R5bGUtRmxvb3ItTGFtcC0yMi5qcGcifQ%3D%3D\">\n\t\t\t\t\t\t\t<img decoding=\"async\" width=\"900\" height=\"1200\" src=\"https:\/\/conunique.com\/wp-content\/uploads\/2024\/05\/Style-Floor-Lamp-22.jpg\" class=\"attachment-full size-full wp-image-51242\" alt=\"\" srcset=\"https:\/\/conunique.com\/wp-content\/uploads\/2024\/05\/Style-Floor-Lamp-22.jpg 900w, https:\/\/conunique.com\/wp-content\/uploads\/2024\/05\/Style-Floor-Lamp-22-600x800.jpg 600w, https:\/\/conunique.com\/wp-content\/uploads\/2024\/05\/Style-Floor-Lamp-22-225x300.jpg 225w, https:\/\/conunique.com\/wp-content\/uploads\/2024\/05\/Style-Floor-Lamp-22-768x1024.jpg 768w\" sizes=\"(max-width: 900px) 100vw, 900px\" \/>\t\t\t\t\t\t\t\t<\/a>\n\t\t\t\t\t\t\t\t\t\t\t\t\t\t\t<\/div>\n\t\t\t\t<\/div>\n\t\t\t\t\t<\/div>\n\t\t<\/div>\n\t\t\t\t\t<\/div>\n\t\t<\/section>\n\t\t\t\t<\/div>\n\t\t","protected":false},"excerpt":{"rendered":"<p>Fabriqu\u00e9 avec un profil mince contemporain, ce lampadaire en forme de b\u00e2ton est dot\u00e9 d&rsquo;une base et d&rsquo;un poteau \u00e9l\u00e9gants au fini acier bross\u00e9, fabriqu\u00e9s \u00e0 partir de m\u00e9tal durable. Id\u00e9al pour rehausser n\u2019importe quel espace, ce lampadaire offre une \u00e9l\u00e9gance moderne et un \u00e9clairage fiable.<\/p>\n<ul>\n<li><strong>M\u00e9tal , Verre<\/strong><\/li>\n<li><strong>Fait main<\/strong><\/li>\n<\/ul>\n<p>&nbsp;<\/p>\n","protected":false},"featured_media":51243,"comment_status":"open","ping_status":"closed","template":"","meta":[],"product_brand":[],"product_cat":[466,462],"product_tag":[452,478,472,471],"class_list":{"0":"post-51240","1":"product","2":"type-product","3":"status-publish","4":"has-post-thumbnail","6":"product_cat-lampes-de-sol-fr","7":"product_cat-moderne","8":"product_tag-fait-main","9":"product_tag-laiton","10":"product_tag-lustre-fr","11":"product_tag-lustre","12":"pa_color-antique-fr","13":"pa_color-argent","14":"pa_color-or","15":"pa_material-metal-fr","17":"first","18":"instock","19":"shipping-taxable","20":"product-type-simple"},"_links":{"self":[{"href":"https:\/\/conunique.com\/fr\/wp-json\/wp\/v2\/product\/51240","targetHints":{"allow":["GET"]}}],"collection":[{"href":"https:\/\/conunique.com\/fr\/wp-json\/wp\/v2\/product"}],"about":[{"href":"https:\/\/conunique.com\/fr\/wp-json\/wp\/v2\/types\/product"}],"replies":[{"embeddable":true,"href":"https:\/\/conunique.com\/fr\/wp-json\/wp\/v2\/comments?post=51240"}],"version-history":[{"count":1,"href":"https:\/\/conunique.com\/fr\/wp-json\/wp\/v2\/product\/51240\/revisions"}],"predecessor-version":[{"id":51245,"href":"https:\/\/conunique.com\/fr\/wp-json\/wp\/v2\/product\/51240\/revisions\/51245"}],"wp:featuredmedia":[{"embeddable":true,"href":"https:\/\/conunique.com\/fr\/wp-json\/wp\/v2\/media\/51243"}],"wp:attachment":[{"href":"https:\/\/conunique.com\/fr\/wp-json\/wp\/v2\/media?parent=51240"}],"wp:term":[{"taxonomy":"product_brand","embeddable":true,"href":"https:\/\/conunique.com\/fr\/wp-json\/wp\/v2\/product_brand?post=51240"},{"taxonomy":"product_cat","embeddable":true,"href":"https:\/\/conunique.com\/fr\/wp-json\/wp\/v2\/product_cat?post=51240"},{"taxonomy":"product_tag","embeddable":true,"href":"https:\/\/conunique.com\/fr\/wp-json\/wp\/v2\/product_tag?post=51240"}],"curies":[{"name":"wp","href":"https:\/\/api.w.org\/{rel}","templated":true}]}}