{"id":51203,"date":"2024-05-02T14:53:36","date_gmt":"2024-05-02T11:53:36","guid":{"rendered":"https:\/\/conunique.com\/urun\/swan-wall-led\/"},"modified":"2024-05-20T14:52:14","modified_gmt":"2024-05-20T11:52:14","slug":"swan-wall-led","status":"publish","type":"product","link":"https:\/\/conunique.com\/fr\/urun\/swan-wall-led\/","title":{"rendered":"Swan Wall Led"},"content":{"rendered":"\t\t<div data-elementor-type=\"product-post\" data-elementor-id=\"51203\" class=\"elementor elementor-51203 elementor-49290\" data-elementor-post-type=\"product\">\n\t\t\t\t\t\t<section class=\"elementor-section elementor-top-section elementor-element elementor-element-2d018b1 elementor-section-boxed elementor-section-height-default elementor-section-height-default\" data-id=\"2d018b1\" data-element_type=\"section\" data-e-type=\"section\">\n\t\t\t\t\t\t<div class=\"elementor-container elementor-column-gap-wide\">\n\t\t\t\t\t<div class=\"elementor-column elementor-col-50 elementor-top-column elementor-element elementor-element-0125e24\" data-id=\"0125e24\" data-element_type=\"column\" data-e-type=\"column\">\n\t\t\t<div class=\"elementor-widget-wrap elementor-element-populated\">\n\t\t\t\t\t\t<div class=\"elementor-element elementor-element-f657f41 elementor-widget elementor-widget-text-editor\" data-id=\"f657f41\" data-element_type=\"widget\" data-e-type=\"widget\" data-widget_type=\"text-editor.default\">\n\t\t\t\t<div class=\"elementor-widget-container\">\n\t\t\t\t\t\t\t\t\t<p>Pr\u00e9sentation de notre applique murale contemporaine, parfaite pour les espaces modernes. Peut accueillir deux lampes LED (max 6W, E27). Fabriqu\u00e9 en aluminium extrud\u00e9, section carr\u00e9e de 8 cm, hauteur 8 cm. Support mural cach\u00e9 pour un montage sans couture. Fini avec un traitement de surface ou une peinture durable.<\/p>\n\t\t\t\t\t\t\t\t<\/div>\n\t\t\t\t<\/div>\n\t\t\t\t\t<\/div>\n\t\t<\/div>\n\t\t\t\t<div class=\"elementor-column elementor-col-50 elementor-top-column elementor-element elementor-element-929b4ac\" data-id=\"929b4ac\" data-element_type=\"column\" data-e-type=\"column\">\n\t\t\t<div class=\"elementor-widget-wrap elementor-element-populated\">\n\t\t\t\t\t\t<div class=\"elementor-element elementor-element-673d0e8 elementor-widget__width-initial elementor-widget elementor-widget-image\" data-id=\"673d0e8\" data-element_type=\"widget\" data-e-type=\"widget\" data-widget_type=\"image.default\">\n\t\t\t\t<div class=\"elementor-widget-container\">\n\t\t\t\t\t\t\t\t\t\t\t\t\t\t\t\t<a href=\"https:\/\/conunique.com\/wp-content\/uploads\/2024\/05\/04-Untitled-1.jpg\" data-elementor-open-lightbox=\"yes\" data-elementor-lightbox-title=\"Swan Wall Led\" data-e-action-hash=\"#elementor-action%3Aaction%3Dlightbox%26settings%3DeyJpZCI6NTEyMDcsInVybCI6Imh0dHBzOlwvXC9jb251bmlxdWUuY29tXC93cC1jb250ZW50XC91cGxvYWRzXC8yMDI0XC8wNVwvMDQtVW50aXRsZWQtMS5qcGcifQ%3D%3D\">\n\t\t\t\t\t\t\t<img fetchpriority=\"high\" decoding=\"async\" width=\"900\" height=\"1200\" src=\"https:\/\/conunique.com\/wp-content\/uploads\/2024\/05\/04-Untitled-1.jpg\" class=\"attachment-full size-full wp-image-51207\" alt=\"\" srcset=\"https:\/\/conunique.com\/wp-content\/uploads\/2024\/05\/04-Untitled-1.jpg 900w, https:\/\/conunique.com\/wp-content\/uploads\/2024\/05\/04-Untitled-1-600x800.jpg 600w, https:\/\/conunique.com\/wp-content\/uploads\/2024\/05\/04-Untitled-1-225x300.jpg 225w, https:\/\/conunique.com\/wp-content\/uploads\/2024\/05\/04-Untitled-1-768x1024.jpg 768w\" sizes=\"(max-width: 900px) 100vw, 900px\" \/>\t\t\t\t\t\t\t\t<\/a>\n\t\t\t\t\t\t\t\t\t\t\t\t\t\t\t<\/div>\n\t\t\t\t<\/div>\n\t\t\t\t<div class=\"elementor-element elementor-element-4924577 elementor-widget__width-initial elementor-widget elementor-widget-image\" data-id=\"4924577\" data-element_type=\"widget\" data-e-type=\"widget\" data-widget_type=\"image.default\">\n\t\t\t\t<div class=\"elementor-widget-container\">\n\t\t\t\t\t\t\t\t\t\t\t\t\t\t\t\t<a href=\"https:\/\/conunique.com\/wp-content\/uploads\/2024\/05\/03Untitled-1-3.jpg\" data-elementor-open-lightbox=\"yes\" data-elementor-lightbox-title=\"Swan Wall Led\" data-e-action-hash=\"#elementor-action%3Aaction%3Dlightbox%26settings%3DeyJpZCI6NTEyMDYsInVybCI6Imh0dHBzOlwvXC9jb251bmlxdWUuY29tXC93cC1jb250ZW50XC91cGxvYWRzXC8yMDI0XC8wNVwvMDNVbnRpdGxlZC0xLTMuanBnIn0%3D\">\n\t\t\t\t\t\t\t<img decoding=\"async\" width=\"900\" height=\"1200\" src=\"https:\/\/conunique.com\/wp-content\/uploads\/2024\/05\/03Untitled-1-3.jpg\" class=\"attachment-full size-full wp-image-51206\" alt=\"\" srcset=\"https:\/\/conunique.com\/wp-content\/uploads\/2024\/05\/03Untitled-1-3.jpg 900w, https:\/\/conunique.com\/wp-content\/uploads\/2024\/05\/03Untitled-1-3-600x800.jpg 600w, https:\/\/conunique.com\/wp-content\/uploads\/2024\/05\/03Untitled-1-3-225x300.jpg 225w, https:\/\/conunique.com\/wp-content\/uploads\/2024\/05\/03Untitled-1-3-768x1024.jpg 768w\" sizes=\"(max-width: 900px) 100vw, 900px\" \/>\t\t\t\t\t\t\t\t<\/a>\n\t\t\t\t\t\t\t\t\t\t\t\t\t\t\t<\/div>\n\t\t\t\t<\/div>\n\t\t\t\t\t<\/div>\n\t\t<\/div>\n\t\t\t\t\t<\/div>\n\t\t<\/section>\n\t\t\t\t<\/div>\n\t\t","protected":false},"excerpt":{"rendered":"<p>Pr\u00e9sentation de notre applique murale contemporaine, id\u00e9ale pour les pi\u00e8ces modernes et les espaces publics. Con\u00e7u pour deux lampes LED d&rsquo;un maximum de 6W chacune (douille E27). Fabriqu\u00e9 en aluminium extrud\u00e9, il mesure 8 cm de haut avec une section carr\u00e9e de 8 cm. Dispose d&rsquo;un support mural cach\u00e9 pour un montage sans couture et d&rsquo;une finition \u00e9l\u00e9gante avec un minimum de traitement de surface galvanique ou de peinture.<\/p>\n<ul>\n<li><strong>M\u00e9tal<\/strong><\/li>\n<li><strong>Fait main<\/strong><\/li>\n<\/ul>\n<p>&nbsp;<\/p>\n","protected":false},"featured_media":51204,"comment_status":"open","ping_status":"closed","template":"","meta":[],"product_brand":[],"product_cat":[473,462],"product_tag":[452,471,472],"class_list":{"0":"post-51203","1":"product","2":"type-product","3":"status-publish","4":"has-post-thumbnail","6":"product_cat-appliques-murales","7":"product_cat-moderne","8":"product_tag-fait-main","9":"product_tag-lustre","10":"product_tag-lustre-fr","11":"pa_color-antique-fr","12":"pa_color-argent","13":"pa_color-or","14":"pa_material-metal-fr","16":"first","17":"instock","18":"shipping-taxable","19":"product-type-simple"},"_links":{"self":[{"href":"https:\/\/conunique.com\/fr\/wp-json\/wp\/v2\/product\/51203","targetHints":{"allow":["GET"]}}],"collection":[{"href":"https:\/\/conunique.com\/fr\/wp-json\/wp\/v2\/product"}],"about":[{"href":"https:\/\/conunique.com\/fr\/wp-json\/wp\/v2\/types\/product"}],"replies":[{"embeddable":true,"href":"https:\/\/conunique.com\/fr\/wp-json\/wp\/v2\/comments?post=51203"}],"version-history":[{"count":0,"href":"https:\/\/conunique.com\/fr\/wp-json\/wp\/v2\/product\/51203\/revisions"}],"wp:featuredmedia":[{"embeddable":true,"href":"https:\/\/conunique.com\/fr\/wp-json\/wp\/v2\/media\/51204"}],"wp:attachment":[{"href":"https:\/\/conunique.com\/fr\/wp-json\/wp\/v2\/media?parent=51203"}],"wp:term":[{"taxonomy":"product_brand","embeddable":true,"href":"https:\/\/conunique.com\/fr\/wp-json\/wp\/v2\/product_brand?post=51203"},{"taxonomy":"product_cat","embeddable":true,"href":"https:\/\/conunique.com\/fr\/wp-json\/wp\/v2\/product_cat?post=51203"},{"taxonomy":"product_tag","embeddable":true,"href":"https:\/\/conunique.com\/fr\/wp-json\/wp\/v2\/product_tag?post=51203"}],"curies":[{"name":"wp","href":"https:\/\/api.w.org\/{rel}","templated":true}]}}