{"id":51125,"date":"2024-05-02T16:30:24","date_gmt":"2024-05-02T13:30:24","guid":{"rendered":"https:\/\/conunique.com\/urun\/lampe-de-table-a-une-lumiere\/"},"modified":"2024-05-17T16:08:44","modified_gmt":"2024-05-17T13:08:44","slug":"lampe-de-table-a-une-lumiere","status":"publish","type":"product","link":"https:\/\/conunique.com\/fr\/urun\/lampe-de-table-a-une-lumiere\/","title":{"rendered":"Lampe de table \u00e0 une lumi\u00e8re"},"content":{"rendered":"\t\t<div data-elementor-type=\"product-post\" data-elementor-id=\"51125\" class=\"elementor elementor-51125 elementor-49332\" data-elementor-post-type=\"product\">\n\t\t\t\t\t\t<section class=\"elementor-section elementor-top-section elementor-element elementor-element-2d018b1 elementor-section-boxed elementor-section-height-default elementor-section-height-default\" data-id=\"2d018b1\" data-element_type=\"section\" data-e-type=\"section\">\n\t\t\t\t\t\t<div class=\"elementor-container elementor-column-gap-wide\">\n\t\t\t\t\t<div class=\"elementor-column elementor-col-50 elementor-top-column elementor-element elementor-element-0125e24\" data-id=\"0125e24\" data-element_type=\"column\" data-e-type=\"column\">\n\t\t\t<div class=\"elementor-widget-wrap elementor-element-populated\">\n\t\t\t\t\t\t<div class=\"elementor-element elementor-element-f657f41 elementor-widget elementor-widget-text-editor\" data-id=\"f657f41\" data-element_type=\"widget\" data-e-type=\"widget\" data-widget_type=\"text-editor.default\">\n\t\t\t\t<div class=\"elementor-widget-container\">\n\t\t\t\t\t\t\t\t\t<p>Fabriqu\u00e9e en haute brillance pour son motif tourbillonnant distinctif, notre lampe pr\u00e9sente des lignes \u00e9pur\u00e9es et de d\u00e9licats accents de bronze. Chaque pi\u00e8ce est num\u00e9rot\u00e9e, garantissant son exclusivit\u00e9 comme une \u0153uvre d&rsquo;art.<\/p>\n\t\t\t\t\t\t\t\t<\/div>\n\t\t\t\t<\/div>\n\t\t\t\t\t<\/div>\n\t\t<\/div>\n\t\t\t\t<div class=\"elementor-column elementor-col-50 elementor-top-column elementor-element elementor-element-929b4ac\" data-id=\"929b4ac\" data-element_type=\"column\" data-e-type=\"column\">\n\t\t\t<div class=\"elementor-widget-wrap elementor-element-populated\">\n\t\t\t\t\t\t<div class=\"elementor-element elementor-element-673d0e8 elementor-widget__width-initial elementor-widget elementor-widget-image\" data-id=\"673d0e8\" data-element_type=\"widget\" data-e-type=\"widget\" data-widget_type=\"image.default\">\n\t\t\t\t<div class=\"elementor-widget-container\">\n\t\t\t\t\t\t\t\t\t\t\t\t\t\t\t\t<a href=\"https:\/\/conunique.com\/wp-content\/uploads\/2024\/05\/5Untitled-1.jpg\" data-elementor-open-lightbox=\"yes\" data-elementor-lightbox-title=\"One Light Table Lamp\" data-e-action-hash=\"#elementor-action%3Aaction%3Dlightbox%26settings%3DeyJpZCI6NTExMjksInVybCI6Imh0dHBzOlwvXC9jb251bmlxdWUuY29tXC93cC1jb250ZW50XC91cGxvYWRzXC8yMDI0XC8wNVwvNVVudGl0bGVkLTEuanBnIn0%3D\">\n\t\t\t\t\t\t\t<img fetchpriority=\"high\" decoding=\"async\" width=\"900\" height=\"1200\" src=\"https:\/\/conunique.com\/wp-content\/uploads\/2024\/05\/5Untitled-1.jpg\" class=\"attachment-full size-full wp-image-51129\" alt=\"\" srcset=\"https:\/\/conunique.com\/wp-content\/uploads\/2024\/05\/5Untitled-1.jpg 900w, https:\/\/conunique.com\/wp-content\/uploads\/2024\/05\/5Untitled-1-600x800.jpg 600w, https:\/\/conunique.com\/wp-content\/uploads\/2024\/05\/5Untitled-1-225x300.jpg 225w, https:\/\/conunique.com\/wp-content\/uploads\/2024\/05\/5Untitled-1-768x1024.jpg 768w\" sizes=\"(max-width: 900px) 100vw, 900px\" \/>\t\t\t\t\t\t\t\t<\/a>\n\t\t\t\t\t\t\t\t\t\t\t\t\t\t\t<\/div>\n\t\t\t\t<\/div>\n\t\t\t\t<div class=\"elementor-element elementor-element-4924577 elementor-widget__width-initial elementor-widget elementor-widget-image\" data-id=\"4924577\" data-element_type=\"widget\" data-e-type=\"widget\" data-widget_type=\"image.default\">\n\t\t\t\t<div class=\"elementor-widget-container\">\n\t\t\t\t\t\t\t\t\t\t\t\t\t\t\t\t<a href=\"https:\/\/conunique.com\/wp-content\/uploads\/2024\/05\/02Untitled-1-13.jpg\" data-elementor-open-lightbox=\"yes\" data-elementor-lightbox-title=\"One Light Table Lamp\" data-e-action-hash=\"#elementor-action%3Aaction%3Dlightbox%26settings%3DeyJpZCI6NTExMjcsInVybCI6Imh0dHBzOlwvXC9jb251bmlxdWUuY29tXC93cC1jb250ZW50XC91cGxvYWRzXC8yMDI0XC8wNVwvMDJVbnRpdGxlZC0xLTEzLmpwZyJ9\">\n\t\t\t\t\t\t\t<img decoding=\"async\" width=\"900\" height=\"1200\" src=\"https:\/\/conunique.com\/wp-content\/uploads\/2024\/05\/02Untitled-1-13.jpg\" class=\"attachment-full size-full wp-image-51127\" alt=\"\" srcset=\"https:\/\/conunique.com\/wp-content\/uploads\/2024\/05\/02Untitled-1-13.jpg 900w, https:\/\/conunique.com\/wp-content\/uploads\/2024\/05\/02Untitled-1-13-600x800.jpg 600w, https:\/\/conunique.com\/wp-content\/uploads\/2024\/05\/02Untitled-1-13-225x300.jpg 225w, https:\/\/conunique.com\/wp-content\/uploads\/2024\/05\/02Untitled-1-13-768x1024.jpg 768w\" sizes=\"(max-width: 900px) 100vw, 900px\" \/>\t\t\t\t\t\t\t\t<\/a>\n\t\t\t\t\t\t\t\t\t\t\t\t\t\t\t<\/div>\n\t\t\t\t<\/div>\n\t\t\t\t\t<\/div>\n\t\t<\/div>\n\t\t\t\t\t<\/div>\n\t\t<\/section>\n\t\t\t\t<\/div>\n\t\t","protected":false},"excerpt":{"rendered":"<p>Inspir\u00e9e d&rsquo;une esth\u00e9tique antique, notre collection de luminaires incarne une silhouette intemporelle et classique. Rehauss\u00e9 de d\u00e9tails enveloppants sous la bougie et le moyeu, il offre une touche contemporaine. M\u00e9ticuleusement fabriqu\u00e9s \u00e0 partir de composants en acier de haute qualit\u00e9, les bras incurv\u00e9s font gracieusement \u00e9cho \u00e0 la base ronde. Disponible dans une finition en fer vieilli.<\/p>\n<ul>\n<li><strong>M\u00e9tal<\/strong><\/li>\n<li><strong>Fait main<\/strong><\/li>\n<\/ul>\n<p>&nbsp;<\/p>\n","protected":false},"featured_media":51126,"comment_status":"open","ping_status":"closed","template":"","meta":[],"product_brand":[],"product_cat":[466,462],"product_tag":[452],"class_list":{"0":"post-51125","1":"product","2":"type-product","3":"status-publish","4":"has-post-thumbnail","6":"product_cat-lampes-de-sol-fr","7":"product_cat-moderne","8":"product_tag-fait-main","9":"pa_color-antique-fr","10":"pa_color-argent","11":"pa_color-or","12":"pa_material-metal-fr","14":"first","15":"instock","16":"shipping-taxable","17":"product-type-simple"},"_links":{"self":[{"href":"https:\/\/conunique.com\/fr\/wp-json\/wp\/v2\/product\/51125","targetHints":{"allow":["GET"]}}],"collection":[{"href":"https:\/\/conunique.com\/fr\/wp-json\/wp\/v2\/product"}],"about":[{"href":"https:\/\/conunique.com\/fr\/wp-json\/wp\/v2\/types\/product"}],"replies":[{"embeddable":true,"href":"https:\/\/conunique.com\/fr\/wp-json\/wp\/v2\/comments?post=51125"}],"version-history":[{"count":1,"href":"https:\/\/conunique.com\/fr\/wp-json\/wp\/v2\/product\/51125\/revisions"}],"predecessor-version":[{"id":51130,"href":"https:\/\/conunique.com\/fr\/wp-json\/wp\/v2\/product\/51125\/revisions\/51130"}],"wp:featuredmedia":[{"embeddable":true,"href":"https:\/\/conunique.com\/fr\/wp-json\/wp\/v2\/media\/51126"}],"wp:attachment":[{"href":"https:\/\/conunique.com\/fr\/wp-json\/wp\/v2\/media?parent=51125"}],"wp:term":[{"taxonomy":"product_brand","embeddable":true,"href":"https:\/\/conunique.com\/fr\/wp-json\/wp\/v2\/product_brand?post=51125"},{"taxonomy":"product_cat","embeddable":true,"href":"https:\/\/conunique.com\/fr\/wp-json\/wp\/v2\/product_cat?post=51125"},{"taxonomy":"product_tag","embeddable":true,"href":"https:\/\/conunique.com\/fr\/wp-json\/wp\/v2\/product_tag?post=51125"}],"curies":[{"name":"wp","href":"https:\/\/api.w.org\/{rel}","templated":true}]}}