{"id":51105,"date":"2024-05-03T13:20:43","date_gmt":"2024-05-03T10:20:43","guid":{"rendered":"https:\/\/conunique.com\/urun\/grande-suspension-marocaine-en-laiton\/"},"modified":"2024-05-17T16:02:01","modified_gmt":"2024-05-17T13:02:01","slug":"grande-suspension-marocaine-en-laiton","status":"publish","type":"product","link":"https:\/\/conunique.com\/fr\/urun\/grande-suspension-marocaine-en-laiton\/","title":{"rendered":"Grande suspension marocaine en laiton"},"content":{"rendered":"\t\t<div data-elementor-type=\"product-post\" data-elementor-id=\"51105\" class=\"elementor elementor-51105 elementor-49358\" data-elementor-post-type=\"product\">\n\t\t\t\t\t\t<section class=\"elementor-section elementor-top-section elementor-element elementor-element-2d018b1 elementor-section-boxed elementor-section-height-default elementor-section-height-default\" data-id=\"2d018b1\" data-element_type=\"section\" data-e-type=\"section\">\n\t\t\t\t\t\t<div class=\"elementor-container elementor-column-gap-wide\">\n\t\t\t\t\t<div class=\"elementor-column elementor-col-50 elementor-top-column elementor-element elementor-element-0125e24\" data-id=\"0125e24\" data-element_type=\"column\" data-e-type=\"column\">\n\t\t\t<div class=\"elementor-widget-wrap elementor-element-populated\">\n\t\t\t\t\t\t<div class=\"elementor-element elementor-element-f657f41 elementor-widget elementor-widget-text-editor\" data-id=\"f657f41\" data-element_type=\"widget\" data-e-type=\"widget\" data-widget_type=\"text-editor.default\">\n\t\t\t\t<div class=\"elementor-widget-container\">\n\t\t\t\t\t\t\t\t\t<p>Fabriqu\u00e9e en haute brillance pour son motif tourbillonnant distinctif, notre lampe pr\u00e9sente des lignes \u00e9pur\u00e9es et de d\u00e9licats accents de bronze. Chaque pi\u00e8ce est num\u00e9rot\u00e9e, garantissant son exclusivit\u00e9 comme une \u0153uvre d&rsquo;art.<\/p>\n\t\t\t\t\t\t\t\t<\/div>\n\t\t\t\t<\/div>\n\t\t\t\t\t<\/div>\n\t\t<\/div>\n\t\t\t\t<div class=\"elementor-column elementor-col-50 elementor-top-column elementor-element elementor-element-929b4ac\" data-id=\"929b4ac\" data-element_type=\"column\" data-e-type=\"column\">\n\t\t\t<div class=\"elementor-widget-wrap elementor-element-populated\">\n\t\t\t\t\t\t<div class=\"elementor-element elementor-element-673d0e8 elementor-widget__width-initial elementor-widget elementor-widget-image\" data-id=\"673d0e8\" data-element_type=\"widget\" data-e-type=\"widget\" data-widget_type=\"image.default\">\n\t\t\t\t<div class=\"elementor-widget-container\">\n\t\t\t\t\t\t\t\t\t\t\t\t\t\t\t\t<a href=\"https:\/\/conunique.com\/wp-content\/uploads\/2024\/05\/19Untitled-1.jpg\" data-elementor-open-lightbox=\"yes\" data-elementor-lightbox-title=\"Large Moroccan Pendant Brass Light\" data-e-action-hash=\"#elementor-action%3Aaction%3Dlightbox%26settings%3DeyJpZCI6NTExMTEsInVybCI6Imh0dHBzOlwvXC9jb251bmlxdWUuY29tXC93cC1jb250ZW50XC91cGxvYWRzXC8yMDI0XC8wNVwvMTlVbnRpdGxlZC0xLmpwZyJ9\">\n\t\t\t\t\t\t\t<img fetchpriority=\"high\" decoding=\"async\" width=\"900\" height=\"1200\" src=\"https:\/\/conunique.com\/wp-content\/uploads\/2024\/05\/19Untitled-1.jpg\" class=\"attachment-full size-full wp-image-51111\" alt=\"\" srcset=\"https:\/\/conunique.com\/wp-content\/uploads\/2024\/05\/19Untitled-1.jpg 900w, https:\/\/conunique.com\/wp-content\/uploads\/2024\/05\/19Untitled-1-600x800.jpg 600w, https:\/\/conunique.com\/wp-content\/uploads\/2024\/05\/19Untitled-1-225x300.jpg 225w, https:\/\/conunique.com\/wp-content\/uploads\/2024\/05\/19Untitled-1-768x1024.jpg 768w\" sizes=\"(max-width: 900px) 100vw, 900px\" \/>\t\t\t\t\t\t\t\t<\/a>\n\t\t\t\t\t\t\t\t\t\t\t\t\t\t\t<\/div>\n\t\t\t\t<\/div>\n\t\t\t\t<div class=\"elementor-element elementor-element-4924577 elementor-widget__width-initial elementor-widget elementor-widget-image\" data-id=\"4924577\" data-element_type=\"widget\" data-e-type=\"widget\" data-widget_type=\"image.default\">\n\t\t\t\t<div class=\"elementor-widget-container\">\n\t\t\t\t\t\t\t\t\t\t\t\t\t\t\t\t<a href=\"https:\/\/conunique.com\/wp-content\/uploads\/2024\/05\/4Untitled-1-2.jpg\" data-elementor-open-lightbox=\"yes\" data-elementor-lightbox-title=\"Large Moroccan Pendant Brass Light\" data-e-action-hash=\"#elementor-action%3Aaction%3Dlightbox%26settings%3DeyJpZCI6NTExMDgsInVybCI6Imh0dHBzOlwvXC9jb251bmlxdWUuY29tXC93cC1jb250ZW50XC91cGxvYWRzXC8yMDI0XC8wNVwvNFVudGl0bGVkLTEtMi5qcGcifQ%3D%3D\">\n\t\t\t\t\t\t\t<img decoding=\"async\" width=\"900\" height=\"1200\" src=\"https:\/\/conunique.com\/wp-content\/uploads\/2024\/05\/4Untitled-1-2.jpg\" class=\"attachment-full size-full wp-image-51108\" alt=\"\" srcset=\"https:\/\/conunique.com\/wp-content\/uploads\/2024\/05\/4Untitled-1-2.jpg 900w, https:\/\/conunique.com\/wp-content\/uploads\/2024\/05\/4Untitled-1-2-600x800.jpg 600w, https:\/\/conunique.com\/wp-content\/uploads\/2024\/05\/4Untitled-1-2-225x300.jpg 225w, https:\/\/conunique.com\/wp-content\/uploads\/2024\/05\/4Untitled-1-2-768x1024.jpg 768w\" sizes=\"(max-width: 900px) 100vw, 900px\" \/>\t\t\t\t\t\t\t\t<\/a>\n\t\t\t\t\t\t\t\t\t\t\t\t\t\t\t<\/div>\n\t\t\t\t<\/div>\n\t\t\t\t\t<\/div>\n\t\t<\/div>\n\t\t\t\t\t<\/div>\n\t\t<\/section>\n\t\t\t\t<\/div>\n\t\t","protected":false},"excerpt":{"rendered":"<p>Un lustre marocain fabriqu\u00e9 \u00e0 la main avec une \u00e9toile d\u00e9coup\u00e9e rehausse la d\u00e9coration de la cuisine. Nos pi\u00e8ces uniques sont m\u00e9ticuleusement r\u00e9alis\u00e9es par des artisans, garantissant une qualit\u00e9 sup\u00e9rieure. Parfait pour cr\u00e9er une ambiance marocaine originale, chaque lustre t\u00e9moigne d&rsquo;un savoir-faire de qualit\u00e9, con\u00e7u pour rehausser l&rsquo;esth\u00e9tique de votre ferme.<\/p>\n<ul>\n<li><strong>M\u00e9tal<\/strong><\/li>\n<li><strong>Fait main<\/strong><\/li>\n<\/ul>\n<p>&nbsp;<\/p>\n","protected":false},"featured_media":51107,"comment_status":"open","ping_status":"closed","template":"","meta":[],"product_brand":[],"product_cat":[463,462],"product_tag":[452,453],"class_list":{"0":"post-51105","1":"product","2":"type-product","3":"status-publish","4":"has-post-thumbnail","6":"product_cat-luminaires-suspendus-fr","7":"product_cat-moderne","8":"product_tag-fait-main","9":"product_tag-metal-fr","10":"pa_color-antique-fr","11":"pa_color-argent","12":"pa_color-or","13":"pa_material-metal-fr","15":"first","16":"instock","17":"shipping-taxable","18":"product-type-simple"},"_links":{"self":[{"href":"https:\/\/conunique.com\/fr\/wp-json\/wp\/v2\/product\/51105","targetHints":{"allow":["GET"]}}],"collection":[{"href":"https:\/\/conunique.com\/fr\/wp-json\/wp\/v2\/product"}],"about":[{"href":"https:\/\/conunique.com\/fr\/wp-json\/wp\/v2\/types\/product"}],"replies":[{"embeddable":true,"href":"https:\/\/conunique.com\/fr\/wp-json\/wp\/v2\/comments?post=51105"}],"version-history":[{"count":0,"href":"https:\/\/conunique.com\/fr\/wp-json\/wp\/v2\/product\/51105\/revisions"}],"wp:featuredmedia":[{"embeddable":true,"href":"https:\/\/conunique.com\/fr\/wp-json\/wp\/v2\/media\/51107"}],"wp:attachment":[{"href":"https:\/\/conunique.com\/fr\/wp-json\/wp\/v2\/media?parent=51105"}],"wp:term":[{"taxonomy":"product_brand","embeddable":true,"href":"https:\/\/conunique.com\/fr\/wp-json\/wp\/v2\/product_brand?post=51105"},{"taxonomy":"product_cat","embeddable":true,"href":"https:\/\/conunique.com\/fr\/wp-json\/wp\/v2\/product_cat?post=51105"},{"taxonomy":"product_tag","embeddable":true,"href":"https:\/\/conunique.com\/fr\/wp-json\/wp\/v2\/product_tag?post=51105"}],"curies":[{"name":"wp","href":"https:\/\/api.w.org\/{rel}","templated":true}]}}