{"id":52044,"date":"2024-05-01T16:09:30","date_gmt":"2024-05-01T13:09:30","guid":{"rendered":"https:\/\/conunique.com\/urun\/luz-de-pared-moderna\/"},"modified":"2024-05-21T14:16:27","modified_gmt":"2024-05-21T11:16:27","slug":"luz-de-pared-moderna","status":"publish","type":"product","link":"https:\/\/conunique.com\/es\/urun\/luz-de-pared-moderna\/","title":{"rendered":"LUZ de pared moderna"},"content":{"rendered":"\t\t<div data-elementor-type=\"product-post\" data-elementor-id=\"52044\" class=\"elementor elementor-52044 elementor-49152\" data-elementor-post-type=\"product\">\n\t\t\t\t\t\t<section class=\"elementor-section elementor-top-section elementor-element elementor-element-2d018b1 elementor-section-boxed elementor-section-height-default elementor-section-height-default\" data-id=\"2d018b1\" data-element_type=\"section\" data-e-type=\"section\">\n\t\t\t\t\t\t<div class=\"elementor-container elementor-column-gap-wide\">\n\t\t\t\t\t<div class=\"elementor-column elementor-col-50 elementor-top-column elementor-element elementor-element-0125e24\" data-id=\"0125e24\" data-element_type=\"column\" data-e-type=\"column\">\n\t\t\t<div class=\"elementor-widget-wrap elementor-element-populated\">\n\t\t\t\t\t\t<div class=\"elementor-element elementor-element-f657f41 elementor-widget elementor-widget-text-editor\" data-id=\"f657f41\" data-element_type=\"widget\" data-e-type=\"widget\" data-widget_type=\"text-editor.default\">\n\t\t\t\t<div class=\"elementor-widget-container\">\n\t\t\t\t\t\t\t\t\t<p>La moderna pared dorada, elaborada en aluminio y vidrio, irradia elegancia y lujo. El marco de aluminio dorado y el cristal transparente se combinan para crear un dise\u00f1o sofisticado que realza cualquier espacio interior.<\/p>\n\t\t\t\t\t\t\t\t<\/div>\n\t\t\t\t<\/div>\n\t\t\t\t\t<\/div>\n\t\t<\/div>\n\t\t\t\t<div class=\"elementor-column elementor-col-50 elementor-top-column elementor-element elementor-element-929b4ac\" data-id=\"929b4ac\" data-element_type=\"column\" data-e-type=\"column\">\n\t\t\t<div class=\"elementor-widget-wrap elementor-element-populated\">\n\t\t\t\t\t\t<div class=\"elementor-element elementor-element-673d0e8 elementor-widget__width-initial elementor-widget elementor-widget-image\" data-id=\"673d0e8\" data-element_type=\"widget\" data-e-type=\"widget\" data-widget_type=\"image.default\">\n\t\t\t\t<div class=\"elementor-widget-container\">\n\t\t\t\t\t\t\t\t\t\t\t\t\t\t\t\t<a href=\"https:\/\/conunique.com\/wp-content\/uploads\/2024\/05\/\u062b\u062bntitled-1.jpg\" data-elementor-open-lightbox=\"yes\" data-elementor-lightbox-title=\"Modern Wall LIGHT\" data-e-action-hash=\"#elementor-action%3Aaction%3Dlightbox%26settings%3DeyJpZCI6NDkxNTUsInVybCI6Imh0dHBzOlwvXC9jb251bmlxdWUuY29tXC93cC1jb250ZW50XC91cGxvYWRzXC8yMDI0XC8wNVwvXHUwNjJiXHUwNjJibnRpdGxlZC0xLmpwZyJ9\">\n\t\t\t\t\t\t\t<img fetchpriority=\"high\" decoding=\"async\" width=\"900\" height=\"1200\" src=\"https:\/\/conunique.com\/wp-content\/uploads\/2024\/05\/\u062b\u062bntitled-1.jpg\" class=\"attachment-full size-full wp-image-49155\" alt=\"\" srcset=\"https:\/\/conunique.com\/wp-content\/uploads\/2024\/05\/\u062b\u062bntitled-1.jpg 900w, https:\/\/conunique.com\/wp-content\/uploads\/2024\/05\/\u062b\u062bntitled-1-225x300.jpg 225w, https:\/\/conunique.com\/wp-content\/uploads\/2024\/05\/\u062b\u062bntitled-1-768x1024.jpg 768w, https:\/\/conunique.com\/wp-content\/uploads\/2024\/05\/\u062b\u062bntitled-1-600x800.jpg 600w\" sizes=\"(max-width: 900px) 100vw, 900px\" \/>\t\t\t\t\t\t\t\t<\/a>\n\t\t\t\t\t\t\t\t\t\t\t\t\t\t\t<\/div>\n\t\t\t\t<\/div>\n\t\t\t\t<div class=\"elementor-element elementor-element-4924577 elementor-widget__width-initial elementor-widget elementor-widget-image\" data-id=\"4924577\" data-element_type=\"widget\" data-e-type=\"widget\" data-widget_type=\"image.default\">\n\t\t\t\t<div class=\"elementor-widget-container\">\n\t\t\t\t\t\t\t\t\t\t\t\t\t\t\t\t<a href=\"https:\/\/conunique.com\/wp-content\/uploads\/2024\/05\/02Untitled-1-4.jpg\" data-elementor-open-lightbox=\"yes\" data-elementor-lightbox-title=\"Modern Wall LIGHT\" data-e-action-hash=\"#elementor-action%3Aaction%3Dlightbox%26settings%3DeyJpZCI6NTIwNDUsInVybCI6Imh0dHBzOlwvXC9jb251bmlxdWUuY29tXC93cC1jb250ZW50XC91cGxvYWRzXC8yMDI0XC8wNVwvMDJVbnRpdGxlZC0xLTQuanBnIn0%3D\">\n\t\t\t\t\t\t\t<img decoding=\"async\" width=\"900\" height=\"1200\" src=\"https:\/\/conunique.com\/wp-content\/uploads\/2024\/05\/02Untitled-1-4.jpg\" class=\"attachment-full size-full wp-image-52045\" alt=\"\" srcset=\"https:\/\/conunique.com\/wp-content\/uploads\/2024\/05\/02Untitled-1-4.jpg 900w, https:\/\/conunique.com\/wp-content\/uploads\/2024\/05\/02Untitled-1-4-225x300.jpg 225w, https:\/\/conunique.com\/wp-content\/uploads\/2024\/05\/02Untitled-1-4-768x1024.jpg 768w, https:\/\/conunique.com\/wp-content\/uploads\/2024\/05\/02Untitled-1-4-600x800.jpg 600w\" sizes=\"(max-width: 900px) 100vw, 900px\" \/>\t\t\t\t\t\t\t\t<\/a>\n\t\t\t\t\t\t\t\t\t\t\t\t\t\t\t<\/div>\n\t\t\t\t<\/div>\n\t\t\t\t\t<\/div>\n\t\t<\/div>\n\t\t\t\t\t<\/div>\n\t\t<\/section>\n\t\t\t\t<\/div>\n\t\t","protected":false},"excerpt":{"rendered":"<p>La pared dorada contempor\u00e1nea, elaborada con aluminio y vidrio, se erige como una obra maestra, elevando el atractivo y la sofisticaci\u00f3n de cualquier ambiente interior. Su dise\u00f1o rezuma modernidad y refinamiento, empleando materiales de primera calidad como el aluminio y el vidrio. El marco de aluminio dorado imparte una est\u00e9tica lujosa, mientras que la incorporaci\u00f3n de vidrio introduce transparencia y un atractivo resplandeciente, enriqueciendo a\u00fan m\u00e1s el impacto del mural.<\/p>\n<ul>\n<li><strong>Lat\u00f3n, Vidrio<\/strong><\/li>\n<li><strong>hecho a mano<\/strong><\/li>\n<\/ul>\n<p>&nbsp;<\/p>\n","protected":false},"featured_media":52046,"comment_status":"open","ping_status":"closed","template":"","meta":[],"product_brand":[],"product_cat":[475,458],"product_tag":[481,439,476,467],"class_list":{"0":"post-52044","1":"product","2":"type-product","3":"status-publish","4":"has-post-thumbnail","6":"product_cat-luces-de-pared","7":"product_cat-moderno","8":"product_tag-condujo","9":"product_tag-hecha-a-mano","10":"product_tag-laton","11":"product_tag-vaso","12":"pa_color-antigua-es","13":"pa_color-oro-es","14":"pa_color-plata","15":"pa_material-metal-es","17":"first","18":"instock","19":"shipping-taxable","20":"product-type-simple"},"_links":{"self":[{"href":"https:\/\/conunique.com\/es\/wp-json\/wp\/v2\/product\/52044","targetHints":{"allow":["GET"]}}],"collection":[{"href":"https:\/\/conunique.com\/es\/wp-json\/wp\/v2\/product"}],"about":[{"href":"https:\/\/conunique.com\/es\/wp-json\/wp\/v2\/types\/product"}],"replies":[{"embeddable":true,"href":"https:\/\/conunique.com\/es\/wp-json\/wp\/v2\/comments?post=52044"}],"version-history":[{"count":2,"href":"https:\/\/conunique.com\/es\/wp-json\/wp\/v2\/product\/52044\/revisions"}],"predecessor-version":[{"id":52047,"href":"https:\/\/conunique.com\/es\/wp-json\/wp\/v2\/product\/52044\/revisions\/52047"}],"wp:featuredmedia":[{"embeddable":true,"href":"https:\/\/conunique.com\/es\/wp-json\/wp\/v2\/media\/52046"}],"wp:attachment":[{"href":"https:\/\/conunique.com\/es\/wp-json\/wp\/v2\/media?parent=52044"}],"wp:term":[{"taxonomy":"product_brand","embeddable":true,"href":"https:\/\/conunique.com\/es\/wp-json\/wp\/v2\/product_brand?post=52044"},{"taxonomy":"product_cat","embeddable":true,"href":"https:\/\/conunique.com\/es\/wp-json\/wp\/v2\/product_cat?post=52044"},{"taxonomy":"product_tag","embeddable":true,"href":"https:\/\/conunique.com\/es\/wp-json\/wp\/v2\/product_tag?post=52044"}],"curies":[{"name":"wp","href":"https:\/\/api.w.org\/{rel}","templated":true}]}}