{"id":51961,"date":"2024-05-01T11:24:10","date_gmt":"2024-05-01T08:24:10","guid":{"rendered":"https:\/\/conunique.com\/urun\/arana-de-ocho-luces\/"},"modified":"2024-05-21T13:40:04","modified_gmt":"2024-05-21T10:40:04","slug":"arana-de-ocho-luces","status":"publish","type":"product","link":"https:\/\/conunique.com\/es\/urun\/arana-de-ocho-luces\/","title":{"rendered":"Ara\u00f1a de ocho luces"},"content":{"rendered":"\t\t<div data-elementor-type=\"product-post\" data-elementor-id=\"51961\" class=\"elementor elementor-51961 elementor-49096\" data-elementor-post-type=\"product\">\n\t\t\t\t\t\t<section class=\"elementor-section elementor-top-section elementor-element elementor-element-2d018b1 elementor-section-boxed elementor-section-height-default elementor-section-height-default\" data-id=\"2d018b1\" data-element_type=\"section\" data-e-type=\"section\">\n\t\t\t\t\t\t<div class=\"elementor-container elementor-column-gap-wide\">\n\t\t\t\t\t<div class=\"elementor-column elementor-col-50 elementor-top-column elementor-element elementor-element-0125e24\" data-id=\"0125e24\" data-element_type=\"column\" data-e-type=\"column\">\n\t\t\t<div class=\"elementor-widget-wrap elementor-element-populated\">\n\t\t\t\t\t\t<div class=\"elementor-element elementor-element-f657f41 elementor-widget elementor-widget-text-editor\" data-id=\"f657f41\" data-element_type=\"widget\" data-e-type=\"widget\" data-widget_type=\"text-editor.default\">\n\t\t\t\t<div class=\"elementor-widget-container\">\n\t\t\t\t\t\t\t\t\t<p>La colecci\u00f3n Corbell combina un moderno acabado blanco mate con detalles en lat\u00f3n. Sus pantallas met\u00e1licas ce\u00f1idas a\u00f1aden un toque femenino a su elegante dise\u00f1o.<\/p>\n\t\t\t\t\t\t\t\t<\/div>\n\t\t\t\t<\/div>\n\t\t\t\t\t<\/div>\n\t\t<\/div>\n\t\t\t\t<div class=\"elementor-column elementor-col-50 elementor-top-column elementor-element elementor-element-929b4ac\" data-id=\"929b4ac\" data-element_type=\"column\" data-e-type=\"column\">\n\t\t\t<div class=\"elementor-widget-wrap elementor-element-populated\">\n\t\t\t\t\t\t<div class=\"elementor-element elementor-element-673d0e8 elementor-widget__width-initial elementor-widget elementor-widget-image\" data-id=\"673d0e8\" data-element_type=\"widget\" data-e-type=\"widget\" data-widget_type=\"image.default\">\n\t\t\t\t<div class=\"elementor-widget-container\">\n\t\t\t\t\t\t\t\t\t\t\t\t\t\t\t\t<a href=\"https:\/\/conunique.com\/wp-content\/uploads\/2024\/05\/03Untitled-1-1.jpg\" data-elementor-open-lightbox=\"yes\" data-elementor-lightbox-title=\"Eight Light Chandelier\" data-e-action-hash=\"#elementor-action%3Aaction%3Dlightbox%26settings%3DeyJpZCI6NTE5NjMsInVybCI6Imh0dHBzOlwvXC9jb251bmlxdWUuY29tXC93cC1jb250ZW50XC91cGxvYWRzXC8yMDI0XC8wNVwvMDNVbnRpdGxlZC0xLTEuanBnIn0%3D\">\n\t\t\t\t\t\t\t<img fetchpriority=\"high\" decoding=\"async\" width=\"900\" height=\"1200\" src=\"https:\/\/conunique.com\/wp-content\/uploads\/2024\/05\/03Untitled-1-1.jpg\" class=\"attachment-full size-full wp-image-51963\" alt=\"\" srcset=\"https:\/\/conunique.com\/wp-content\/uploads\/2024\/05\/03Untitled-1-1.jpg 900w, https:\/\/conunique.com\/wp-content\/uploads\/2024\/05\/03Untitled-1-1-225x300.jpg 225w, https:\/\/conunique.com\/wp-content\/uploads\/2024\/05\/03Untitled-1-1-768x1024.jpg 768w, https:\/\/conunique.com\/wp-content\/uploads\/2024\/05\/03Untitled-1-1-600x800.jpg 600w\" sizes=\"(max-width: 900px) 100vw, 900px\" \/>\t\t\t\t\t\t\t\t<\/a>\n\t\t\t\t\t\t\t\t\t\t\t\t\t\t\t<\/div>\n\t\t\t\t<\/div>\n\t\t\t\t<div class=\"elementor-element elementor-element-4924577 elementor-widget__width-initial elementor-widget elementor-widget-image\" data-id=\"4924577\" data-element_type=\"widget\" data-e-type=\"widget\" data-widget_type=\"image.default\">\n\t\t\t\t<div class=\"elementor-widget-container\">\n\t\t\t\t\t\t\t\t\t\t\t\t\t\t\t\t<a href=\"https:\/\/conunique.com\/wp-content\/uploads\/2024\/05\/04Untitled-1-2.jpg\" data-elementor-open-lightbox=\"yes\" data-elementor-lightbox-title=\"Eight Light Chandelier\" data-e-action-hash=\"#elementor-action%3Aaction%3Dlightbox%26settings%3DeyJpZCI6NTE5NjQsInVybCI6Imh0dHBzOlwvXC9jb251bmlxdWUuY29tXC93cC1jb250ZW50XC91cGxvYWRzXC8yMDI0XC8wNVwvMDRVbnRpdGxlZC0xLTIuanBnIn0%3D\">\n\t\t\t\t\t\t\t<img decoding=\"async\" width=\"900\" height=\"1200\" src=\"https:\/\/conunique.com\/wp-content\/uploads\/2024\/05\/04Untitled-1-2.jpg\" class=\"attachment-full size-full wp-image-51964\" alt=\"\" srcset=\"https:\/\/conunique.com\/wp-content\/uploads\/2024\/05\/04Untitled-1-2.jpg 900w, https:\/\/conunique.com\/wp-content\/uploads\/2024\/05\/04Untitled-1-2-225x300.jpg 225w, https:\/\/conunique.com\/wp-content\/uploads\/2024\/05\/04Untitled-1-2-768x1024.jpg 768w, https:\/\/conunique.com\/wp-content\/uploads\/2024\/05\/04Untitled-1-2-600x800.jpg 600w\" sizes=\"(max-width: 900px) 100vw, 900px\" \/>\t\t\t\t\t\t\t\t<\/a>\n\t\t\t\t\t\t\t\t\t\t\t\t\t\t\t<\/div>\n\t\t\t\t<\/div>\n\t\t\t\t\t<\/div>\n\t\t<\/div>\n\t\t\t\t\t<\/div>\n\t\t<\/section>\n\t\t\t\t<\/div>\n\t\t","protected":false},"excerpt":{"rendered":"<p>La colecci\u00f3n Corbell presenta un acabado blanco mate con detalles en lat\u00f3n, una combinaci\u00f3n de tendencia en el dise\u00f1o moderno. Sus pantallas met\u00e1licas ce\u00f1idas a\u00f1aden un toque de elegancia femenina a su atractiva forma.<\/p>\n<ul>\n<li><strong>Acero inoxidable, Vidrio<\/strong><\/li>\n<li><strong>hecho a mano<\/strong><\/li>\n<\/ul>\n<p>&nbsp;<\/p>\n","protected":false},"featured_media":51965,"comment_status":"open","ping_status":"closed","template":"","meta":[],"product_brand":[],"product_cat":[459,458],"product_tag":[481,439,533,467],"class_list":{"0":"post-51961","1":"product","2":"type-product","3":"status-publish","4":"has-post-thumbnail","6":"product_cat-lamparas-colgantes-es","7":"product_cat-moderno","8":"product_tag-condujo","9":"product_tag-hecha-a-mano","10":"product_tag-trapecio","11":"product_tag-vaso","12":"pa_color-antigua-es","13":"pa_color-oro-es","14":"pa_color-plata","15":"pa_material-metal-es","17":"first","18":"instock","19":"shipping-taxable","20":"product-type-simple"},"_links":{"self":[{"href":"https:\/\/conunique.com\/es\/wp-json\/wp\/v2\/product\/51961","targetHints":{"allow":["GET"]}}],"collection":[{"href":"https:\/\/conunique.com\/es\/wp-json\/wp\/v2\/product"}],"about":[{"href":"https:\/\/conunique.com\/es\/wp-json\/wp\/v2\/types\/product"}],"replies":[{"embeddable":true,"href":"https:\/\/conunique.com\/es\/wp-json\/wp\/v2\/comments?post=51961"}],"version-history":[{"count":1,"href":"https:\/\/conunique.com\/es\/wp-json\/wp\/v2\/product\/51961\/revisions"}],"predecessor-version":[{"id":51967,"href":"https:\/\/conunique.com\/es\/wp-json\/wp\/v2\/product\/51961\/revisions\/51967"}],"wp:featuredmedia":[{"embeddable":true,"href":"https:\/\/conunique.com\/es\/wp-json\/wp\/v2\/media\/51965"}],"wp:attachment":[{"href":"https:\/\/conunique.com\/es\/wp-json\/wp\/v2\/media?parent=51961"}],"wp:term":[{"taxonomy":"product_brand","embeddable":true,"href":"https:\/\/conunique.com\/es\/wp-json\/wp\/v2\/product_brand?post=51961"},{"taxonomy":"product_cat","embeddable":true,"href":"https:\/\/conunique.com\/es\/wp-json\/wp\/v2\/product_cat?post=51961"},{"taxonomy":"product_tag","embeddable":true,"href":"https:\/\/conunique.com\/es\/wp-json\/wp\/v2\/product_tag?post=51961"}],"curies":[{"name":"wp","href":"https:\/\/api.w.org\/{rel}","templated":true}]}}