{"id":51838,"date":"2024-04-30T22:11:24","date_gmt":"2024-04-30T19:11:24","guid":{"rendered":"https:\/\/conunique.com\/urun\/techo-de-cupula\/"},"modified":"2024-05-21T13:10:11","modified_gmt":"2024-05-21T10:10:11","slug":"techo-de-cupula","status":"publish","type":"product","link":"https:\/\/conunique.com\/es\/urun\/techo-de-cupula\/","title":{"rendered":"Techo de c\u00fapula"},"content":{"rendered":"\t\t<div data-elementor-type=\"product-post\" data-elementor-id=\"51838\" class=\"elementor elementor-51838 elementor-49023\" data-elementor-post-type=\"product\">\n\t\t\t\t\t\t<section class=\"elementor-section elementor-top-section elementor-element elementor-element-2d018b1 elementor-section-boxed elementor-section-height-default elementor-section-height-default\" data-id=\"2d018b1\" data-element_type=\"section\" data-e-type=\"section\">\n\t\t\t\t\t\t<div class=\"elementor-container elementor-column-gap-wide\">\n\t\t\t\t\t<div class=\"elementor-column elementor-col-50 elementor-top-column elementor-element elementor-element-0125e24\" data-id=\"0125e24\" data-element_type=\"column\" data-e-type=\"column\">\n\t\t\t<div class=\"elementor-widget-wrap elementor-element-populated\">\n\t\t\t\t\t\t<div class=\"elementor-element elementor-element-f657f41 elementor-widget elementor-widget-text-editor\" data-id=\"f657f41\" data-element_type=\"widget\" data-e-type=\"widget\" data-widget_type=\"text-editor.default\">\n\t\t\t\t<div class=\"elementor-widget-container\">\n\t\t\t\t\t\t\t\t\t<p>Lo antiguo se encuentra con lo contempor\u00e1neo en estas l\u00e1mparas colgantes hechas a mano. Materiales raros, c\u00fapulas de lat\u00f3n fundido, c\u00e1scara de huevo lacada y detalles en bronce oscuro crean una cautivadora interacci\u00f3n de luces.<\/p>\n\t\t\t\t\t\t\t\t<\/div>\n\t\t\t\t<\/div>\n\t\t\t\t\t<\/div>\n\t\t<\/div>\n\t\t\t\t<div class=\"elementor-column elementor-col-50 elementor-top-column elementor-element elementor-element-929b4ac\" data-id=\"929b4ac\" data-element_type=\"column\" data-e-type=\"column\">\n\t\t\t<div class=\"elementor-widget-wrap elementor-element-populated\">\n\t\t\t\t\t\t<div class=\"elementor-element elementor-element-673d0e8 elementor-widget__width-initial elementor-widget elementor-widget-image\" data-id=\"673d0e8\" data-element_type=\"widget\" data-e-type=\"widget\" data-widget_type=\"image.default\">\n\t\t\t\t<div class=\"elementor-widget-container\">\n\t\t\t\t\t\t\t\t\t\t\t\t\t\t\t\t<a href=\"https:\/\/conunique.com\/wp-content\/uploads\/2024\/04\/vhvUntitled-1.jpg\" data-elementor-open-lightbox=\"yes\" data-elementor-lightbox-title=\"Cupola Ceiling\" data-e-action-hash=\"#elementor-action%3Aaction%3Dlightbox%26settings%3DeyJpZCI6NTE4NDIsInVybCI6Imh0dHBzOlwvXC9jb251bmlxdWUuY29tXC93cC1jb250ZW50XC91cGxvYWRzXC8yMDI0XC8wNFwvdmh2VW50aXRsZWQtMS5qcGcifQ%3D%3D\">\n\t\t\t\t\t\t\t<img fetchpriority=\"high\" decoding=\"async\" width=\"900\" height=\"1200\" src=\"https:\/\/conunique.com\/wp-content\/uploads\/2024\/04\/vhvUntitled-1.jpg\" class=\"attachment-full size-full wp-image-51842\" alt=\"\" srcset=\"https:\/\/conunique.com\/wp-content\/uploads\/2024\/04\/vhvUntitled-1.jpg 900w, https:\/\/conunique.com\/wp-content\/uploads\/2024\/04\/vhvUntitled-1-225x300.jpg 225w, https:\/\/conunique.com\/wp-content\/uploads\/2024\/04\/vhvUntitled-1-768x1024.jpg 768w, https:\/\/conunique.com\/wp-content\/uploads\/2024\/04\/vhvUntitled-1-600x800.jpg 600w\" sizes=\"(max-width: 900px) 100vw, 900px\" \/>\t\t\t\t\t\t\t\t<\/a>\n\t\t\t\t\t\t\t\t\t\t\t\t\t\t\t<\/div>\n\t\t\t\t<\/div>\n\t\t\t\t<div class=\"elementor-element elementor-element-4924577 elementor-widget__width-initial elementor-widget elementor-widget-image\" data-id=\"4924577\" data-element_type=\"widget\" data-e-type=\"widget\" data-widget_type=\"image.default\">\n\t\t\t\t<div class=\"elementor-widget-container\">\n\t\t\t\t\t\t\t\t\t\t\t\t\t\t\t\t<a href=\"https:\/\/conunique.com\/wp-content\/uploads\/2024\/04\/nbUntitled-1-1.jpg\" data-elementor-open-lightbox=\"yes\" data-elementor-lightbox-title=\"Cupola Ceiling\" data-e-action-hash=\"#elementor-action%3Aaction%3Dlightbox%26settings%3DeyJpZCI6NTE4NDAsInVybCI6Imh0dHBzOlwvXC9jb251bmlxdWUuY29tXC93cC1jb250ZW50XC91cGxvYWRzXC8yMDI0XC8wNFwvbmJVbnRpdGxlZC0xLTEuanBnIn0%3D\">\n\t\t\t\t\t\t\t<img decoding=\"async\" width=\"900\" height=\"1200\" src=\"https:\/\/conunique.com\/wp-content\/uploads\/2024\/04\/nbUntitled-1-1.jpg\" class=\"attachment-full size-full wp-image-51840\" alt=\"\" srcset=\"https:\/\/conunique.com\/wp-content\/uploads\/2024\/04\/nbUntitled-1-1.jpg 900w, https:\/\/conunique.com\/wp-content\/uploads\/2024\/04\/nbUntitled-1-1-225x300.jpg 225w, https:\/\/conunique.com\/wp-content\/uploads\/2024\/04\/nbUntitled-1-1-768x1024.jpg 768w, https:\/\/conunique.com\/wp-content\/uploads\/2024\/04\/nbUntitled-1-1-600x800.jpg 600w\" sizes=\"(max-width: 900px) 100vw, 900px\" \/>\t\t\t\t\t\t\t\t<\/a>\n\t\t\t\t\t\t\t\t\t\t\t\t\t\t\t<\/div>\n\t\t\t\t<\/div>\n\t\t\t\t\t<\/div>\n\t\t<\/div>\n\t\t\t\t\t<\/div>\n\t\t<\/section>\n\t\t\t\t<\/div>\n\t\t","protected":false},"excerpt":{"rendered":"<p>Estas l\u00e1mparas colgantes combinan la est\u00e9tica moderna y antigua, con interiores tallados a mano que proyectan un anillo de luz luminoso. Elaborados con materiales raros, cuentan con una c\u00fapula de lat\u00f3n fundido con c\u00e1scara de huevo lacada y un anillo de suspensi\u00f3n, una cadena y un soporte de techo de bronce oscuro.<\/p>\n<ul>\n<li><strong>Fait main <\/strong><\/li>\n<li><strong>Hecho a mano de lat\u00f3n<\/strong><\/li>\n<\/ul>\n<p>&nbsp;<\/p>\n","protected":false},"featured_media":51839,"comment_status":"open","ping_status":"closed","template":"","meta":[],"product_brand":[],"product_cat":[459,458],"product_tag":[481,439,476],"class_list":{"0":"post-51838","1":"product","2":"type-product","3":"status-publish","4":"has-post-thumbnail","6":"product_cat-lamparas-colgantes-es","7":"product_cat-moderno","8":"product_tag-condujo","9":"product_tag-hecha-a-mano","10":"product_tag-laton","11":"pa_color-antigua-es","12":"pa_color-oro-es","13":"pa_color-plata","14":"pa_material-metal-es","16":"first","17":"instock","18":"shipping-taxable","19":"product-type-simple"},"_links":{"self":[{"href":"https:\/\/conunique.com\/es\/wp-json\/wp\/v2\/product\/51838","targetHints":{"allow":["GET"]}}],"collection":[{"href":"https:\/\/conunique.com\/es\/wp-json\/wp\/v2\/product"}],"about":[{"href":"https:\/\/conunique.com\/es\/wp-json\/wp\/v2\/types\/product"}],"replies":[{"embeddable":true,"href":"https:\/\/conunique.com\/es\/wp-json\/wp\/v2\/comments?post=51838"}],"version-history":[{"count":1,"href":"https:\/\/conunique.com\/es\/wp-json\/wp\/v2\/product\/51838\/revisions"}],"predecessor-version":[{"id":51843,"href":"https:\/\/conunique.com\/es\/wp-json\/wp\/v2\/product\/51838\/revisions\/51843"}],"wp:featuredmedia":[{"embeddable":true,"href":"https:\/\/conunique.com\/es\/wp-json\/wp\/v2\/media\/51839"}],"wp:attachment":[{"href":"https:\/\/conunique.com\/es\/wp-json\/wp\/v2\/media?parent=51838"}],"wp:term":[{"taxonomy":"product_brand","embeddable":true,"href":"https:\/\/conunique.com\/es\/wp-json\/wp\/v2\/product_brand?post=51838"},{"taxonomy":"product_cat","embeddable":true,"href":"https:\/\/conunique.com\/es\/wp-json\/wp\/v2\/product_cat?post=51838"},{"taxonomy":"product_tag","embeddable":true,"href":"https:\/\/conunique.com\/es\/wp-json\/wp\/v2\/product_tag?post=51838"}],"curies":[{"name":"wp","href":"https:\/\/api.w.org\/{rel}","templated":true}]}}