{"id":51712,"date":"2024-04-30T14:35:34","date_gmt":"2024-04-30T11:35:34","guid":{"rendered":"https:\/\/conunique.com\/urun\/lampara-de-pie-en-hierro-envejecido\/"},"modified":"2024-05-21T12:31:38","modified_gmt":"2024-05-21T09:31:38","slug":"lampara-de-pie-en-hierro-envejecido","status":"publish","type":"product","link":"https:\/\/conunique.com\/es\/urun\/lampara-de-pie-en-hierro-envejecido\/","title":{"rendered":"L\u00e1mpara de pie en hierro envejecido."},"content":{"rendered":"\t\t<div data-elementor-type=\"product-post\" data-elementor-id=\"51712\" class=\"elementor elementor-51712 elementor-48889\" data-elementor-post-type=\"product\">\n\t\t\t\t\t\t<section class=\"elementor-section elementor-top-section elementor-element elementor-element-2d018b1 elementor-section-boxed elementor-section-height-default elementor-section-height-default\" data-id=\"2d018b1\" data-element_type=\"section\" data-e-type=\"section\">\n\t\t\t\t\t\t<div class=\"elementor-container elementor-column-gap-wide\">\n\t\t\t\t\t<div class=\"elementor-column elementor-col-50 elementor-top-column elementor-element elementor-element-0125e24\" data-id=\"0125e24\" data-element_type=\"column\" data-e-type=\"column\">\n\t\t\t<div class=\"elementor-widget-wrap elementor-element-populated\">\n\t\t\t\t\t\t<div class=\"elementor-element elementor-element-f657f41 elementor-widget elementor-widget-text-editor\" data-id=\"f657f41\" data-element_type=\"widget\" data-e-type=\"widget\" data-widget_type=\"text-editor.default\">\n\t\t\t\t<div class=\"elementor-widget-container\">\n\t\t\t\t\t\t\t\t\t<p>Esta l\u00e1mpara, que lleva la naturaleza al interior, cuenta con una base esculpida en forma de rama, que agrega un toque org\u00e1nico a los espacios contempor\u00e1neos. Su pantalla de lino difunde suavemente la luz, perfecta para salones u oficinas en casa.<\/p>\n\t\t\t\t\t\t\t\t<\/div>\n\t\t\t\t<\/div>\n\t\t\t\t\t<\/div>\n\t\t<\/div>\n\t\t\t\t<div class=\"elementor-column elementor-col-50 elementor-top-column elementor-element elementor-element-929b4ac\" data-id=\"929b4ac\" data-element_type=\"column\" data-e-type=\"column\">\n\t\t\t<div class=\"elementor-widget-wrap elementor-element-populated\">\n\t\t\t\t\t\t<div class=\"elementor-element elementor-element-673d0e8 elementor-widget__width-initial elementor-widget elementor-widget-image\" data-id=\"673d0e8\" data-element_type=\"widget\" data-e-type=\"widget\" data-widget_type=\"image.default\">\n\t\t\t\t<div class=\"elementor-widget-container\">\n\t\t\t\t\t\t\t\t\t\t\t\t\t\t\t\t<a href=\"https:\/\/conunique.com\/wp-content\/uploads\/2024\/04\/Floor-lamp-in-aged-iron-2-2.jpg\" data-elementor-open-lightbox=\"yes\" data-elementor-lightbox-title=\"Floor-lamp-in-aged-iron-2-2\" data-e-action-hash=\"#elementor-action%3Aaction%3Dlightbox%26settings%3DeyJpZCI6NDg5MzUsInVybCI6Imh0dHBzOlwvXC9jb251bmlxdWUuY29tXC93cC1jb250ZW50XC91cGxvYWRzXC8yMDI0XC8wNFwvRmxvb3ItbGFtcC1pbi1hZ2VkLWlyb24tMi0yLmpwZyJ9\">\n\t\t\t\t\t\t\t<img fetchpriority=\"high\" decoding=\"async\" width=\"1200\" height=\"1500\" src=\"https:\/\/conunique.com\/wp-content\/uploads\/2024\/04\/Floor-lamp-in-aged-iron-2-2.jpg\" class=\"attachment-full size-full wp-image-48935\" alt=\"\" srcset=\"https:\/\/conunique.com\/wp-content\/uploads\/2024\/04\/Floor-lamp-in-aged-iron-2-2.jpg 1200w, https:\/\/conunique.com\/wp-content\/uploads\/2024\/04\/Floor-lamp-in-aged-iron-2-2-240x300.jpg 240w, https:\/\/conunique.com\/wp-content\/uploads\/2024\/04\/Floor-lamp-in-aged-iron-2-2-819x1024.jpg 819w, https:\/\/conunique.com\/wp-content\/uploads\/2024\/04\/Floor-lamp-in-aged-iron-2-2-768x960.jpg 768w\" sizes=\"(max-width: 1200px) 100vw, 1200px\" \/>\t\t\t\t\t\t\t\t<\/a>\n\t\t\t\t\t\t\t\t\t\t\t\t\t\t\t<\/div>\n\t\t\t\t<\/div>\n\t\t\t\t<div class=\"elementor-element elementor-element-4924577 elementor-widget__width-initial elementor-widget elementor-widget-image\" data-id=\"4924577\" data-element_type=\"widget\" data-e-type=\"widget\" data-widget_type=\"image.default\">\n\t\t\t\t<div class=\"elementor-widget-container\">\n\t\t\t\t\t\t\t\t\t\t\t\t\t\t\t\t<a href=\"https:\/\/conunique.com\/wp-content\/uploads\/2024\/04\/Floor-lamp-in-aged-iron-3-4.png\" data-elementor-open-lightbox=\"yes\" data-elementor-lightbox-title=\"Floor-lamp-in-aged-iron-3-4\" data-e-action-hash=\"#elementor-action%3Aaction%3Dlightbox%26settings%3DeyJpZCI6NDg5MzQsInVybCI6Imh0dHBzOlwvXC9jb251bmlxdWUuY29tXC93cC1jb250ZW50XC91cGxvYWRzXC8yMDI0XC8wNFwvRmxvb3ItbGFtcC1pbi1hZ2VkLWlyb24tMy00LnBuZyJ9\">\n\t\t\t\t\t\t\t<img decoding=\"async\" width=\"852\" height=\"858\" src=\"https:\/\/conunique.com\/wp-content\/uploads\/2024\/04\/Floor-lamp-in-aged-iron-3-4.png\" class=\"attachment-full size-full wp-image-48934\" alt=\"\" srcset=\"https:\/\/conunique.com\/wp-content\/uploads\/2024\/04\/Floor-lamp-in-aged-iron-3-4.png 852w, https:\/\/conunique.com\/wp-content\/uploads\/2024\/04\/Floor-lamp-in-aged-iron-3-4-298x300.png 298w, https:\/\/conunique.com\/wp-content\/uploads\/2024\/04\/Floor-lamp-in-aged-iron-3-4-150x150.png 150w, https:\/\/conunique.com\/wp-content\/uploads\/2024\/04\/Floor-lamp-in-aged-iron-3-4-768x773.png 768w, https:\/\/conunique.com\/wp-content\/uploads\/2024\/04\/Floor-lamp-in-aged-iron-3-4-200x200.png 200w\" sizes=\"(max-width: 852px) 100vw, 852px\" \/>\t\t\t\t\t\t\t\t<\/a>\n\t\t\t\t\t\t\t\t\t\t\t\t\t\t\t<\/div>\n\t\t\t\t<\/div>\n\t\t\t\t\t<\/div>\n\t\t<\/div>\n\t\t\t\t\t<\/div>\n\t\t<\/section>\n\t\t\t\t<\/div>\n\t\t","protected":false},"excerpt":{"rendered":"<p>Esta l\u00e1mpara, que lleva la naturaleza al interior, cuenta con una base esculpida en forma de rama, que agrega un toque org\u00e1nico a los espacios contempor\u00e1neos. Su pantalla de lino difunde suavemente la luz, perfecta para salones u oficinas en casa.<\/p>\n<ul>\n<li><strong>hecho a mano <\/strong><\/li>\n<li><strong>Hierro hecho a mano <\/strong><\/li>\n<\/ul>\n","protected":false},"featured_media":51719,"comment_status":"open","ping_status":"closed","template":"","meta":[],"product_brand":[],"product_cat":[464,458],"product_tag":[509,467],"class_list":{"0":"post-51712","1":"product","2":"type-product","3":"status-publish","4":"has-post-thumbnail","6":"product_cat-luces-de-suelo-es","7":"product_cat-moderno","8":"product_tag-cristal","9":"product_tag-vaso","10":"pa_color-antigua-es","11":"pa_color-oro-es","12":"pa_color-plata","13":"pa_material-metal-es","15":"first","16":"instock","17":"shipping-taxable","18":"product-type-simple"},"_links":{"self":[{"href":"https:\/\/conunique.com\/es\/wp-json\/wp\/v2\/product\/51712","targetHints":{"allow":["GET"]}}],"collection":[{"href":"https:\/\/conunique.com\/es\/wp-json\/wp\/v2\/product"}],"about":[{"href":"https:\/\/conunique.com\/es\/wp-json\/wp\/v2\/types\/product"}],"replies":[{"embeddable":true,"href":"https:\/\/conunique.com\/es\/wp-json\/wp\/v2\/comments?post=51712"}],"version-history":[{"count":1,"href":"https:\/\/conunique.com\/es\/wp-json\/wp\/v2\/product\/51712\/revisions"}],"predecessor-version":[{"id":51721,"href":"https:\/\/conunique.com\/es\/wp-json\/wp\/v2\/product\/51712\/revisions\/51721"}],"wp:featuredmedia":[{"embeddable":true,"href":"https:\/\/conunique.com\/es\/wp-json\/wp\/v2\/media\/51719"}],"wp:attachment":[{"href":"https:\/\/conunique.com\/es\/wp-json\/wp\/v2\/media?parent=51712"}],"wp:term":[{"taxonomy":"product_brand","embeddable":true,"href":"https:\/\/conunique.com\/es\/wp-json\/wp\/v2\/product_brand?post=51712"},{"taxonomy":"product_cat","embeddable":true,"href":"https:\/\/conunique.com\/es\/wp-json\/wp\/v2\/product_cat?post=51712"},{"taxonomy":"product_tag","embeddable":true,"href":"https:\/\/conunique.com\/es\/wp-json\/wp\/v2\/product_tag?post=51712"}],"curies":[{"name":"wp","href":"https:\/\/api.w.org\/{rel}","templated":true}]}}