{"id":51514,"date":"2024-04-29T13:19:43","date_gmt":"2024-04-29T10:19:43","guid":{"rendered":"https:\/\/conunique.com\/urun\/lampara-colgante-con-cable\/"},"modified":"2024-05-20T16:39:56","modified_gmt":"2024-05-20T13:39:56","slug":"lampara-colgante-con-cable","status":"publish","type":"product","link":"https:\/\/conunique.com\/es\/urun\/lampara-colgante-con-cable\/","title":{"rendered":"L\u00e1mpara colgante con cable"},"content":{"rendered":"\t\t<div data-elementor-type=\"product-post\" data-elementor-id=\"51514\" class=\"elementor elementor-51514 elementor-48742\" data-elementor-post-type=\"product\">\n\t\t\t\t\t\t<section class=\"elementor-section elementor-top-section elementor-element elementor-element-2d018b1 elementor-section-boxed elementor-section-height-default elementor-section-height-default\" data-id=\"2d018b1\" data-element_type=\"section\" data-e-type=\"section\">\n\t\t\t\t\t\t<div class=\"elementor-container elementor-column-gap-wide\">\n\t\t\t\t\t<div class=\"elementor-column elementor-col-50 elementor-top-column elementor-element elementor-element-0125e24\" data-id=\"0125e24\" data-element_type=\"column\" data-e-type=\"column\">\n\t\t\t<div class=\"elementor-widget-wrap elementor-element-populated\">\n\t\t\t\t\t\t<div class=\"elementor-element elementor-element-f657f41 elementor-widget elementor-widget-text-editor\" data-id=\"f657f41\" data-element_type=\"widget\" data-e-type=\"widget\" data-widget_type=\"text-editor.default\">\n\t\t\t\t<div class=\"elementor-widget-container\">\n\t\t\t\t\t\t\t\t\t<p>Presentamos nuestra cautivadora l\u00e1mpara de ara\u00f1a marroqu\u00ed. Elaborado a mano con precisi\u00f3n, combina tradici\u00f3n con elegancia moderna. Perfecta para cualquier espacio. Ilumina tu mundo con su fascinante belleza.<\/p>\n\t\t\t\t\t\t\t\t<\/div>\n\t\t\t\t<\/div>\n\t\t\t\t\t<\/div>\n\t\t<\/div>\n\t\t\t\t<div class=\"elementor-column elementor-col-50 elementor-top-column elementor-element elementor-element-929b4ac\" data-id=\"929b4ac\" data-element_type=\"column\" data-e-type=\"column\">\n\t\t\t<div class=\"elementor-widget-wrap elementor-element-populated\">\n\t\t\t\t\t\t<div class=\"elementor-element elementor-element-673d0e8 elementor-widget__width-initial elementor-widget elementor-widget-image\" data-id=\"673d0e8\" data-element_type=\"widget\" data-e-type=\"widget\" data-widget_type=\"image.default\">\n\t\t\t\t<div class=\"elementor-widget-container\">\n\t\t\t\t\t\t\t\t\t\t\t\t\t\t\t\t<a href=\"https:\/\/conunique.com\/wp-content\/uploads\/2024\/04\/RRtitled-1.jpg\" data-elementor-open-lightbox=\"yes\" data-elementor-lightbox-title=\"RRtitled-1\" data-e-action-hash=\"#elementor-action%3Aaction%3Dlightbox%26settings%3DeyJpZCI6NDg3MzksInVybCI6Imh0dHBzOlwvXC9jb251bmlxdWUuY29tXC93cC1jb250ZW50XC91cGxvYWRzXC8yMDI0XC8wNFwvUlJ0aXRsZWQtMS5qcGcifQ%3D%3D\">\n\t\t\t\t\t\t\t<img fetchpriority=\"high\" decoding=\"async\" width=\"900\" height=\"1200\" src=\"https:\/\/conunique.com\/wp-content\/uploads\/2024\/04\/RRtitled-1.jpg\" class=\"attachment-full size-full wp-image-48739\" alt=\"\" srcset=\"https:\/\/conunique.com\/wp-content\/uploads\/2024\/04\/RRtitled-1.jpg 900w, https:\/\/conunique.com\/wp-content\/uploads\/2024\/04\/RRtitled-1-225x300.jpg 225w, https:\/\/conunique.com\/wp-content\/uploads\/2024\/04\/RRtitled-1-768x1024.jpg 768w, https:\/\/conunique.com\/wp-content\/uploads\/2024\/04\/RRtitled-1-600x800.jpg 600w\" sizes=\"(max-width: 900px) 100vw, 900px\" \/>\t\t\t\t\t\t\t\t<\/a>\n\t\t\t\t\t\t\t\t\t\t\t\t\t\t\t<\/div>\n\t\t\t\t<\/div>\n\t\t\t\t<div class=\"elementor-element elementor-element-4924577 elementor-widget__width-initial elementor-widget elementor-widget-image\" data-id=\"4924577\" data-element_type=\"widget\" data-e-type=\"widget\" data-widget_type=\"image.default\">\n\t\t\t\t<div class=\"elementor-widget-container\">\n\t\t\t\t\t\t\t\t\t\t\t\t\t\t\t\t<a href=\"https:\/\/conunique.com\/wp-content\/uploads\/2024\/04\/1titled-1.jpg\" data-elementor-open-lightbox=\"yes\" data-elementor-lightbox-title=\"1titled-1\" data-e-action-hash=\"#elementor-action%3Aaction%3Dlightbox%26settings%3DeyJpZCI6NDg3NDEsInVybCI6Imh0dHBzOlwvXC9jb251bmlxdWUuY29tXC93cC1jb250ZW50XC91cGxvYWRzXC8yMDI0XC8wNFwvMXRpdGxlZC0xLmpwZyJ9\">\n\t\t\t\t\t\t\t<img decoding=\"async\" width=\"900\" height=\"1200\" src=\"https:\/\/conunique.com\/wp-content\/uploads\/2024\/04\/1titled-1.jpg\" class=\"attachment-full size-full wp-image-48741\" alt=\"\" srcset=\"https:\/\/conunique.com\/wp-content\/uploads\/2024\/04\/1titled-1.jpg 900w, https:\/\/conunique.com\/wp-content\/uploads\/2024\/04\/1titled-1-225x300.jpg 225w, https:\/\/conunique.com\/wp-content\/uploads\/2024\/04\/1titled-1-768x1024.jpg 768w, https:\/\/conunique.com\/wp-content\/uploads\/2024\/04\/1titled-1-600x800.jpg 600w\" sizes=\"(max-width: 900px) 100vw, 900px\" \/>\t\t\t\t\t\t\t\t<\/a>\n\t\t\t\t\t\t\t\t\t\t\t\t\t\t\t<\/div>\n\t\t\t\t<\/div>\n\t\t\t\t\t<\/div>\n\t\t<\/div>\n\t\t\t\t\t<\/div>\n\t\t<\/section>\n\t\t\t\t<\/div>\n\t\t","protected":false},"excerpt":{"rendered":"<p>\u00abPresentamos nuestra exquisita l\u00e1mpara de ara\u00f1a tallada hueca marroqu\u00ed. Fabricada a mano a la perfecci\u00f3n, combina el arte tradicional con la elegancia moderna. Eleva cualquier espacio con su dise\u00f1o cautivador y su lujoso acabado en bronce. Perfecto para restaurantes, cafeter\u00edas, hoteles y dormitorios, a\u00f1ade un toque de sofisticaci\u00f3n y misterio. Ilumina tu mundo con su fascinante belleza y crea un refugio de estilo y lujo\u00bb.<\/p>\n<ul>\n<li><strong>100% ecol\u00f3gico<\/strong><\/li>\n<li><strong>Hecho a mano y cobre.<\/strong><\/li>\n<\/ul>\n","protected":false},"featured_media":51515,"comment_status":"open","ping_status":"closed","template":"","meta":[],"product_brand":[],"product_cat":[475,458],"product_tag":[489],"class_list":{"0":"post-51514","1":"product","2":"type-product","3":"status-publish","4":"has-post-thumbnail","6":"product_cat-luces-de-pared","7":"product_cat-moderno","8":"product_tag-cobre","10":"first","11":"instock","12":"shipping-taxable","13":"product-type-simple"},"_links":{"self":[{"href":"https:\/\/conunique.com\/es\/wp-json\/wp\/v2\/product\/51514","targetHints":{"allow":["GET"]}}],"collection":[{"href":"https:\/\/conunique.com\/es\/wp-json\/wp\/v2\/product"}],"about":[{"href":"https:\/\/conunique.com\/es\/wp-json\/wp\/v2\/types\/product"}],"replies":[{"embeddable":true,"href":"https:\/\/conunique.com\/es\/wp-json\/wp\/v2\/comments?post=51514"}],"version-history":[{"count":1,"href":"https:\/\/conunique.com\/es\/wp-json\/wp\/v2\/product\/51514\/revisions"}],"predecessor-version":[{"id":51516,"href":"https:\/\/conunique.com\/es\/wp-json\/wp\/v2\/product\/51514\/revisions\/51516"}],"wp:featuredmedia":[{"embeddable":true,"href":"https:\/\/conunique.com\/es\/wp-json\/wp\/v2\/media\/51515"}],"wp:attachment":[{"href":"https:\/\/conunique.com\/es\/wp-json\/wp\/v2\/media?parent=51514"}],"wp:term":[{"taxonomy":"product_brand","embeddable":true,"href":"https:\/\/conunique.com\/es\/wp-json\/wp\/v2\/product_brand?post=51514"},{"taxonomy":"product_cat","embeddable":true,"href":"https:\/\/conunique.com\/es\/wp-json\/wp\/v2\/product_cat?post=51514"},{"taxonomy":"product_tag","embeddable":true,"href":"https:\/\/conunique.com\/es\/wp-json\/wp\/v2\/product_tag?post=51514"}],"curies":[{"name":"wp","href":"https:\/\/api.w.org\/{rel}","templated":true}]}}