{"id":51464,"date":"2024-04-16T12:45:44","date_gmt":"2024-04-16T09:45:44","guid":{"rendered":"https:\/\/conunique.com\/urun\/aplique-pequeno-con-joyas-lloyd\/"},"modified":"2024-05-20T16:05:43","modified_gmt":"2024-05-20T13:05:43","slug":"aplique-pequeno-con-joyas-lloyd","status":"publish","type":"product","link":"https:\/\/conunique.com\/es\/urun\/aplique-pequeno-con-joyas-lloyd\/","title":{"rendered":"Aplique peque\u00f1o con joyas Lloyd"},"content":{"rendered":"\t\t<div data-elementor-type=\"product-post\" data-elementor-id=\"51464\" class=\"elementor elementor-51464 elementor-48190\" data-elementor-post-type=\"product\">\n\t\t\t\t\t\t<section class=\"elementor-section elementor-top-section elementor-element elementor-element-38c7ec9 elementor-section-boxed elementor-section-height-default elementor-section-height-default\" data-id=\"38c7ec9\" data-element_type=\"section\" data-e-type=\"section\">\n\t\t\t\t\t\t<div class=\"elementor-container elementor-column-gap-wide\">\n\t\t\t\t\t<div class=\"elementor-column elementor-col-50 elementor-top-column elementor-element elementor-element-5522df5\" data-id=\"5522df5\" data-element_type=\"column\" data-e-type=\"column\">\n\t\t\t<div class=\"elementor-widget-wrap elementor-element-populated\">\n\t\t\t\t\t\t<div class=\"elementor-element elementor-element-9bfb95e elementor-widget elementor-widget-text-editor\" data-id=\"9bfb95e\" data-element_type=\"widget\" data-e-type=\"widget\" data-widget_type=\"text-editor.default\">\n\t\t\t\t<div class=\"elementor-widget-container\">\n\t\t\t\t\t\t\t\t\t<p>Ilumine su espacio con nuestro aplique peque\u00f1o con joyas Lloyd. Elegante, eficiente y con estilo, es la combinaci\u00f3n perfecta de forma y funci\u00f3n.<\/p>\n\t\t\t\t\t\t\t\t<\/div>\n\t\t\t\t<\/div>\n\t\t\t\t<div class=\"elementor-element elementor-element-6ebf5d4 elementor-widget elementor-widget-spacer\" data-id=\"6ebf5d4\" data-element_type=\"widget\" data-e-type=\"widget\" data-widget_type=\"spacer.default\">\n\t\t\t\t<div class=\"elementor-widget-container\">\n\t\t\t\t\t\t\t<div class=\"elementor-spacer\">\n\t\t\t<div class=\"elementor-spacer-inner\"><\/div>\n\t\t<\/div>\n\t\t\t\t\t\t<\/div>\n\t\t\t\t<\/div>\n\t\t\t\t<div class=\"elementor-element elementor-element-8803786 elementor-icon-list--layout-traditional elementor-list-item-link-full_width elementor-widget elementor-widget-icon-list\" data-id=\"8803786\" data-element_type=\"widget\" data-e-type=\"widget\" data-widget_type=\"icon-list.default\">\n\t\t\t\t<div class=\"elementor-widget-container\">\n\t\t\t\t\t\t\t<ul class=\"elementor-icon-list-items\">\n\t\t\t\t\t\t\t<li class=\"elementor-icon-list-item\">\n\t\t\t\t\t\t\t\t\t\t\t<span class=\"elementor-icon-list-icon\">\n\t\t\t\t\t\t\t<svg aria-hidden=\"true\" class=\"e-font-icon-svg e-fas-circle\" viewBox=\"0 0 512 512\" xmlns=\"http:\/\/www.w3.org\/2000\/svg\"><path d=\"M256 8C119 8 8 119 8 256s111 248 248 248 248-111 248-248S393 8 256 8z\"><\/path><\/svg>\t\t\t\t\t\t<\/span>\n\t\t\t\t\t\t\t\t\t\t<span class=\"elementor-icon-list-text\">Acabado: Lat\u00f3n suave<\/span>\n\t\t\t\t\t\t\t\t\t<\/li>\n\t\t\t\t\t\t\t\t<li class=\"elementor-icon-list-item\">\n\t\t\t\t\t\t\t\t\t\t\t<span class=\"elementor-icon-list-icon\">\n\t\t\t\t\t\t\t<svg aria-hidden=\"true\" class=\"e-font-icon-svg e-fas-circle\" viewBox=\"0 0 512 512\" xmlns=\"http:\/\/www.w3.org\/2000\/svg\"><path d=\"M256 8C119 8 8 119 8 256s111 248 248 248 248-111 248-248S393 8 256 8z\"><\/path><\/svg>\t\t\t\t\t\t<\/span>\n\t\t\t\t\t\t\t\t\t\t<span class=\"elementor-icon-list-text\">Material: cobre y alabastro<\/span>\n\t\t\t\t\t\t\t\t\t<\/li>\n\t\t\t\t\t\t\t\t<li class=\"elementor-icon-list-item\">\n\t\t\t\t\t\t\t\t\t\t\t<span class=\"elementor-icon-list-icon\">\n\t\t\t\t\t\t\t<svg aria-hidden=\"true\" class=\"e-font-icon-svg e-fas-circle\" viewBox=\"0 0 512 512\" xmlns=\"http:\/\/www.w3.org\/2000\/svg\"><path d=\"M256 8C119 8 8 119 8 256s111 248 248 248 248-111 248-248S393 8 256 8z\"><\/path><\/svg>\t\t\t\t\t\t<\/span>\n\t\t\t\t\t\t\t\t\t\t<span class=\"elementor-icon-list-text\">Potencia m\u00e1xima: 40 W<\/span>\n\t\t\t\t\t\t\t\t\t<\/li>\n\t\t\t\t\t\t<\/ul>\n\t\t\t\t\t\t<\/div>\n\t\t\t\t<\/div>\n\t\t\t\t\t<\/div>\n\t\t<\/div>\n\t\t\t\t<div class=\"elementor-column elementor-col-50 elementor-top-column elementor-element elementor-element-526e2ab\" data-id=\"526e2ab\" data-element_type=\"column\" data-e-type=\"column\">\n\t\t\t<div class=\"elementor-widget-wrap elementor-element-populated\">\n\t\t\t\t\t\t<div class=\"elementor-element elementor-element-4450b2f elementor-widget elementor-widget-image\" data-id=\"4450b2f\" data-element_type=\"widget\" data-e-type=\"widget\" data-widget_type=\"image.default\">\n\t\t\t\t<div class=\"elementor-widget-container\">\n\t\t\t\t\t\t\t\t\t\t\t\t\t\t\t<img fetchpriority=\"high\" decoding=\"async\" width=\"225\" height=\"300\" src=\"https:\/\/conunique.com\/wp-content\/uploads\/2024\/04\/waaaalUntitled-1-225x300.jpg\" class=\"attachment-medium size-medium wp-image-51465\" alt=\"\" srcset=\"https:\/\/conunique.com\/wp-content\/uploads\/2024\/04\/waaaalUntitled-1-225x300.jpg 225w, https:\/\/conunique.com\/wp-content\/uploads\/2024\/04\/waaaalUntitled-1-768x1024.jpg 768w, https:\/\/conunique.com\/wp-content\/uploads\/2024\/04\/waaaalUntitled-1-600x800.jpg 600w, https:\/\/conunique.com\/wp-content\/uploads\/2024\/04\/waaaalUntitled-1.jpg 900w\" sizes=\"(max-width: 225px) 100vw, 225px\" \/>\t\t\t\t\t\t\t\t\t\t\t\t\t\t\t<\/div>\n\t\t\t\t<\/div>\n\t\t\t\t\t<\/div>\n\t\t<\/div>\n\t\t\t\t\t<\/div>\n\t\t<\/section>\n\t\t\t\t<\/div>\n\t\t","protected":false},"excerpt":{"rendered":"<p>Presentamos el aplique peque\u00f1o con joyas Lloyd en lat\u00f3n suave y alabastro, un toque femenino y de ensue\u00f1o para cualquier espacio. Ilumine su tocador, su rinc\u00f3n de lectura, su guarder\u00eda y m\u00e1s con su elegante encanto. \u00a1Una adici\u00f3n favorita a nuestra colecci\u00f3n!<\/p>\n","protected":false},"featured_media":51466,"comment_status":"open","ping_status":"closed","template":"","meta":[],"product_brand":[],"product_cat":[475,458],"product_tag":[482,492,481,494,493],"class_list":{"0":"post-51464","1":"product","2":"type-product","3":"status-publish","4":"has-post-thumbnail","6":"product_cat-luces-de-pared","7":"product_cat-moderno","8":"product_tag-acero-inoxidable","9":"product_tag-alabastro","10":"product_tag-condujo","11":"product_tag-muro","12":"product_tag-pequena","14":"first","15":"instock","16":"featured","17":"shipping-taxable","18":"product-type-simple"},"_links":{"self":[{"href":"https:\/\/conunique.com\/es\/wp-json\/wp\/v2\/product\/51464","targetHints":{"allow":["GET"]}}],"collection":[{"href":"https:\/\/conunique.com\/es\/wp-json\/wp\/v2\/product"}],"about":[{"href":"https:\/\/conunique.com\/es\/wp-json\/wp\/v2\/types\/product"}],"replies":[{"embeddable":true,"href":"https:\/\/conunique.com\/es\/wp-json\/wp\/v2\/comments?post=51464"}],"version-history":[{"count":1,"href":"https:\/\/conunique.com\/es\/wp-json\/wp\/v2\/product\/51464\/revisions"}],"predecessor-version":[{"id":51469,"href":"https:\/\/conunique.com\/es\/wp-json\/wp\/v2\/product\/51464\/revisions\/51469"}],"wp:featuredmedia":[{"embeddable":true,"href":"https:\/\/conunique.com\/es\/wp-json\/wp\/v2\/media\/51466"}],"wp:attachment":[{"href":"https:\/\/conunique.com\/es\/wp-json\/wp\/v2\/media?parent=51464"}],"wp:term":[{"taxonomy":"product_brand","embeddable":true,"href":"https:\/\/conunique.com\/es\/wp-json\/wp\/v2\/product_brand?post=51464"},{"taxonomy":"product_cat","embeddable":true,"href":"https:\/\/conunique.com\/es\/wp-json\/wp\/v2\/product_cat?post=51464"},{"taxonomy":"product_tag","embeddable":true,"href":"https:\/\/conunique.com\/es\/wp-json\/wp\/v2\/product_tag?post=51464"}],"curies":[{"name":"wp","href":"https:\/\/api.w.org\/{rel}","templated":true}]}}