{"id":51333,"date":"2024-05-02T11:13:12","date_gmt":"2024-05-02T08:13:12","guid":{"rendered":"https:\/\/conunique.com\/urun\/lampara-de-pie-negra\/"},"modified":"2024-05-20T14:31:09","modified_gmt":"2024-05-20T11:31:09","slug":"lampara-de-pie-negra","status":"publish","type":"product","link":"https:\/\/conunique.com\/es\/urun\/lampara-de-pie-negra\/","title":{"rendered":"L\u00e1mpara de pie negra"},"content":{"rendered":"\t\t<div data-elementor-type=\"product-post\" data-elementor-id=\"51333\" class=\"elementor elementor-51333 elementor-49171\" data-elementor-post-type=\"product\">\n\t\t\t\t\t\t<section class=\"elementor-section elementor-top-section elementor-element elementor-element-2d018b1 elementor-section-boxed elementor-section-height-default elementor-section-height-default\" data-id=\"2d018b1\" data-element_type=\"section\" data-e-type=\"section\">\n\t\t\t\t\t\t<div class=\"elementor-container elementor-column-gap-wide\">\n\t\t\t\t\t<div class=\"elementor-column elementor-col-50 elementor-top-column elementor-element elementor-element-0125e24\" data-id=\"0125e24\" data-element_type=\"column\" data-e-type=\"column\">\n\t\t\t<div class=\"elementor-widget-wrap elementor-element-populated\">\n\t\t\t\t\t\t<div class=\"elementor-element elementor-element-f657f41 elementor-widget elementor-widget-text-editor\" data-id=\"f657f41\" data-element_type=\"widget\" data-e-type=\"widget\" data-widget_type=\"text-editor.default\">\n\t\t\t\t<div class=\"elementor-widget-container\">\n\t\t\t\t\t\t\t\t\t<p>La moderna pared dorada, elaborada en aluminio y vidrio, irradia elegancia y lujo. El marco de aluminio dorado y el cristal transparente se combinan para crear un dise\u00f1o sofisticado que realza cualquier espacio interior.<\/p>\n\t\t\t\t\t\t\t\t<\/div>\n\t\t\t\t<\/div>\n\t\t\t\t\t<\/div>\n\t\t<\/div>\n\t\t\t\t<div class=\"elementor-column elementor-col-50 elementor-top-column elementor-element elementor-element-929b4ac\" data-id=\"929b4ac\" data-element_type=\"column\" data-e-type=\"column\">\n\t\t\t<div class=\"elementor-widget-wrap elementor-element-populated\">\n\t\t\t\t\t\t<div class=\"elementor-element elementor-element-673d0e8 elementor-widget__width-initial elementor-widget elementor-widget-image\" data-id=\"673d0e8\" data-element_type=\"widget\" data-e-type=\"widget\" data-widget_type=\"image.default\">\n\t\t\t\t<div class=\"elementor-widget-container\">\n\t\t\t\t\t\t\t\t\t\t\t\t\t\t\t\t<a href=\"https:\/\/conunique.com\/wp-content\/uploads\/2024\/05\/Lamp-Black.jpg\" data-elementor-open-lightbox=\"yes\" data-elementor-lightbox-title=\"Lamp Black\" data-e-action-hash=\"#elementor-action%3Aaction%3Dlightbox%26settings%3DeyJpZCI6NTEzMzQsInVybCI6Imh0dHBzOlwvXC9jb251bmlxdWUuY29tXC93cC1jb250ZW50XC91cGxvYWRzXC8yMDI0XC8wNVwvTGFtcC1CbGFjay5qcGcifQ%3D%3D\">\n\t\t\t\t\t\t\t<img fetchpriority=\"high\" decoding=\"async\" width=\"900\" height=\"1200\" src=\"https:\/\/conunique.com\/wp-content\/uploads\/2024\/05\/Lamp-Black.jpg\" class=\"attachment-full size-full wp-image-51334\" alt=\"\" srcset=\"https:\/\/conunique.com\/wp-content\/uploads\/2024\/05\/Lamp-Black.jpg 900w, https:\/\/conunique.com\/wp-content\/uploads\/2024\/05\/Lamp-Black-225x300.jpg 225w, https:\/\/conunique.com\/wp-content\/uploads\/2024\/05\/Lamp-Black-768x1024.jpg 768w, https:\/\/conunique.com\/wp-content\/uploads\/2024\/05\/Lamp-Black-600x800.jpg 600w\" sizes=\"(max-width: 900px) 100vw, 900px\" \/>\t\t\t\t\t\t\t\t<\/a>\n\t\t\t\t\t\t\t\t\t\t\t\t\t\t\t<\/div>\n\t\t\t\t<\/div>\n\t\t\t\t<div class=\"elementor-element elementor-element-4924577 elementor-widget__width-initial elementor-widget elementor-widget-image\" data-id=\"4924577\" data-element_type=\"widget\" data-e-type=\"widget\" data-widget_type=\"image.default\">\n\t\t\t\t<div class=\"elementor-widget-container\">\n\t\t\t\t\t\t\t\t\t\t\t\t\t\t\t\t<a href=\"https:\/\/conunique.com\/wp-content\/uploads\/2024\/05\/Lamp-Black-1.jpg\" data-elementor-open-lightbox=\"yes\" data-elementor-lightbox-title=\"Lamp Black 1\" data-e-action-hash=\"#elementor-action%3Aaction%3Dlightbox%26settings%3DeyJpZCI6NTEzMzUsInVybCI6Imh0dHBzOlwvXC9jb251bmlxdWUuY29tXC93cC1jb250ZW50XC91cGxvYWRzXC8yMDI0XC8wNVwvTGFtcC1CbGFjay0xLmpwZyJ9\">\n\t\t\t\t\t\t\t<img decoding=\"async\" width=\"900\" height=\"1200\" src=\"https:\/\/conunique.com\/wp-content\/uploads\/2024\/05\/Lamp-Black-1.jpg\" class=\"attachment-full size-full wp-image-51335\" alt=\"\" srcset=\"https:\/\/conunique.com\/wp-content\/uploads\/2024\/05\/Lamp-Black-1.jpg 900w, https:\/\/conunique.com\/wp-content\/uploads\/2024\/05\/Lamp-Black-1-225x300.jpg 225w, https:\/\/conunique.com\/wp-content\/uploads\/2024\/05\/Lamp-Black-1-768x1024.jpg 768w, https:\/\/conunique.com\/wp-content\/uploads\/2024\/05\/Lamp-Black-1-600x800.jpg 600w\" sizes=\"(max-width: 900px) 100vw, 900px\" \/>\t\t\t\t\t\t\t\t<\/a>\n\t\t\t\t\t\t\t\t\t\t\t\t\t\t\t<\/div>\n\t\t\t\t<\/div>\n\t\t\t\t\t<\/div>\n\t\t<\/div>\n\t\t\t\t\t<\/div>\n\t\t<\/section>\n\t\t\t\t<\/div>\n\t\t","protected":false},"excerpt":{"rendered":"<p>Descubra la l\u00e1mpara de pie de mesa Tray extra grande, disponible en elegantes acabados en negro mate o n\u00edquel satinado con una cl\u00e1sica pantalla de tela blanca. Eleve su espacio con estilo y funcionalidad, eligiendo la opci\u00f3n perfecta que se adapte a sus preferencias de decoraci\u00f3n.<\/p>\n<ul>\n<li><strong>Lat\u00f3n, Vidrio<\/strong><\/li>\n<li><strong>hecho a mano<\/strong><\/li>\n<\/ul>\n<p>&nbsp;<\/p>\n","protected":false},"featured_media":51334,"comment_status":"open","ping_status":"closed","template":"","meta":[],"product_brand":[],"product_cat":[464,458],"product_tag":[481,439,476,467],"class_list":{"0":"post-51333","1":"product","2":"type-product","3":"status-publish","4":"has-post-thumbnail","6":"product_cat-luces-de-suelo-es","7":"product_cat-moderno","8":"product_tag-condujo","9":"product_tag-hecha-a-mano","10":"product_tag-laton","11":"product_tag-vaso","12":"pa_color-antigua-es","13":"pa_color-oro-es","14":"pa_color-plata","15":"pa_material-metal-es","17":"first","18":"instock","19":"shipping-taxable","20":"product-type-simple"},"_links":{"self":[{"href":"https:\/\/conunique.com\/es\/wp-json\/wp\/v2\/product\/51333","targetHints":{"allow":["GET"]}}],"collection":[{"href":"https:\/\/conunique.com\/es\/wp-json\/wp\/v2\/product"}],"about":[{"href":"https:\/\/conunique.com\/es\/wp-json\/wp\/v2\/types\/product"}],"replies":[{"embeddable":true,"href":"https:\/\/conunique.com\/es\/wp-json\/wp\/v2\/comments?post=51333"}],"version-history":[{"count":1,"href":"https:\/\/conunique.com\/es\/wp-json\/wp\/v2\/product\/51333\/revisions"}],"predecessor-version":[{"id":51336,"href":"https:\/\/conunique.com\/es\/wp-json\/wp\/v2\/product\/51333\/revisions\/51336"}],"wp:featuredmedia":[{"embeddable":true,"href":"https:\/\/conunique.com\/es\/wp-json\/wp\/v2\/media\/51334"}],"wp:attachment":[{"href":"https:\/\/conunique.com\/es\/wp-json\/wp\/v2\/media?parent=51333"}],"wp:term":[{"taxonomy":"product_brand","embeddable":true,"href":"https:\/\/conunique.com\/es\/wp-json\/wp\/v2\/product_brand?post=51333"},{"taxonomy":"product_cat","embeddable":true,"href":"https:\/\/conunique.com\/es\/wp-json\/wp\/v2\/product_cat?post=51333"},{"taxonomy":"product_tag","embeddable":true,"href":"https:\/\/conunique.com\/es\/wp-json\/wp\/v2\/product_tag?post=51333"}],"curies":[{"name":"wp","href":"https:\/\/api.w.org\/{rel}","templated":true}]}}